{"id":13879,"date":"2023-10-25T11:46:39","date_gmt":"2023-10-25T10:46:39","guid":{"rendered":"https:\/\/baralivres.ma\/?post_type=product&#038;p=13879"},"modified":"2024-11-28T17:26:37","modified_gmt":"2024-11-28T16:26:37","slug":"madame-bovary","status":"publish","type":"product","link":"https:\/\/baralivres.ma\/?product=madame-bovary","title":{"rendered":"Madame Bovary"},"content":{"rendered":"<p>Depuis un si\u00e8cle et demi, Emma Bovary, une belle femme aux r\u00eaves romantiques, pleure et souffre dans de nombreuses villes et villages de France. Incapable de vivre et d&rsquo;aimer correctement, elle fantasme sa vie et ses amours. Sa beaut\u00e9, sensualit\u00e9 et audace sont entrav\u00e9es par une imagination d\u00e9brid\u00e9e, une passion pour les romans, un mari m\u00e9diocre et ignorant, et une obsession pour le luxe et des amants m\u00e9prisables. Pour donner vie \u00e0 ce portrait complexe de la nature humaine, Flaubert devient \u00e0 la fois pr\u00eatre et martyr de l&rsquo;art, du style, et de la beaut\u00e9. Cependant, derri\u00e8re la perfection de son chef-d&rsquo;\u0153uvre se cachent la crudit\u00e9, la violence et l&rsquo;\u00e9rotisme, comme dans un roman contemporain.<\/p>\n","protected":false},"excerpt":{"rendered":"<p>Emma Bovary, souffrant de r\u00eaves inassouvis, est le drame de la vie m\u00e9diocre et des amours tragiques.<\/p>\n","protected":false},"featured_media":13881,"comment_status":"open","ping_status":"closed","template":"","meta":{"inline_featured_image":false},"product_cat":[4097,4096],"product_tag":[],"class_list":{"0":"post-13879","1":"product","2":"type-product","3":"status-publish","4":"has-post-thumbnail","6":"product_cat-francais-les_romans_classique","7":"product_cat-les_romans_classique","8":"pa_auteurs-flaubert-gustave","10":"first","11":"instock","12":"shipping-taxable","13":"purchasable","14":"product-type-simple"},"_links":{"self":[{"href":"https:\/\/baralivres.ma\/index.php?rest_route=\/wp\/v2\/product\/13879","targetHints":{"allow":["GET"]}}],"collection":[{"href":"https:\/\/baralivres.ma\/index.php?rest_route=\/wp\/v2\/product"}],"about":[{"href":"https:\/\/baralivres.ma\/index.php?rest_route=\/wp\/v2\/types\/product"}],"replies":[{"embeddable":true,"href":"https:\/\/baralivres.ma\/index.php?rest_route=%2Fwp%2Fv2%2Fcomments&post=13879"}],"version-history":[{"count":1,"href":"https:\/\/baralivres.ma\/index.php?rest_route=\/wp\/v2\/product\/13879\/revisions"}],"predecessor-version":[{"id":13882,"href":"https:\/\/baralivres.ma\/index.php?rest_route=\/wp\/v2\/product\/13879\/revisions\/13882"}],"wp:featuredmedia":[{"embeddable":true,"href":"https:\/\/baralivres.ma\/index.php?rest_route=\/wp\/v2\/media\/13881"}],"wp:attachment":[{"href":"https:\/\/baralivres.ma\/index.php?rest_route=%2Fwp%2Fv2%2Fmedia&parent=13879"}],"wp:term":[{"taxonomy":"product_cat","embeddable":true,"href":"https:\/\/baralivres.ma\/index.php?rest_route=%2Fwp%2Fv2%2Fproduct_cat&post=13879"},{"taxonomy":"product_tag","embeddable":true,"href":"https:\/\/baralivres.ma\/index.php?rest_route=%2Fwp%2Fv2%2Fproduct_tag&post=13879"}],"curies":[{"name":"wp","href":"https:\/\/api.w.org\/{rel}","templated":true}]}}