{"id":13874,"date":"2023-10-25T11:40:02","date_gmt":"2023-10-25T10:40:02","guid":{"rendered":"https:\/\/baralivres.ma\/?post_type=product&#038;p=13874"},"modified":"2023-10-25T11:40:02","modified_gmt":"2023-10-25T10:40:02","slug":"gagner-nest-pas-jouer","status":"publish","type":"product","link":"https:\/\/baralivres.ma\/?product=gagner-nest-pas-jouer","title":{"rendered":"Gagner n&rsquo;est pas jouer"},"content":{"rendered":"<p>\u00ab\u00a0Jamais sous-estimer la perspicacit\u00e9 d&rsquo;un d\u00e9tective priv\u00e9 d\u00e9termin\u00e9&#8230;<\/p>\n<p>\u00c0 New York, un acte de violence impitoyable prend la vie d&rsquo;un homme \u00e2g\u00e9. \u00c0 ses c\u00f4t\u00e9s, une \u0153uvre d&rsquo;art pr\u00e9cieuse qui avait disparu depuis deux d\u00e9cennies, ainsi qu&rsquo;une valise portant les myst\u00e9rieuses initiales WHL III.<\/p>\n<p>Ces lettres cachent le nom complet de Windsor Horne Lockwood III, ou simplement \u00ab\u00a0Win\u00a0\u00bb : un d\u00e9tective priv\u00e9 avec des m\u00e9thodes bien particuli\u00e8res, descendant d&rsquo;une famille influente aux \u00c9tats-Unis.<\/p>\n<p>Quel est le lien entre ce meurtre \u00e9pouvantable et la famille Lockwood ? Alors que le FBI se d\u00e9bat pour comprendre, Win est convaincu que cette affaire est l&rsquo;occasion tant attendue de r\u00e9soudre le myst\u00e8re de l&rsquo;enl\u00e8vement de sa cousine survenu vingt ans plus t\u00f4t lors du vol de cette pr\u00e9cieuse toile. Il d\u00e9tient trois atouts que le FBI n&rsquo;a pas : une connexion personnelle avec l&rsquo;affaire, une immense fortune et un sens de la justice qui lui est propre&#8230;<\/p>\n","protected":false},"excerpt":{"rendered":"<p>Un d\u00e9tective priv\u00e9, Win, enqu\u00eate sur un meurtre li\u00e9 \u00e0 une toile vol\u00e9e, cherchant justice familiale.<\/p>\n","protected":false},"featured_media":13876,"comment_status":"open","ping_status":"closed","template":"","meta":{"inline_featured_image":false},"product_cat":[204,187],"product_tag":[],"class_list":{"0":"post-13874","1":"product","2":"type-product","3":"status-publish","4":"has-post-thumbnail","6":"product_cat-francais","7":"product_cat-thriller","8":"pa_auteurs-harlan-coben","10":"first","11":"instock","12":"shipping-taxable","13":"purchasable","14":"product-type-simple"},"_links":{"self":[{"href":"https:\/\/baralivres.ma\/index.php?rest_route=\/wp\/v2\/product\/13874","targetHints":{"allow":["GET"]}}],"collection":[{"href":"https:\/\/baralivres.ma\/index.php?rest_route=\/wp\/v2\/product"}],"about":[{"href":"https:\/\/baralivres.ma\/index.php?rest_route=\/wp\/v2\/types\/product"}],"replies":[{"embeddable":true,"href":"https:\/\/baralivres.ma\/index.php?rest_route=%2Fwp%2Fv2%2Fcomments&post=13874"}],"version-history":[{"count":1,"href":"https:\/\/baralivres.ma\/index.php?rest_route=\/wp\/v2\/product\/13874\/revisions"}],"predecessor-version":[{"id":13878,"href":"https:\/\/baralivres.ma\/index.php?rest_route=\/wp\/v2\/product\/13874\/revisions\/13878"}],"wp:featuredmedia":[{"embeddable":true,"href":"https:\/\/baralivres.ma\/index.php?rest_route=\/wp\/v2\/media\/13876"}],"wp:attachment":[{"href":"https:\/\/baralivres.ma\/index.php?rest_route=%2Fwp%2Fv2%2Fmedia&parent=13874"}],"wp:term":[{"taxonomy":"product_cat","embeddable":true,"href":"https:\/\/baralivres.ma\/index.php?rest_route=%2Fwp%2Fv2%2Fproduct_cat&post=13874"},{"taxonomy":"product_tag","embeddable":true,"href":"https:\/\/baralivres.ma\/index.php?rest_route=%2Fwp%2Fv2%2Fproduct_tag&post=13874"}],"curies":[{"name":"wp","href":"https:\/\/api.w.org\/{rel}","templated":true}]}}