{"id":13872,"date":"2023-10-25T11:38:33","date_gmt":"2023-10-25T10:38:33","guid":{"rendered":"https:\/\/baralivres.ma\/?post_type=product&#038;p=13872"},"modified":"2024-11-28T17:26:58","modified_gmt":"2024-11-28T16:26:58","slug":"trois-contes","status":"publish","type":"product","link":"https:\/\/baralivres.ma\/?product=trois-contes","title":{"rendered":"TROIS CONTES"},"content":{"rendered":"<p>Vers 1875, Flaubert, \u00e9puis\u00e9 par ses revers, entreprend une trilogie de courts r\u00e9cits : \u00ab\u00a0C\u0153ur simple\u00a0\u00bb, l&rsquo;histoire de F\u00e9licit\u00e9, servante marqu\u00e9e par l&rsquo;esclavage domestique, \u00ab\u00a0H\u00e9rodias\u00a0\u00bb et \u00ab\u00a0La L\u00e9gende de saint Julien l&rsquo;Hospitalier\u00a0\u00bb, relatant les exploits d&rsquo;un jeune seigneur criminel m\u00e9di\u00e9val, rappelant les vitraux de la cath\u00e9drale de Rouen de son enfance. Ces \u00ab\u00a0Trois contes\u00a0\u00bb sont sa cr\u00e9ation finale, fruit d&rsquo;une passion d\u00e9di\u00e9e \u00e0 l&rsquo;art et \u00e0 la beaut\u00e9.<\/p>\n","protected":false},"excerpt":{"rendered":"<p>Vers 1875, Flaubert \u00e9crit trois r\u00e9cits courts, dont \u00ab\u00a0C\u0153ur simple,\u00a0\u00bb exprimant son amour pour l&rsquo;art et la beaut\u00e9.<\/p>\n","protected":false},"featured_media":13875,"comment_status":"open","ping_status":"closed","template":"","meta":{"inline_featured_image":false},"product_cat":[4097,4096],"product_tag":[],"class_list":{"0":"post-13872","1":"product","2":"type-product","3":"status-publish","4":"has-post-thumbnail","6":"product_cat-francais-les_romans_classique","7":"product_cat-les_romans_classique","8":"pa_auteurs-flaubert-gustave","10":"first","11":"instock","12":"shipping-taxable","13":"purchasable","14":"product-type-simple"},"_links":{"self":[{"href":"https:\/\/baralivres.ma\/index.php?rest_route=\/wp\/v2\/product\/13872","targetHints":{"allow":["GET"]}}],"collection":[{"href":"https:\/\/baralivres.ma\/index.php?rest_route=\/wp\/v2\/product"}],"about":[{"href":"https:\/\/baralivres.ma\/index.php?rest_route=\/wp\/v2\/types\/product"}],"replies":[{"embeddable":true,"href":"https:\/\/baralivres.ma\/index.php?rest_route=%2Fwp%2Fv2%2Fcomments&post=13872"}],"version-history":[{"count":1,"href":"https:\/\/baralivres.ma\/index.php?rest_route=\/wp\/v2\/product\/13872\/revisions"}],"predecessor-version":[{"id":13877,"href":"https:\/\/baralivres.ma\/index.php?rest_route=\/wp\/v2\/product\/13872\/revisions\/13877"}],"wp:featuredmedia":[{"embeddable":true,"href":"https:\/\/baralivres.ma\/index.php?rest_route=\/wp\/v2\/media\/13875"}],"wp:attachment":[{"href":"https:\/\/baralivres.ma\/index.php?rest_route=%2Fwp%2Fv2%2Fmedia&parent=13872"}],"wp:term":[{"taxonomy":"product_cat","embeddable":true,"href":"https:\/\/baralivres.ma\/index.php?rest_route=%2Fwp%2Fv2%2Fproduct_cat&post=13872"},{"taxonomy":"product_tag","embeddable":true,"href":"https:\/\/baralivres.ma\/index.php?rest_route=%2Fwp%2Fv2%2Fproduct_tag&post=13872"}],"curies":[{"name":"wp","href":"https:\/\/api.w.org\/{rel}","templated":true}]}}