{"id":13868,"date":"2023-10-25T11:27:35","date_gmt":"2023-10-25T10:27:35","guid":{"rendered":"https:\/\/baralivres.ma\/?post_type=product&#038;p=13868"},"modified":"2024-11-28T17:27:27","modified_gmt":"2024-11-28T16:27:27","slug":"le-prophete","status":"publish","type":"product","link":"https:\/\/baralivres.ma\/?product=le-prophete","title":{"rendered":"Le Proph\u00e8te"},"content":{"rendered":"<p>une \u00e9dition sp\u00e9ciale d&rsquo;un classique de la litt\u00e9rature libanaise. Apr\u00e8s douze ans d&rsquo;exil, Almustafa, le protagoniste, est pr\u00eat \u00e0 retourner sur son \u00eele natale. Cependant, il a l&rsquo;intention de partager sa profonde sagesse avec le peuple d&rsquo;Orphal\u00e8se avant son d\u00e9part. En tant que chercheur d&rsquo;absolu, il se transforme en po\u00e8te et proph\u00e8te, offrant des enseignements sur l&rsquo;amour, le mariage, la libert\u00e9, le travail et la mort. Rien de ce qui touche l&rsquo;\u00e2me humaine ne lui est \u00e9tranger, car il comprend les secrets du vent et le c\u0153ur de Dieu. Rejoignons le peuple d&rsquo;Orphal\u00e8se et \u00e9coutons avec attention ses pr\u00e9cieux enseignements.<\/p>\n","protected":false},"excerpt":{"rendered":"<p>Classique libanais : Almustafa partage sa sagesse avec Orphal\u00e8se avant de quitter son \u00eele natale.<\/p>\n","protected":false},"featured_media":13869,"comment_status":"open","ping_status":"closed","template":"","meta":{"inline_featured_image":false},"product_cat":[4097,4096,3725],"product_tag":[],"class_list":{"0":"post-13868","1":"product","2":"type-product","3":"status-publish","4":"has-post-thumbnail","6":"product_cat-francais-les_romans_classique","7":"product_cat-les_romans_classique","8":"product_cat-litterature-religieuse","9":"pa_auteurs-gibran-khalil","11":"first","12":"instock","13":"shipping-taxable","14":"purchasable","15":"product-type-simple"},"_links":{"self":[{"href":"https:\/\/baralivres.ma\/index.php?rest_route=\/wp\/v2\/product\/13868","targetHints":{"allow":["GET"]}}],"collection":[{"href":"https:\/\/baralivres.ma\/index.php?rest_route=\/wp\/v2\/product"}],"about":[{"href":"https:\/\/baralivres.ma\/index.php?rest_route=\/wp\/v2\/types\/product"}],"replies":[{"embeddable":true,"href":"https:\/\/baralivres.ma\/index.php?rest_route=%2Fwp%2Fv2%2Fcomments&post=13868"}],"version-history":[{"count":1,"href":"https:\/\/baralivres.ma\/index.php?rest_route=\/wp\/v2\/product\/13868\/revisions"}],"predecessor-version":[{"id":13870,"href":"https:\/\/baralivres.ma\/index.php?rest_route=\/wp\/v2\/product\/13868\/revisions\/13870"}],"wp:featuredmedia":[{"embeddable":true,"href":"https:\/\/baralivres.ma\/index.php?rest_route=\/wp\/v2\/media\/13869"}],"wp:attachment":[{"href":"https:\/\/baralivres.ma\/index.php?rest_route=%2Fwp%2Fv2%2Fmedia&parent=13868"}],"wp:term":[{"taxonomy":"product_cat","embeddable":true,"href":"https:\/\/baralivres.ma\/index.php?rest_route=%2Fwp%2Fv2%2Fproduct_cat&post=13868"},{"taxonomy":"product_tag","embeddable":true,"href":"https:\/\/baralivres.ma\/index.php?rest_route=%2Fwp%2Fv2%2Fproduct_tag&post=13868"}],"curies":[{"name":"wp","href":"https:\/\/api.w.org\/{rel}","templated":true}]}}