{"id":13860,"date":"2023-10-25T11:30:11","date_gmt":"2023-10-25T10:30:11","guid":{"rendered":"https:\/\/baralivres.ma\/?post_type=product&#038;p=13860"},"modified":"2023-10-25T11:30:12","modified_gmt":"2023-10-25T10:30:12","slug":"innocent","status":"publish","type":"product","link":"https:\/\/baralivres.ma\/?product=innocent","title":{"rendered":"Innocent"},"content":{"rendered":"<p>Matt n&rsquo;\u00e9tait pas int\u00e9ress\u00e9 par les t\u00e9l\u00e9phones portables \u00e9quip\u00e9s de fonctions photo et vid\u00e9o, mais l&rsquo;enthousiasme d&rsquo;Olivia a finalement dissip\u00e9 ses r\u00e9serves. Elle voulait les utiliser pour capturer des moments du futur b\u00e9b\u00e9 qui allait bient\u00f4t arriver.<\/p>\n<p>Trois jours plus tard, Matt a re\u00e7u un message de son \u00e9pouse, qui \u00e9tait en voyage d&rsquo;affaires \u00e0 Boston. \u00c0 l&rsquo;\u00e9cran, il a d\u00e9couvert une vid\u00e9o de 15 secondes. On y voyait une chambre d&rsquo;h\u00f4tel avec une vue furtive. Un homme inconnu \u00e9tait \u00e9tendu sur le lit en compagnie d&rsquo;une femme. La vid\u00e9o lui a donn\u00e9 un coup au c\u0153ur. La femme en question, c&rsquo;\u00e9tait Olivia.<\/p>\n","protected":false},"excerpt":{"rendered":"<p>Olivia persuade Matt d&rsquo;adopter un smartphone pour filmer, mais trois jours plus tard, il d\u00e9couvre une trahison.<\/p>\n","protected":false},"featured_media":13871,"comment_status":"open","ping_status":"closed","template":"","meta":{"inline_featured_image":false},"product_cat":[204,187],"product_tag":[],"class_list":{"0":"post-13860","1":"product","2":"type-product","3":"status-publish","4":"has-post-thumbnail","6":"product_cat-francais","7":"product_cat-thriller","8":"pa_auteurs-harlan-coben","10":"first","11":"instock","12":"shipping-taxable","13":"purchasable","14":"product-type-simple"},"_links":{"self":[{"href":"https:\/\/baralivres.ma\/index.php?rest_route=\/wp\/v2\/product\/13860","targetHints":{"allow":["GET"]}}],"collection":[{"href":"https:\/\/baralivres.ma\/index.php?rest_route=\/wp\/v2\/product"}],"about":[{"href":"https:\/\/baralivres.ma\/index.php?rest_route=\/wp\/v2\/types\/product"}],"replies":[{"embeddable":true,"href":"https:\/\/baralivres.ma\/index.php?rest_route=%2Fwp%2Fv2%2Fcomments&post=13860"}],"version-history":[{"count":1,"href":"https:\/\/baralivres.ma\/index.php?rest_route=\/wp\/v2\/product\/13860\/revisions"}],"predecessor-version":[{"id":13873,"href":"https:\/\/baralivres.ma\/index.php?rest_route=\/wp\/v2\/product\/13860\/revisions\/13873"}],"wp:featuredmedia":[{"embeddable":true,"href":"https:\/\/baralivres.ma\/index.php?rest_route=\/wp\/v2\/media\/13871"}],"wp:attachment":[{"href":"https:\/\/baralivres.ma\/index.php?rest_route=%2Fwp%2Fv2%2Fmedia&parent=13860"}],"wp:term":[{"taxonomy":"product_cat","embeddable":true,"href":"https:\/\/baralivres.ma\/index.php?rest_route=%2Fwp%2Fv2%2Fproduct_cat&post=13860"},{"taxonomy":"product_tag","embeddable":true,"href":"https:\/\/baralivres.ma\/index.php?rest_route=%2Fwp%2Fv2%2Fproduct_tag&post=13860"}],"curies":[{"name":"wp","href":"https:\/\/api.w.org\/{rel}","templated":true}]}}