{"id":13853,"date":"2023-10-25T11:15:09","date_gmt":"2023-10-25T10:15:09","guid":{"rendered":"https:\/\/baralivres.ma\/?post_type=product&#038;p=13853"},"modified":"2024-11-28T17:28:25","modified_gmt":"2024-11-28T16:28:25","slug":"lingenu","status":"publish","type":"product","link":"https:\/\/baralivres.ma\/?product=lingenu","title":{"rendered":"L&rsquo;Ing\u00e9nu"},"content":{"rendered":"<p>\u00ab\u00a0J&rsquo;ai toujours \u00e9t\u00e9 surnomm\u00e9 l&rsquo;Ing\u00e9nu parce que je m&rsquo;exprime avec une honn\u00eate franchise et agis selon mon gr\u00e9.\u00a0\u00bb<\/p>\n<p>Un jeune homme d&rsquo;origine canadienne d\u00e9barque en France avec une nature vagabonde. Son bon sens et son honn\u00eatet\u00e9 suscitent l&rsquo;admiration, et il est miraculeusement reconnu comme Breton. Il se convertit et est baptis\u00e9, mais les quiproquos ne font que commencer.<\/p>\n<p>Tout en France \u00e9tonne cet individu soi-disant sauvage : nos coutumes, notre culture, nos id\u00e9es. Voltaire choisit de r\u00e9v\u00e9ler nos absurdit\u00e9s et nos vices, tout en d\u00e9non\u00e7ant l&rsquo;obscurantisme et l&rsquo;oppression, en adoptant le point de vue d&rsquo;un observateur \u00e0 la fois na\u00eff et perspicace. C&rsquo;est ainsi qu&rsquo;il insuffle un humour perp\u00e9tuel, un style enchanteur, et une gaiet\u00e9 \u00e9clatante \u00e0 son \u0153uvre.<\/p>\n","protected":false},"excerpt":{"rendered":"<div class=\"group final-completion w-full text-token-text-primary border-b border-black\/10 gizmo:border-0 dark:border-gray-900\/50 gizmo:dark:border-0 bg-gray-50 gizmo:bg-transparent dark:bg-[#444654] gizmo:dark:bg-transparent\" data-testid=\"conversation-turn-25\">\n<div class=\"p-4 gizmo:py-2 justify-center text-base md:gap-6 md:py-6 m-auto\">\n<div class=\"flex flex-1 gap-4 text-base mx-auto md:gap-6 gizmo:gap-3 gizmo:md:px-5 gizmo:lg:px-1 gizmo:xl:px-5 md:max-w-2xl lg:max-w-[38rem] gizmo:md:max-w-3xl gizmo:lg:max-w-[40rem] gizmo:xl:max-w-[48rem] xl:max-w-3xl }\">\n<div class=\"relative flex w-[calc(100%-50px)] flex-col gizmo:w-full lg:w-[calc(100%-115px)] agent-turn\">\n<div class=\"flex-col gap-1 md:gap-3\">\n<div class=\"flex flex-grow flex-col gap-3 max-w-full\">\n<div class=\"min-h-[20px] flex flex-col items-start gap-3 whitespace-pre-wrap break-words overflow-x-auto\">\n<div class=\"markdown prose w-full break-words dark:prose-invert light\">\n<p>Jeune canadien nomm\u00e9 l&rsquo;Ing\u00e9nu arrive en France, d\u00e9couvre les absurdit\u00e9s, d\u00e9nonce l&rsquo;obscurantisme, adopte un regard perspicace.<\/p>\n<\/div>\n<\/div>\n<\/div>\n<div class=\"flex justify-between empty:hidden gizmo:justify-start gizmo:gap-3 lg:block gizmo:lg:flex\">\n<div class=\"text-gray-400 flex self-end lg:self-center justify-center gizmo:lg:justify-start mt-2 gizmo:mt-0 visible lg:gap-1 lg:absolute lg:top-0 lg:translate-x-full lg:right-0 lg:mt-0 lg:pl-2 gap-2 md:gap-3\">\n<p>&nbsp;<\/p>\n<div class=\"flex gap-1 gizmo:gap-3\"><\/div>\n<\/div>\n<\/div>\n<\/div>\n<\/div>\n<\/div>\n<\/div>\n<\/div>\n","protected":false},"featured_media":13861,"comment_status":"open","ping_status":"closed","template":"","meta":{"inline_featured_image":false},"product_cat":[4097,4096],"product_tag":[],"class_list":{"0":"post-13853","1":"product","2":"type-product","3":"status-publish","4":"has-post-thumbnail","6":"product_cat-francais-les_romans_classique","7":"product_cat-les_romans_classique","8":"pa_auteurs-voltaire","10":"first","11":"instock","12":"shipping-taxable","13":"purchasable","14":"product-type-simple"},"_links":{"self":[{"href":"https:\/\/baralivres.ma\/index.php?rest_route=\/wp\/v2\/product\/13853","targetHints":{"allow":["GET"]}}],"collection":[{"href":"https:\/\/baralivres.ma\/index.php?rest_route=\/wp\/v2\/product"}],"about":[{"href":"https:\/\/baralivres.ma\/index.php?rest_route=\/wp\/v2\/types\/product"}],"replies":[{"embeddable":true,"href":"https:\/\/baralivres.ma\/index.php?rest_route=%2Fwp%2Fv2%2Fcomments&post=13853"}],"version-history":[{"count":2,"href":"https:\/\/baralivres.ma\/index.php?rest_route=\/wp\/v2\/product\/13853\/revisions"}],"predecessor-version":[{"id":13863,"href":"https:\/\/baralivres.ma\/index.php?rest_route=\/wp\/v2\/product\/13853\/revisions\/13863"}],"wp:featuredmedia":[{"embeddable":true,"href":"https:\/\/baralivres.ma\/index.php?rest_route=\/wp\/v2\/media\/13861"}],"wp:attachment":[{"href":"https:\/\/baralivres.ma\/index.php?rest_route=%2Fwp%2Fv2%2Fmedia&parent=13853"}],"wp:term":[{"taxonomy":"product_cat","embeddable":true,"href":"https:\/\/baralivres.ma\/index.php?rest_route=%2Fwp%2Fv2%2Fproduct_cat&post=13853"},{"taxonomy":"product_tag","embeddable":true,"href":"https:\/\/baralivres.ma\/index.php?rest_route=%2Fwp%2Fv2%2Fproduct_tag&post=13853"}],"curies":[{"name":"wp","href":"https:\/\/api.w.org\/{rel}","templated":true}]}}