{"id":13848,"date":"2023-10-25T11:08:35","date_gmt":"2023-10-25T10:08:35","guid":{"rendered":"https:\/\/baralivres.ma\/?post_type=product&#038;p=13848"},"modified":"2024-11-28T17:28:50","modified_gmt":"2024-11-28T16:28:50","slug":"romeo-et-juliette","status":"publish","type":"product","link":"https:\/\/baralivres.ma\/?product=romeo-et-juliette","title":{"rendered":"Rom\u00e9o et Juliette"},"content":{"rendered":"<p>Dans une \u00e9poque du XVIIe si\u00e8cle, un destin funeste guette un couple d&rsquo;amoureux, n\u00e9s sous de mauvaises \u00e9toiles. La haine implacable de leurs familles nobles les voue \u00e0 un triste sort.<\/p>\n<p>Le drame de Rom\u00e9o et Juliette s&rsquo;est propag\u00e9 mondialement \u00e0 travers le ballet, l&rsquo;op\u00e9ra, la chanson et le cin\u00e9ma. La puret\u00e9 de Juliette et l&rsquo;ardeur de Rom\u00e9o les condamnent, tout autant que les querelles familiales. Leur s\u00e9paration est orchestr\u00e9e par le destin, un enchev\u00eatrement de hasards, d&rsquo;accidents et de malheurs.<\/p>\n<p>Gr\u00e2ce au g\u00e9nie po\u00e9tique de Shakespeare, Rom\u00e9o et Juliette symbolisent la trag\u00e9die de la jeunesse qui se rebelle par amour contre la conformit\u00e9 et la b\u00eatise du monde adulte.<\/p>\n","protected":false},"excerpt":{"rendered":"<div class=\"flex-1 overflow-hidden\">\n<div class=\"react-scroll-to-bottom--css-aybqf-79elbk h-full dark:bg-gray-800\">\n<div class=\"react-scroll-to-bottom--css-aybqf-1n7m0yu\">\n<div class=\"flex flex-col text-sm gizmo:pb-9 dark:bg-gray-800\">\n<div class=\"group final-completion w-full text-token-text-primary border-b border-black\/10 gizmo:border-0 dark:border-gray-900\/50 gizmo:dark:border-0 bg-gray-50 gizmo:bg-transparent dark:bg-[#444654] gizmo:dark:bg-transparent\" data-testid=\"conversation-turn-21\">\n<div class=\"p-4 gizmo:py-2 justify-center text-base md:gap-6 md:py-6 m-auto\">\n<div class=\"flex flex-1 gap-4 text-base mx-auto md:gap-6 gizmo:gap-3 gizmo:md:px-5 gizmo:lg:px-1 gizmo:xl:px-5 md:max-w-2xl lg:max-w-[38rem] gizmo:md:max-w-3xl gizmo:lg:max-w-[40rem] gizmo:xl:max-w-[48rem] xl:max-w-3xl }\">\n<div class=\"relative flex w-[calc(100%-50px)] flex-col gizmo:w-full lg:w-[calc(100%-115px)] agent-turn\">\n<div class=\"flex-col gap-1 md:gap-3\">\n<div class=\"flex flex-grow flex-col gap-3 max-w-full\">\n<div class=\"min-h-[20px] flex flex-col items-start gap-3 whitespace-pre-wrap break-words overflow-x-auto\">\n<div class=\"markdown prose w-full break-words dark:prose-invert light\">\n<p>Amour maudit du XVIIe si\u00e8cle, Rom\u00e9o et Juliette, victimes du destin et des rivalit\u00e9s familiales.<\/p>\n<\/div>\n<\/div>\n<\/div>\n<\/div>\n<\/div>\n<\/div>\n<\/div>\n<\/div>\n<\/div>\n<\/div>\n<\/div>\n<\/div>\n","protected":false},"featured_media":13851,"comment_status":"open","ping_status":"closed","template":"","meta":{"inline_featured_image":false},"product_cat":[4097,4096],"product_tag":[],"class_list":{"0":"post-13848","1":"product","2":"type-product","3":"status-publish","4":"has-post-thumbnail","6":"product_cat-francais-les_romans_classique","7":"product_cat-les_romans_classique","8":"pa_auteurs-shakespeare-william","10":"first","11":"instock","12":"shipping-taxable","13":"purchasable","14":"product-type-simple"},"_links":{"self":[{"href":"https:\/\/baralivres.ma\/index.php?rest_route=\/wp\/v2\/product\/13848","targetHints":{"allow":["GET"]}}],"collection":[{"href":"https:\/\/baralivres.ma\/index.php?rest_route=\/wp\/v2\/product"}],"about":[{"href":"https:\/\/baralivres.ma\/index.php?rest_route=\/wp\/v2\/types\/product"}],"replies":[{"embeddable":true,"href":"https:\/\/baralivres.ma\/index.php?rest_route=%2Fwp%2Fv2%2Fcomments&post=13848"}],"version-history":[{"count":1,"href":"https:\/\/baralivres.ma\/index.php?rest_route=\/wp\/v2\/product\/13848\/revisions"}],"predecessor-version":[{"id":13852,"href":"https:\/\/baralivres.ma\/index.php?rest_route=\/wp\/v2\/product\/13848\/revisions\/13852"}],"wp:featuredmedia":[{"embeddable":true,"href":"https:\/\/baralivres.ma\/index.php?rest_route=\/wp\/v2\/media\/13851"}],"wp:attachment":[{"href":"https:\/\/baralivres.ma\/index.php?rest_route=%2Fwp%2Fv2%2Fmedia&parent=13848"}],"wp:term":[{"taxonomy":"product_cat","embeddable":true,"href":"https:\/\/baralivres.ma\/index.php?rest_route=%2Fwp%2Fv2%2Fproduct_cat&post=13848"},{"taxonomy":"product_tag","embeddable":true,"href":"https:\/\/baralivres.ma\/index.php?rest_route=%2Fwp%2Fv2%2Fproduct_tag&post=13848"}],"curies":[{"name":"wp","href":"https:\/\/api.w.org\/{rel}","templated":true}]}}