{"id":13847,"date":"2023-10-25T11:10:57","date_gmt":"2023-10-25T10:10:57","guid":{"rendered":"https:\/\/baralivres.ma\/?post_type=product&#038;p=13847"},"modified":"2023-10-25T11:10:57","modified_gmt":"2023-10-25T10:10:57","slug":"maybe-someday","status":"publish","type":"product","link":"https:\/\/baralivres.ma\/?product=maybe-someday","title":{"rendered":"Maybe Someday"},"content":{"rendered":"<p>Sydney, 22 ans, m\u00e8ne une vie parfaite avec son petit ami Hunter, une carri\u00e8re prometteuse, et sa meilleure amie en colocation, jusqu&rsquo;\u00e0 ce qu&rsquo;elle d\u00e9couvre leur secret impardonnable. D\u00e9termin\u00e9e \u00e0 changer de vie, elle se rapproche de Ridge, son myst\u00e9rieux voisin musicien. Malgr\u00e9 le lien profond entre Ridge et une autre personne, une force silencieuse les pousse l&rsquo;un vers l&rsquo;autre. Ensemble, pourront-ils surmonter leurs cicatrices \u00e9motionnelles et suivre leur c\u0153ur ?<\/p>\n","protected":false},"excerpt":{"rendered":"<p>Sydney d\u00e9couvre un secret, s&rsquo;\u00e9loigne de son petit ami, se rapproche de son voisin musicien, Ridge.<\/p>\n","protected":false},"featured_media":13855,"comment_status":"open","ping_status":"closed","template":"","meta":{"inline_featured_image":false},"product_cat":[204,143,178],"product_tag":[],"class_list":{"0":"post-13847","1":"product","2":"type-product","3":"status-publish","4":"has-post-thumbnail","6":"product_cat-francais","7":"product_cat-roman","8":"product_cat-contemporain","9":"pa_auteurs-collen-hoover","11":"first","12":"instock","13":"shipping-taxable","14":"purchasable","15":"product-type-simple"},"_links":{"self":[{"href":"https:\/\/baralivres.ma\/index.php?rest_route=\/wp\/v2\/product\/13847","targetHints":{"allow":["GET"]}}],"collection":[{"href":"https:\/\/baralivres.ma\/index.php?rest_route=\/wp\/v2\/product"}],"about":[{"href":"https:\/\/baralivres.ma\/index.php?rest_route=\/wp\/v2\/types\/product"}],"replies":[{"embeddable":true,"href":"https:\/\/baralivres.ma\/index.php?rest_route=%2Fwp%2Fv2%2Fcomments&post=13847"}],"version-history":[{"count":1,"href":"https:\/\/baralivres.ma\/index.php?rest_route=\/wp\/v2\/product\/13847\/revisions"}],"predecessor-version":[{"id":13856,"href":"https:\/\/baralivres.ma\/index.php?rest_route=\/wp\/v2\/product\/13847\/revisions\/13856"}],"wp:featuredmedia":[{"embeddable":true,"href":"https:\/\/baralivres.ma\/index.php?rest_route=\/wp\/v2\/media\/13855"}],"wp:attachment":[{"href":"https:\/\/baralivres.ma\/index.php?rest_route=%2Fwp%2Fv2%2Fmedia&parent=13847"}],"wp:term":[{"taxonomy":"product_cat","embeddable":true,"href":"https:\/\/baralivres.ma\/index.php?rest_route=%2Fwp%2Fv2%2Fproduct_cat&post=13847"},{"taxonomy":"product_tag","embeddable":true,"href":"https:\/\/baralivres.ma\/index.php?rest_route=%2Fwp%2Fv2%2Fproduct_tag&post=13847"}],"curies":[{"name":"wp","href":"https:\/\/api.w.org\/{rel}","templated":true}]}}