{"id":13846,"date":"2023-10-25T11:07:28","date_gmt":"2023-10-25T10:07:28","guid":{"rendered":"https:\/\/baralivres.ma\/?post_type=product&#038;p=13846"},"modified":"2023-10-25T11:07:28","modified_gmt":"2023-10-25T10:07:28","slug":"linstant-present","status":"publish","type":"product","link":"https:\/\/baralivres.ma\/?product=linstant-present","title":{"rendered":"L&rsquo;Instant pr\u00e9sent"},"content":{"rendered":"<p>N&rsquo;oublie pas que nous avons deux vies. La seconde d\u00e9bute le jour o\u00f9 l&rsquo;on r\u00e9alise que nous n&rsquo;en avons qu&rsquo;une.\u00a0\u00bb<\/p>\n<p>Pour financer ses \u00e9tudes en art dramatique, Lisa travaille dans un bar \u00e0 Manhattan. C&rsquo;est l\u00e0 qu&rsquo;elle rencontre Arthur Costello, un jeune m\u00e9decin urgentiste. \u00c0 premi\u00e8re vue, il semble avoir tout pour lui. Cependant, Arthur est loin d&rsquo;\u00eatre ordinaire. Deux ans auparavant, il avait h\u00e9rit\u00e9 du phare isol\u00e9 de son grand-p\u00e8re, \u00e0 l&rsquo;int\u00e9rieur duquel une pi\u00e8ce \u00e9tait scell\u00e9e. Malgr\u00e9 sa promesse de ne pas ouvrir la porte, il d\u00e9cide de le faire, d\u00e9couvrant une v\u00e9rit\u00e9 d\u00e9vastatrice qui bouleverse sa vie.<\/p>\n<p>La rencontre avec Lisa transformera tout pour Arthur, lui redonnant un nouvel espoir. D\u00e8s lors, Arthur et Lisa sont obs\u00e9d\u00e9s par une seule id\u00e9e : d\u00e9jouer les pi\u00e8ges du temps, impos\u00e9s par leur ennemi le plus impitoyable.<\/p>\n","protected":false},"excerpt":{"rendered":"<p>Lisa, \u00e9tudiante d&rsquo;art dramatique, rencontre Arthur, m\u00e9decin au pass\u00e9 myst\u00e9rieux, cherchant \u00e0 d\u00e9fier le temps ensemble.<\/p>\n","protected":false},"featured_media":13849,"comment_status":"open","ping_status":"closed","template":"","meta":{"inline_featured_image":false},"product_cat":[204,143,178],"product_tag":[],"class_list":{"0":"post-13846","1":"product","2":"type-product","3":"status-publish","4":"has-post-thumbnail","6":"product_cat-francais","7":"product_cat-roman","8":"product_cat-contemporain","9":"pa_auteurs-musso-guillaume","11":"first","12":"instock","13":"shipping-taxable","14":"purchasable","15":"product-type-simple"},"_links":{"self":[{"href":"https:\/\/baralivres.ma\/index.php?rest_route=\/wp\/v2\/product\/13846","targetHints":{"allow":["GET"]}}],"collection":[{"href":"https:\/\/baralivres.ma\/index.php?rest_route=\/wp\/v2\/product"}],"about":[{"href":"https:\/\/baralivres.ma\/index.php?rest_route=\/wp\/v2\/types\/product"}],"replies":[{"embeddable":true,"href":"https:\/\/baralivres.ma\/index.php?rest_route=%2Fwp%2Fv2%2Fcomments&post=13846"}],"version-history":[{"count":1,"href":"https:\/\/baralivres.ma\/index.php?rest_route=\/wp\/v2\/product\/13846\/revisions"}],"predecessor-version":[{"id":13850,"href":"https:\/\/baralivres.ma\/index.php?rest_route=\/wp\/v2\/product\/13846\/revisions\/13850"}],"wp:featuredmedia":[{"embeddable":true,"href":"https:\/\/baralivres.ma\/index.php?rest_route=\/wp\/v2\/media\/13849"}],"wp:attachment":[{"href":"https:\/\/baralivres.ma\/index.php?rest_route=%2Fwp%2Fv2%2Fmedia&parent=13846"}],"wp:term":[{"taxonomy":"product_cat","embeddable":true,"href":"https:\/\/baralivres.ma\/index.php?rest_route=%2Fwp%2Fv2%2Fproduct_cat&post=13846"},{"taxonomy":"product_tag","embeddable":true,"href":"https:\/\/baralivres.ma\/index.php?rest_route=%2Fwp%2Fv2%2Fproduct_tag&post=13846"}],"curies":[{"name":"wp","href":"https:\/\/api.w.org\/{rel}","templated":true}]}}