{"id":13835,"date":"2023-10-25T10:53:36","date_gmt":"2023-10-25T09:53:36","guid":{"rendered":"https:\/\/baralivres.ma\/?post_type=product&#038;p=13835"},"modified":"2024-11-28T17:24:24","modified_gmt":"2024-11-28T16:24:24","slug":"lettres-de-mon-moulin","status":"publish","type":"product","link":"https:\/\/baralivres.ma\/?product=lettres-de-mon-moulin","title":{"rendered":"Lettres de mon moulin"},"content":{"rendered":"<p>Jeune et d\u00e9j\u00e0 d\u00e9senchant\u00e9 par la vie bruyante de Paris, Alphonse Daudet passe ses \u00e9t\u00e9s \u00e0 Fontvielle. C&rsquo;est dans cette ruine ensoleill\u00e9e de la vall\u00e9e du Rh\u00f4ne que naissent ses contes intemporels, qui lui assureront la renomm\u00e9e.<\/p>\n<p>Au loin, r\u00e9sonne la trompe de Monsieur Seguin, appelant sa ch\u00e8vre blanche. Dans la for\u00eat de ch\u00eanes verts, un sous-pr\u00e9fet s&rsquo;adonne \u00e0 la po\u00e9sie en s&rsquo;endormant. Dans le ciel \u00e9toil\u00e9, le cur\u00e9 de Cucugnan compte ses paroissiens malheureux. Pendant ce temps, dans la ville voisine, un jeune paysan meurt d&rsquo;amour pour une petite Arl\u00e9sienne.<\/p>\n<p>Le vieux moulin abandonn\u00e9 est devenu l&rsquo;\u00e2me et le symbole de la Provence. Impr\u00e9gn\u00e9s d&rsquo;\u00e9motions, de sourires et de larmes, ces contes semblent \u00e9ternellement jeunes.<\/p>\n","protected":false},"excerpt":{"rendered":"<p>Daudet trouve inspiration dans le moulin de Fontvielle, cr\u00e9ant des contes \u00e9mouvants et intemporels de Provence.<\/p>\n","protected":false},"featured_media":13839,"comment_status":"open","ping_status":"closed","template":"","meta":{"inline_featured_image":false},"product_cat":[4097,4096],"product_tag":[],"class_list":{"0":"post-13835","1":"product","2":"type-product","3":"status-publish","4":"has-post-thumbnail","6":"product_cat-francais-les_romans_classique","7":"product_cat-les_romans_classique","8":"pa_auteurs-daudet-alphonse","10":"first","11":"instock","12":"shipping-taxable","13":"purchasable","14":"product-type-simple"},"_links":{"self":[{"href":"https:\/\/baralivres.ma\/index.php?rest_route=\/wp\/v2\/product\/13835","targetHints":{"allow":["GET"]}}],"collection":[{"href":"https:\/\/baralivres.ma\/index.php?rest_route=\/wp\/v2\/product"}],"about":[{"href":"https:\/\/baralivres.ma\/index.php?rest_route=\/wp\/v2\/types\/product"}],"replies":[{"embeddable":true,"href":"https:\/\/baralivres.ma\/index.php?rest_route=%2Fwp%2Fv2%2Fcomments&post=13835"}],"version-history":[{"count":1,"href":"https:\/\/baralivres.ma\/index.php?rest_route=\/wp\/v2\/product\/13835\/revisions"}],"predecessor-version":[{"id":13840,"href":"https:\/\/baralivres.ma\/index.php?rest_route=\/wp\/v2\/product\/13835\/revisions\/13840"}],"wp:featuredmedia":[{"embeddable":true,"href":"https:\/\/baralivres.ma\/index.php?rest_route=\/wp\/v2\/media\/13839"}],"wp:attachment":[{"href":"https:\/\/baralivres.ma\/index.php?rest_route=%2Fwp%2Fv2%2Fmedia&parent=13835"}],"wp:term":[{"taxonomy":"product_cat","embeddable":true,"href":"https:\/\/baralivres.ma\/index.php?rest_route=%2Fwp%2Fv2%2Fproduct_cat&post=13835"},{"taxonomy":"product_tag","embeddable":true,"href":"https:\/\/baralivres.ma\/index.php?rest_route=%2Fwp%2Fv2%2Fproduct_tag&post=13835"}],"curies":[{"name":"wp","href":"https:\/\/api.w.org\/{rel}","templated":true}]}}