{"id":13832,"date":"2023-10-25T10:46:43","date_gmt":"2023-10-25T09:46:43","guid":{"rendered":"https:\/\/baralivres.ma\/?post_type=product&#038;p=13832"},"modified":"2024-11-28T17:24:55","modified_gmt":"2024-11-28T16:24:55","slug":"hernani","status":"publish","type":"product","link":"https:\/\/baralivres.ma\/?product=hernani","title":{"rendered":"Hernani"},"content":{"rendered":"<p>Dans une Espagne de passion et d&rsquo;ambition, Hernani, un seigneur proscrit, rivalise avec le roi Don Carlos pour l&rsquo;amour de Do\u00f1a Sol. Au m\u00e9pris des conventions, il d\u00e9fie la r\u00e9alit\u00e9, pr\u00eat \u00e0 tout pour sa bien-aim\u00e9e. Les fronti\u00e8res entre fiction et r\u00e9alit\u00e9 s&rsquo;effacent dans cette pi\u00e8ce tumultueuse. Hernani, un drame onirique, m\u00eale complots extravagants et sc\u00e8nes d&rsquo;amour poignantes. Victor Hugo aspire \u00e0 \u00eatre le \u00ab\u00a0Shakespeare ou rien\u00a0\u00bb du th\u00e9\u00e2tre, et cette pi\u00e8ce le consacrera en tant que figure embl\u00e9matique du romantisme.<\/p>\n","protected":false},"excerpt":{"rendered":"<p>Espagne passionn\u00e9e, Hernani se rebelle contre le roi pour l&rsquo;amour de Do\u00f1a Sol malgr\u00e9 intrigues.<\/p>\n","protected":false},"featured_media":13833,"comment_status":"open","ping_status":"closed","template":"","meta":{"inline_featured_image":false},"product_cat":[4097,4096],"product_tag":[],"class_list":{"0":"post-13832","1":"product","2":"type-product","3":"status-publish","4":"has-post-thumbnail","6":"product_cat-francais-les_romans_classique","7":"product_cat-les_romans_classique","8":"pa_auteurs-hugo-victor","10":"first","11":"instock","12":"shipping-taxable","13":"purchasable","14":"product-type-simple"},"_links":{"self":[{"href":"https:\/\/baralivres.ma\/index.php?rest_route=\/wp\/v2\/product\/13832","targetHints":{"allow":["GET"]}}],"collection":[{"href":"https:\/\/baralivres.ma\/index.php?rest_route=\/wp\/v2\/product"}],"about":[{"href":"https:\/\/baralivres.ma\/index.php?rest_route=\/wp\/v2\/types\/product"}],"replies":[{"embeddable":true,"href":"https:\/\/baralivres.ma\/index.php?rest_route=%2Fwp%2Fv2%2Fcomments&post=13832"}],"version-history":[{"count":1,"href":"https:\/\/baralivres.ma\/index.php?rest_route=\/wp\/v2\/product\/13832\/revisions"}],"predecessor-version":[{"id":13834,"href":"https:\/\/baralivres.ma\/index.php?rest_route=\/wp\/v2\/product\/13832\/revisions\/13834"}],"wp:featuredmedia":[{"embeddable":true,"href":"https:\/\/baralivres.ma\/index.php?rest_route=\/wp\/v2\/media\/13833"}],"wp:attachment":[{"href":"https:\/\/baralivres.ma\/index.php?rest_route=%2Fwp%2Fv2%2Fmedia&parent=13832"}],"wp:term":[{"taxonomy":"product_cat","embeddable":true,"href":"https:\/\/baralivres.ma\/index.php?rest_route=%2Fwp%2Fv2%2Fproduct_cat&post=13832"},{"taxonomy":"product_tag","embeddable":true,"href":"https:\/\/baralivres.ma\/index.php?rest_route=%2Fwp%2Fv2%2Fproduct_tag&post=13832"}],"curies":[{"name":"wp","href":"https:\/\/api.w.org\/{rel}","templated":true}]}}