{"id":13829,"date":"2023-10-25T10:36:57","date_gmt":"2023-10-25T09:36:57","guid":{"rendered":"https:\/\/baralivres.ma\/?post_type=product&#038;p=13829"},"modified":"2023-10-25T10:38:47","modified_gmt":"2023-10-25T09:38:47","slug":"le-portrait-de-dorian-gray","status":"publish","type":"product","link":"https:\/\/baralivres.ma\/?product=le-portrait-de-dorian-gray","title":{"rendered":"Le Portrait de Dorian Gray"},"content":{"rendered":"<p>Le portrait d&rsquo;un jeune homme d&rsquo;une beaut\u00e9 exceptionnelle \u00e9tait plac\u00e9 au centre de la pi\u00e8ce, fix\u00e9 sur un chevalet droit. \u00c0 une courte distance de l\u00e0, on pouvait voir le peintre en personne, Basil Hallward, assis devant la toile. Il y a quelques ann\u00e9es, la soudaine disparition de Basil avait suscit\u00e9 de nombreuses \u00e9motions et aliment\u00e9 des sp\u00e9culations \u00e9tranges dans le public.<\/p>\n<p>Cependant, Dorian Gray, un jeune dandy s\u00e9duisant et mondain, avait formul\u00e9 une demande absurde : il souhaitait conserver sa beaut\u00e9 \u00e9ternellement, tandis que son visage sur la toile porterait la marque de ses passions et de ses p\u00e9ch\u00e9s. En fin de compte, le portrait \u00e9tait le seul \u00e0 vieillir, r\u00e9v\u00e9lant l&rsquo;\u00e2me sombre de Dorian. Plus tard, il confierait au peintre : \u00abChacun de nous porte en soi le ciel et l&rsquo;enfer.\u00bb<\/p>\n<p>Ce livre lui-m\u00eame poss\u00e8de une dualit\u00e9 : il nous plonge dans un Londres sombre et trouble, envelopp\u00e9 de brouillard et d&rsquo;opium, tout en nous ouvrant les portes de la haute soci\u00e9t\u00e9. Lors de sa publication en 1890, il fut jug\u00e9 immoral, mais sa v\u00e9ritable singularit\u00e9 r\u00e9side dans sa capacit\u00e9 \u00e0 \u00eatre \u00e0 la fois un roman r\u00e9aliste et un roman esth\u00e8te, tous deux fascinants par leur \u00e9tranget\u00e9 aux accents fantastiques.\u00a0\u00bb<\/p>\n","protected":false},"excerpt":{"rendered":"<p>Portrait dandy Dorian Gray, souhaite rester jeune, toile vieillit, Londres r\u00e9aliste et esth\u00e9tique, fantastique.<\/p>\n","protected":false},"featured_media":13830,"comment_status":"open","ping_status":"closed","template":"","meta":{"inline_featured_image":false},"product_cat":[204,143],"product_tag":[],"class_list":{"0":"post-13829","1":"product","2":"type-product","3":"status-publish","4":"has-post-thumbnail","6":"product_cat-francais","7":"product_cat-roman","8":"pa_auteurs-wilde-oscar","10":"first","11":"instock","12":"shipping-taxable","13":"purchasable","14":"product-type-simple"},"_links":{"self":[{"href":"https:\/\/baralivres.ma\/index.php?rest_route=\/wp\/v2\/product\/13829","targetHints":{"allow":["GET"]}}],"collection":[{"href":"https:\/\/baralivres.ma\/index.php?rest_route=\/wp\/v2\/product"}],"about":[{"href":"https:\/\/baralivres.ma\/index.php?rest_route=\/wp\/v2\/types\/product"}],"replies":[{"embeddable":true,"href":"https:\/\/baralivres.ma\/index.php?rest_route=%2Fwp%2Fv2%2Fcomments&post=13829"}],"version-history":[{"count":1,"href":"https:\/\/baralivres.ma\/index.php?rest_route=\/wp\/v2\/product\/13829\/revisions"}],"predecessor-version":[{"id":13831,"href":"https:\/\/baralivres.ma\/index.php?rest_route=\/wp\/v2\/product\/13829\/revisions\/13831"}],"wp:featuredmedia":[{"embeddable":true,"href":"https:\/\/baralivres.ma\/index.php?rest_route=\/wp\/v2\/media\/13830"}],"wp:attachment":[{"href":"https:\/\/baralivres.ma\/index.php?rest_route=%2Fwp%2Fv2%2Fmedia&parent=13829"}],"wp:term":[{"taxonomy":"product_cat","embeddable":true,"href":"https:\/\/baralivres.ma\/index.php?rest_route=%2Fwp%2Fv2%2Fproduct_cat&post=13829"},{"taxonomy":"product_tag","embeddable":true,"href":"https:\/\/baralivres.ma\/index.php?rest_route=%2Fwp%2Fv2%2Fproduct_tag&post=13829"}],"curies":[{"name":"wp","href":"https:\/\/api.w.org\/{rel}","templated":true}]}}