{"id":13823,"date":"2023-10-25T09:56:01","date_gmt":"2023-10-25T08:56:01","guid":{"rendered":"https:\/\/baralivres.ma\/?post_type=product&#038;p=13823"},"modified":"2023-10-25T09:56:02","modified_gmt":"2023-10-25T08:56:02","slug":"nos-ames-au-diable","status":"publish","type":"product","link":"https:\/\/baralivres.ma\/?product=nos-ames-au-diable","title":{"rendered":"Nos \u00e2mes au diable"},"content":{"rendered":"<p>Mi-juillet, sur une plage de l&rsquo;\u00eele d&rsquo;Ol\u00e9ron, la disparition de Sixtine, une fillette de dix ans, \u00e9branle le monde de Jeanne, sa m\u00e8re. Accabl\u00e9e par la culpabilit\u00e9 de ne pas avoir \u00e9t\u00e9 pr\u00e9sente en raison de son travail, Jeanne ressent de l&rsquo;amertume envers son mari. Les recherches m\u00e8nent \u00e0 un multir\u00e9cidiviste d\u00e9j\u00e0 connu de la justice pour des agressions sur des fillettes. C&rsquo;est alors que Jeanne r\u00e9alise que sa vie ne sera plus jamais la m\u00eame. Le doute plane, d&rsquo;autant plus que le corps de Sixtine n&rsquo;a jamais \u00e9t\u00e9 retrouv\u00e9, soulevant la question : et si la v\u00e9rit\u00e9 cachait une r\u00e9alit\u00e9 encore plus sinistre et troublante que la simple mort de l&rsquo;enfant ?<\/p>\n","protected":false},"excerpt":{"rendered":"<p>La disparition de Sixtine sur une plage d&rsquo;Ol\u00e9ron bouleverse la vie de sa m\u00e8re Jeanne, mettant en lumi\u00e8re des secrets obscurs et laissant planer l&rsquo;incertitude sur le sort de l&rsquo;enfant.<\/p>\n","protected":false},"featured_media":13824,"comment_status":"open","ping_status":"closed","template":"","meta":{"inline_featured_image":false},"product_cat":[204,143,187],"product_tag":[],"class_list":{"0":"post-13823","1":"product","2":"type-product","3":"status-publish","4":"has-post-thumbnail","6":"product_cat-francais","7":"product_cat-roman","8":"product_cat-thriller","9":"pa_auteurs-jerome-camut","11":"first","12":"instock","13":"shipping-taxable","14":"purchasable","15":"product-type-simple"},"_links":{"self":[{"href":"https:\/\/baralivres.ma\/index.php?rest_route=\/wp\/v2\/product\/13823","targetHints":{"allow":["GET"]}}],"collection":[{"href":"https:\/\/baralivres.ma\/index.php?rest_route=\/wp\/v2\/product"}],"about":[{"href":"https:\/\/baralivres.ma\/index.php?rest_route=\/wp\/v2\/types\/product"}],"replies":[{"embeddable":true,"href":"https:\/\/baralivres.ma\/index.php?rest_route=%2Fwp%2Fv2%2Fcomments&post=13823"}],"version-history":[{"count":1,"href":"https:\/\/baralivres.ma\/index.php?rest_route=\/wp\/v2\/product\/13823\/revisions"}],"predecessor-version":[{"id":13825,"href":"https:\/\/baralivres.ma\/index.php?rest_route=\/wp\/v2\/product\/13823\/revisions\/13825"}],"wp:featuredmedia":[{"embeddable":true,"href":"https:\/\/baralivres.ma\/index.php?rest_route=\/wp\/v2\/media\/13824"}],"wp:attachment":[{"href":"https:\/\/baralivres.ma\/index.php?rest_route=%2Fwp%2Fv2%2Fmedia&parent=13823"}],"wp:term":[{"taxonomy":"product_cat","embeddable":true,"href":"https:\/\/baralivres.ma\/index.php?rest_route=%2Fwp%2Fv2%2Fproduct_cat&post=13823"},{"taxonomy":"product_tag","embeddable":true,"href":"https:\/\/baralivres.ma\/index.php?rest_route=%2Fwp%2Fv2%2Fproduct_tag&post=13823"}],"curies":[{"name":"wp","href":"https:\/\/api.w.org\/{rel}","templated":true}]}}