{"id":13820,"date":"2023-10-25T09:52:09","date_gmt":"2023-10-25T08:52:09","guid":{"rendered":"https:\/\/baralivres.ma\/?post_type=product&#038;p=13820"},"modified":"2023-11-07T12:20:23","modified_gmt":"2023-11-07T11:20:23","slug":"les-voies-de-la-liberte","status":"publish","type":"product","link":"https:\/\/baralivres.ma\/?product=les-voies-de-la-liberte","title":{"rendered":"Les Voies de la libert\u00e9"},"content":{"rendered":"<p>En juin 2010, M\u00e9lusine Mallender entreprend un voyage en solo sur sa vieille moto, initialement destin\u00e9 \u00e0 \u00ab\u00a0aller le plus loin possible\u00a0\u00bb vers l&rsquo;est, malgr\u00e9 les pr\u00e9dictions qu&rsquo;elle ne d\u00e9passerait pas le p\u00e9riph\u00e9rique parisien. Quatre mois plus tard, elle atteint Vladivostok, au bord de la mer du Japon, mettant un terme \u00e0 son p\u00e9riple. Durant ce voyage, elle d\u00e9couvre une libert\u00e9 qui varie d&rsquo;un pays \u00e0 l&rsquo;autre, en particulier pour les femmes. Inspir\u00e9e par cette exp\u00e9rience, M\u00e9lusine d\u00e9cide de repartir \u00e0 la rencontre de femmes du monde entier, voyageant \u00e0 moto \u00e0 travers des r\u00e9gions parfois m\u00e9connues et stigmatis\u00e9es, comme l&rsquo;Iran, le Rwanda, le Myanmar, le Pakistan et le Somaliland. Apr\u00e8s plus de cinquante pays, cent mille kilom\u00e8tres parcourus, quinze films r\u00e9alis\u00e9s, et de nombreuses rencontres et interviews, elle partage l&rsquo;histoire de l&rsquo;origine de sa qu\u00eate.<\/p>\n","protected":false},"excerpt":{"rendered":"<p>M\u00e9lusine Mallender, sur sa moto, entreprend un voyage en solo qui la m\u00e8ne bien au-del\u00e0 des pr\u00e9dictions initiales, \u00e0 la recherche de la libert\u00e9 et de l&rsquo;exp\u00e9rience des femmes dans plus de cinquante pays.<\/p>\n","protected":false},"featured_media":13821,"comment_status":"open","ping_status":"closed","template":"","meta":{"inline_featured_image":false},"product_cat":[204,143],"product_tag":[],"class_list":{"0":"post-13820","1":"product","2":"type-product","3":"status-publish","4":"has-post-thumbnail","6":"product_cat-francais","7":"product_cat-roman","8":"pa_auteurs-melusine-mallender","10":"first","11":"instock","12":"shipping-taxable","13":"purchasable","14":"product-type-simple"},"_links":{"self":[{"href":"https:\/\/baralivres.ma\/index.php?rest_route=\/wp\/v2\/product\/13820","targetHints":{"allow":["GET"]}}],"collection":[{"href":"https:\/\/baralivres.ma\/index.php?rest_route=\/wp\/v2\/product"}],"about":[{"href":"https:\/\/baralivres.ma\/index.php?rest_route=\/wp\/v2\/types\/product"}],"replies":[{"embeddable":true,"href":"https:\/\/baralivres.ma\/index.php?rest_route=%2Fwp%2Fv2%2Fcomments&post=13820"}],"version-history":[{"count":1,"href":"https:\/\/baralivres.ma\/index.php?rest_route=\/wp\/v2\/product\/13820\/revisions"}],"predecessor-version":[{"id":13822,"href":"https:\/\/baralivres.ma\/index.php?rest_route=\/wp\/v2\/product\/13820\/revisions\/13822"}],"wp:featuredmedia":[{"embeddable":true,"href":"https:\/\/baralivres.ma\/index.php?rest_route=\/wp\/v2\/media\/13821"}],"wp:attachment":[{"href":"https:\/\/baralivres.ma\/index.php?rest_route=%2Fwp%2Fv2%2Fmedia&parent=13820"}],"wp:term":[{"taxonomy":"product_cat","embeddable":true,"href":"https:\/\/baralivres.ma\/index.php?rest_route=%2Fwp%2Fv2%2Fproduct_cat&post=13820"},{"taxonomy":"product_tag","embeddable":true,"href":"https:\/\/baralivres.ma\/index.php?rest_route=%2Fwp%2Fv2%2Fproduct_tag&post=13820"}],"curies":[{"name":"wp","href":"https:\/\/api.w.org\/{rel}","templated":true}]}}