{"id":13817,"date":"2023-10-25T09:46:18","date_gmt":"2023-10-25T08:46:18","guid":{"rendered":"https:\/\/baralivres.ma\/?post_type=product&#038;p=13817"},"modified":"2023-10-25T09:48:24","modified_gmt":"2023-10-25T08:48:24","slug":"le-silence-disra","status":"publish","type":"product","link":"https:\/\/baralivres.ma\/?product=le-silence-disra","title":{"rendered":"Le Silence d&rsquo;Isra"},"content":{"rendered":"<p>Malgr\u00e9 ses lectures secr\u00e8tes, Isra n&rsquo;a d&rsquo;autre option en 1990 que d&rsquo;accepter un mariage arrang\u00e9 \u00e0 Brooklyn. L\u00e0, la jeune Palestinienne perd peu \u00e0 peu ses r\u00eaves du r\u00eave am\u00e9ricain, soumise \u00e0 une belle-m\u00e8re tyrannique aux traditions archa\u00efques, clo\u00eetr\u00e9e et contrainte au silence. Dix-huit ans plus tard, sa fille Deya, en \u00e2ge de se marier, parviendra-t-elle \u00e0 briser ces cha\u00eenes en r\u00e9ponse au silence de sa m\u00e8re et s&rsquo;\u00e9criera-t-elle enfin pour sa libert\u00e9 ?<\/p>\n","protected":false},"excerpt":{"rendered":"<p>Isra accepte un mariage arrang\u00e9 \u00e0 Brooklyn en 1990, tandis que sa fille Deya cherche \u00e0 \u00e9chapper aux traditions oppressives de sa famille des ann\u00e9es plus tard.<\/p>\n","protected":false},"featured_media":13818,"comment_status":"open","ping_status":"closed","template":"","meta":{"inline_featured_image":false},"product_cat":[204,143,178],"product_tag":[],"class_list":{"0":"post-13817","1":"product","2":"type-product","3":"status-publish","4":"has-post-thumbnail","6":"product_cat-francais","7":"product_cat-roman","8":"product_cat-contemporain","9":"pa_auteurs-etaf-rum","11":"first","12":"instock","13":"shipping-taxable","14":"purchasable","15":"product-type-simple"},"_links":{"self":[{"href":"https:\/\/baralivres.ma\/index.php?rest_route=\/wp\/v2\/product\/13817","targetHints":{"allow":["GET"]}}],"collection":[{"href":"https:\/\/baralivres.ma\/index.php?rest_route=\/wp\/v2\/product"}],"about":[{"href":"https:\/\/baralivres.ma\/index.php?rest_route=\/wp\/v2\/types\/product"}],"replies":[{"embeddable":true,"href":"https:\/\/baralivres.ma\/index.php?rest_route=%2Fwp%2Fv2%2Fcomments&post=13817"}],"version-history":[{"count":1,"href":"https:\/\/baralivres.ma\/index.php?rest_route=\/wp\/v2\/product\/13817\/revisions"}],"predecessor-version":[{"id":13819,"href":"https:\/\/baralivres.ma\/index.php?rest_route=\/wp\/v2\/product\/13817\/revisions\/13819"}],"wp:featuredmedia":[{"embeddable":true,"href":"https:\/\/baralivres.ma\/index.php?rest_route=\/wp\/v2\/media\/13818"}],"wp:attachment":[{"href":"https:\/\/baralivres.ma\/index.php?rest_route=%2Fwp%2Fv2%2Fmedia&parent=13817"}],"wp:term":[{"taxonomy":"product_cat","embeddable":true,"href":"https:\/\/baralivres.ma\/index.php?rest_route=%2Fwp%2Fv2%2Fproduct_cat&post=13817"},{"taxonomy":"product_tag","embeddable":true,"href":"https:\/\/baralivres.ma\/index.php?rest_route=%2Fwp%2Fv2%2Fproduct_tag&post=13817"}],"curies":[{"name":"wp","href":"https:\/\/api.w.org\/{rel}","templated":true}]}}