{"id":13811,"date":"2023-10-25T09:38:49","date_gmt":"2023-10-25T08:38:49","guid":{"rendered":"https:\/\/baralivres.ma\/?post_type=product&#038;p=13811"},"modified":"2023-10-25T09:38:49","modified_gmt":"2023-10-25T08:38:49","slug":"on-ne-meurt-pas-damour","status":"publish","type":"product","link":"https:\/\/baralivres.ma\/?product=on-ne-meurt-pas-damour","title":{"rendered":"On ne meurt pas d&rsquo;amour"},"content":{"rendered":"<p>Il y a quelques mois, ils ont emm\u00e9nag\u00e9 dans un loft chic pr\u00e8s de la mairie du XVIIe, pr\u00e9parant leur mariage et leur d\u00e9sir d&rsquo;enfant. Tout semble parfait jusqu&rsquo;\u00e0 ce qu&rsquo;elle fasse la rencontre troublante de leur voisin du deuxi\u00e8me \u00e9tage, d\u00e9clenchant une attirance irr\u00e9pressible qui bouleverse leur bonheur bien \u00e9tabli.<\/p>\n","protected":false},"excerpt":{"rendered":"<p>Un couple heureux dans un loft de r\u00eave est troubl\u00e9 par une attirance interdite envers leur voisin.<\/p>\n","protected":false},"featured_media":13812,"comment_status":"open","ping_status":"closed","template":"","meta":{"inline_featured_image":false},"product_cat":[204,143,178],"product_tag":[],"class_list":{"0":"post-13811","1":"product","2":"type-product","3":"status-publish","4":"has-post-thumbnail","6":"product_cat-francais","7":"product_cat-roman","8":"product_cat-contemporain","9":"pa_auteurs-geraldine-dalban-mareynas","11":"first","12":"instock","13":"shipping-taxable","14":"purchasable","15":"product-type-simple"},"_links":{"self":[{"href":"https:\/\/baralivres.ma\/index.php?rest_route=\/wp\/v2\/product\/13811","targetHints":{"allow":["GET"]}}],"collection":[{"href":"https:\/\/baralivres.ma\/index.php?rest_route=\/wp\/v2\/product"}],"about":[{"href":"https:\/\/baralivres.ma\/index.php?rest_route=\/wp\/v2\/types\/product"}],"replies":[{"embeddable":true,"href":"https:\/\/baralivres.ma\/index.php?rest_route=%2Fwp%2Fv2%2Fcomments&post=13811"}],"version-history":[{"count":1,"href":"https:\/\/baralivres.ma\/index.php?rest_route=\/wp\/v2\/product\/13811\/revisions"}],"predecessor-version":[{"id":13813,"href":"https:\/\/baralivres.ma\/index.php?rest_route=\/wp\/v2\/product\/13811\/revisions\/13813"}],"wp:featuredmedia":[{"embeddable":true,"href":"https:\/\/baralivres.ma\/index.php?rest_route=\/wp\/v2\/media\/13812"}],"wp:attachment":[{"href":"https:\/\/baralivres.ma\/index.php?rest_route=%2Fwp%2Fv2%2Fmedia&parent=13811"}],"wp:term":[{"taxonomy":"product_cat","embeddable":true,"href":"https:\/\/baralivres.ma\/index.php?rest_route=%2Fwp%2Fv2%2Fproduct_cat&post=13811"},{"taxonomy":"product_tag","embeddable":true,"href":"https:\/\/baralivres.ma\/index.php?rest_route=%2Fwp%2Fv2%2Fproduct_tag&post=13811"}],"curies":[{"name":"wp","href":"https:\/\/api.w.org\/{rel}","templated":true}]}}