{"id":13804,"date":"2023-10-25T09:29:54","date_gmt":"2023-10-25T08:29:54","guid":{"rendered":"https:\/\/baralivres.ma\/?post_type=product&#038;p=13804"},"modified":"2023-10-25T09:29:55","modified_gmt":"2023-10-25T08:29:55","slug":"paris-briancon","status":"publish","type":"product","link":"https:\/\/baralivres.ma\/?product=paris-briancon","title":{"rendered":"Paris-Brian\u00e7on"},"content":{"rendered":"<p>\u00c0 bord du l\u00e9gendaire train-couchette, un groupe de passagers h\u00e9t\u00e9rog\u00e8nes est contraint \u00e0 un huis clos inattendu. Alors que le train traverse des paysages endormis, une dizaine d&rsquo;entre eux se lient dans un moment d&rsquo;intimit\u00e9 et de confiance, partageant des mots et des secrets. Sous les apparences se cachent des individus vuln\u00e9rables, aux prises avec des d\u00e9fis quotidiens ou les r\u00e9alit\u00e9s brutales de leur \u00e9poque. Certains cherchent \u00e0 \u00e9chapper \u00e0 la solitude, \u00e0 la monotonie ou \u00e0 leurs propres mensonges. Cependant, ils ignorent que certains d&rsquo;entre eux ne verront pas le jour se lever&#8230;<\/p>\n","protected":false},"excerpt":{"rendered":"<p>\u00c0 bord d&rsquo;un train de nuit, des \u00e9trangers se lient dans l&rsquo;intimit\u00e9, partagent des secrets, et se rendent compte qu&rsquo;\u00e0 l&rsquo;aube, certains ne survivront pas.<\/p>\n","protected":false},"featured_media":13805,"comment_status":"open","ping_status":"closed","template":"","meta":{"inline_featured_image":false},"product_cat":[204,143,178],"product_tag":[],"class_list":{"0":"post-13804","1":"product","2":"type-product","3":"status-publish","4":"has-post-thumbnail","6":"product_cat-francais","7":"product_cat-roman","8":"product_cat-contemporain","9":"pa_auteurs-philippe-bessan","11":"first","12":"instock","13":"shipping-taxable","14":"purchasable","15":"product-type-simple"},"_links":{"self":[{"href":"https:\/\/baralivres.ma\/index.php?rest_route=\/wp\/v2\/product\/13804","targetHints":{"allow":["GET"]}}],"collection":[{"href":"https:\/\/baralivres.ma\/index.php?rest_route=\/wp\/v2\/product"}],"about":[{"href":"https:\/\/baralivres.ma\/index.php?rest_route=\/wp\/v2\/types\/product"}],"replies":[{"embeddable":true,"href":"https:\/\/baralivres.ma\/index.php?rest_route=%2Fwp%2Fv2%2Fcomments&post=13804"}],"version-history":[{"count":1,"href":"https:\/\/baralivres.ma\/index.php?rest_route=\/wp\/v2\/product\/13804\/revisions"}],"predecessor-version":[{"id":13806,"href":"https:\/\/baralivres.ma\/index.php?rest_route=\/wp\/v2\/product\/13804\/revisions\/13806"}],"wp:featuredmedia":[{"embeddable":true,"href":"https:\/\/baralivres.ma\/index.php?rest_route=\/wp\/v2\/media\/13805"}],"wp:attachment":[{"href":"https:\/\/baralivres.ma\/index.php?rest_route=%2Fwp%2Fv2%2Fmedia&parent=13804"}],"wp:term":[{"taxonomy":"product_cat","embeddable":true,"href":"https:\/\/baralivres.ma\/index.php?rest_route=%2Fwp%2Fv2%2Fproduct_cat&post=13804"},{"taxonomy":"product_tag","embeddable":true,"href":"https:\/\/baralivres.ma\/index.php?rest_route=%2Fwp%2Fv2%2Fproduct_tag&post=13804"}],"curies":[{"name":"wp","href":"https:\/\/api.w.org\/{rel}","templated":true}]}}