{"id":13792,"date":"2023-10-24T17:56:16","date_gmt":"2023-10-24T16:56:16","guid":{"rendered":"https:\/\/baralivres.ma\/?post_type=product&#038;p=13792"},"modified":"2023-10-24T17:56:16","modified_gmt":"2023-10-24T16:56:16","slug":"je-reviens-te-chercher","status":"publish","type":"product","link":"https:\/\/baralivres.ma\/?product=je-reviens-te-chercher","title":{"rendered":"Je reviens te chercher"},"content":{"rendered":"<p>Peut-on corriger les erreurs d&rsquo;une vie enti\u00e8re en seulement quelques heures ?<\/p>\n<p>Un matin, Ethan re\u00e7oit l&rsquo;invitation au mariage de C\u00e9line, la femme qu&rsquo;il a toujours aim\u00e9e mais qu&rsquo;il a laiss\u00e9e partir pour poursuivre sa carri\u00e8re fulgurante, une d\u00e9cision qu&rsquo;il regrette profond\u00e9ment aujourd&rsquo;hui. Saisissant l&rsquo;occasion sur un coup de t\u00eate, il se rend au mariage et se met au d\u00e9fi de regagner le c\u0153ur de la jeune femme. Il n&rsquo;a que quelques heures pour y parvenir, des heures folles et remplies de myst\u00e8re. Pourtant, \u00e0 la fin de cette p\u00e9riode, il est attaqu\u00e9 par un inconnu. C&rsquo;est \u00e0 ce moment-l\u00e0 que l&rsquo;extraordinaire se produit&#8230;<\/p>\n","protected":false},"excerpt":{"rendered":"<p>Regret, mariage, r\u00e9conciliation en quelques heures, attaque, \u00e9v\u00e9nement extraordinaire change le cours de l&rsquo;histoire.<\/p>\n","protected":false},"featured_media":13794,"comment_status":"open","ping_status":"closed","template":"","meta":{"inline_featured_image":false},"product_cat":[204,143,178],"product_tag":[],"class_list":{"0":"post-13792","1":"product","2":"type-product","3":"status-publish","4":"has-post-thumbnail","6":"product_cat-francais","7":"product_cat-roman","8":"product_cat-contemporain","9":"pa_auteurs-musso-guillaume","11":"first","12":"instock","13":"shipping-taxable","14":"purchasable","15":"product-type-simple"},"_links":{"self":[{"href":"https:\/\/baralivres.ma\/index.php?rest_route=\/wp\/v2\/product\/13792","targetHints":{"allow":["GET"]}}],"collection":[{"href":"https:\/\/baralivres.ma\/index.php?rest_route=\/wp\/v2\/product"}],"about":[{"href":"https:\/\/baralivres.ma\/index.php?rest_route=\/wp\/v2\/types\/product"}],"replies":[{"embeddable":true,"href":"https:\/\/baralivres.ma\/index.php?rest_route=%2Fwp%2Fv2%2Fcomments&post=13792"}],"version-history":[{"count":1,"href":"https:\/\/baralivres.ma\/index.php?rest_route=\/wp\/v2\/product\/13792\/revisions"}],"predecessor-version":[{"id":13795,"href":"https:\/\/baralivres.ma\/index.php?rest_route=\/wp\/v2\/product\/13792\/revisions\/13795"}],"wp:featuredmedia":[{"embeddable":true,"href":"https:\/\/baralivres.ma\/index.php?rest_route=\/wp\/v2\/media\/13794"}],"wp:attachment":[{"href":"https:\/\/baralivres.ma\/index.php?rest_route=%2Fwp%2Fv2%2Fmedia&parent=13792"}],"wp:term":[{"taxonomy":"product_cat","embeddable":true,"href":"https:\/\/baralivres.ma\/index.php?rest_route=%2Fwp%2Fv2%2Fproduct_cat&post=13792"},{"taxonomy":"product_tag","embeddable":true,"href":"https:\/\/baralivres.ma\/index.php?rest_route=%2Fwp%2Fv2%2Fproduct_tag&post=13792"}],"curies":[{"name":"wp","href":"https:\/\/api.w.org\/{rel}","templated":true}]}}