{"id":13789,"date":"2023-10-24T17:50:25","date_gmt":"2023-10-24T16:50:25","guid":{"rendered":"https:\/\/baralivres.ma\/?post_type=product&#038;p=13789"},"modified":"2023-10-24T17:50:26","modified_gmt":"2023-10-24T16:50:26","slug":"7-ans-apres","status":"publish","type":"product","link":"https:\/\/baralivres.ma\/?product=7-ans-apres","title":{"rendered":"7 ans apr\u00e8s&#8230;"},"content":{"rendered":"<p>Apr\u00e8s leur divorce, ils avaient pris des chemins diff\u00e9rents&#8230; &#8230;mais le danger les rassemblera.<\/p>\n<p>Suite \u00e0 une s\u00e9paration tumultueuse, Nikki et Sebastian avaient refait leur vie, chacun loin de l&rsquo;autre. Jusqu&rsquo;au jour o\u00f9 leur fils Jeremy dispara\u00eet de fa\u00e7on \u00e9nigmatique. A-t-il fugu\u00e9 ? A-t-il \u00e9t\u00e9 enlev\u00e9 ? Pour sauver ce qu&rsquo;elle ch\u00e9rit le plus, Nikki se voit contrainte de se tourner vers son ex-mari, qu&rsquo;elle n&rsquo;avait pas revu depuis sept ans. Oblig\u00e9s de coop\u00e9rer, ils se lancent alors dans une course effr\u00e9n\u00e9e, red\u00e9couvrant une proximit\u00e9 qu&rsquo;ils pensaient perdue \u00e0 jamais&#8230;<\/p>\n","protected":false},"excerpt":{"rendered":"<p>Apr\u00e8s divorce, Nikki et Sebastian, s\u00e9par\u00e9s, unissent forces pour retrouver leur fils disparu, r\u00e9veillant l&rsquo;intimit\u00e9 perdue.<\/p>\n","protected":false},"featured_media":13790,"comment_status":"open","ping_status":"closed","template":"","meta":{"inline_featured_image":false},"product_cat":[204,143,178],"product_tag":[],"class_list":{"0":"post-13789","1":"product","2":"type-product","3":"status-publish","4":"has-post-thumbnail","6":"product_cat-francais","7":"product_cat-roman","8":"product_cat-contemporain","9":"pa_auteurs-musso-guillaume","11":"first","12":"instock","13":"shipping-taxable","14":"purchasable","15":"product-type-simple"},"_links":{"self":[{"href":"https:\/\/baralivres.ma\/index.php?rest_route=\/wp\/v2\/product\/13789","targetHints":{"allow":["GET"]}}],"collection":[{"href":"https:\/\/baralivres.ma\/index.php?rest_route=\/wp\/v2\/product"}],"about":[{"href":"https:\/\/baralivres.ma\/index.php?rest_route=\/wp\/v2\/types\/product"}],"replies":[{"embeddable":true,"href":"https:\/\/baralivres.ma\/index.php?rest_route=%2Fwp%2Fv2%2Fcomments&post=13789"}],"version-history":[{"count":1,"href":"https:\/\/baralivres.ma\/index.php?rest_route=\/wp\/v2\/product\/13789\/revisions"}],"predecessor-version":[{"id":13791,"href":"https:\/\/baralivres.ma\/index.php?rest_route=\/wp\/v2\/product\/13789\/revisions\/13791"}],"wp:featuredmedia":[{"embeddable":true,"href":"https:\/\/baralivres.ma\/index.php?rest_route=\/wp\/v2\/media\/13790"}],"wp:attachment":[{"href":"https:\/\/baralivres.ma\/index.php?rest_route=%2Fwp%2Fv2%2Fmedia&parent=13789"}],"wp:term":[{"taxonomy":"product_cat","embeddable":true,"href":"https:\/\/baralivres.ma\/index.php?rest_route=%2Fwp%2Fv2%2Fproduct_cat&post=13789"},{"taxonomy":"product_tag","embeddable":true,"href":"https:\/\/baralivres.ma\/index.php?rest_route=%2Fwp%2Fv2%2Fproduct_tag&post=13789"}],"curies":[{"name":"wp","href":"https:\/\/api.w.org\/{rel}","templated":true}]}}