{"id":13786,"date":"2023-10-24T17:36:49","date_gmt":"2023-10-24T16:36:49","guid":{"rendered":"https:\/\/baralivres.ma\/?post_type=product&#038;p=13786"},"modified":"2023-10-24T17:36:50","modified_gmt":"2023-10-24T16:36:50","slug":"demain","status":"publish","type":"product","link":"https:\/\/baralivres.ma\/?product=demain","title":{"rendered":"Demain"},"content":{"rendered":"<p>Elle incarne son histoire pass\u00e9e&#8230; &#8230; il repr\u00e9sente son avenir.<\/p>\n<p>Emma r\u00e9side \u00e0 New York. \u00c0 l&rsquo;\u00e2ge de trente-deux ans, elle continue inlassablement sa qu\u00eate de l&rsquo;homme de sa vie. Matthew vit \u00e0 Boston, ayant tragiquement perdu sa femme dans un accident \u00e9pouvantable, il \u00e9l\u00e8ve en solitaire sa petite fille.<\/p>\n<p>Leur rencontre a lieu gr\u00e2ce \u00e0 Internet, et d\u00e9sireux de se retrouver en personne, ils fixent un rendez-vous dans un restaurant de Manhattan. Pourtant, le m\u00eame jour, \u00e0 la m\u00eame heure, ils franchissent individuellement la porte de l&rsquo;\u00e9tablissement, sont escort\u00e9s jusqu&rsquo;\u00e0 la m\u00eame table, mais curieusement&#8230; leurs chemins ne se croiseront jamais.<\/p>\n<p>Est-ce un jeu de dupes ? Un fantasme pour l&rsquo;un d&rsquo;entre eux ? Une manipulation de la part de l&rsquo;autre ?<\/p>\n<p>Pris au pi\u00e8ge d&rsquo;une r\u00e9alit\u00e9 qui les d\u00e9passe, Matthew et Emma vont bient\u00f4t r\u00e9aliser que ce n&rsquo;est pas un simple rendez-vous manqu\u00e9&#8230;<\/p>\n","protected":false},"excerpt":{"rendered":"<p>Emma et Matthew cherchent l&rsquo;amour, se rencontrent virtuellement, mais une myst\u00e9rieuse r\u00e9alit\u00e9 les emp\u00eache de se croiser.<\/p>\n","protected":false},"featured_media":13787,"comment_status":"open","ping_status":"closed","template":"","meta":{"inline_featured_image":false},"product_cat":[204,143,178],"product_tag":[],"class_list":{"0":"post-13786","1":"product","2":"type-product","3":"status-publish","4":"has-post-thumbnail","6":"product_cat-francais","7":"product_cat-roman","8":"product_cat-contemporain","9":"pa_auteurs-musso-guillaume","11":"first","12":"instock","13":"shipping-taxable","14":"purchasable","15":"product-type-simple"},"_links":{"self":[{"href":"https:\/\/baralivres.ma\/index.php?rest_route=\/wp\/v2\/product\/13786","targetHints":{"allow":["GET"]}}],"collection":[{"href":"https:\/\/baralivres.ma\/index.php?rest_route=\/wp\/v2\/product"}],"about":[{"href":"https:\/\/baralivres.ma\/index.php?rest_route=\/wp\/v2\/types\/product"}],"replies":[{"embeddable":true,"href":"https:\/\/baralivres.ma\/index.php?rest_route=%2Fwp%2Fv2%2Fcomments&post=13786"}],"version-history":[{"count":1,"href":"https:\/\/baralivres.ma\/index.php?rest_route=\/wp\/v2\/product\/13786\/revisions"}],"predecessor-version":[{"id":13788,"href":"https:\/\/baralivres.ma\/index.php?rest_route=\/wp\/v2\/product\/13786\/revisions\/13788"}],"wp:featuredmedia":[{"embeddable":true,"href":"https:\/\/baralivres.ma\/index.php?rest_route=\/wp\/v2\/media\/13787"}],"wp:attachment":[{"href":"https:\/\/baralivres.ma\/index.php?rest_route=%2Fwp%2Fv2%2Fmedia&parent=13786"}],"wp:term":[{"taxonomy":"product_cat","embeddable":true,"href":"https:\/\/baralivres.ma\/index.php?rest_route=%2Fwp%2Fv2%2Fproduct_cat&post=13786"},{"taxonomy":"product_tag","embeddable":true,"href":"https:\/\/baralivres.ma\/index.php?rest_route=%2Fwp%2Fv2%2Fproduct_tag&post=13786"}],"curies":[{"name":"wp","href":"https:\/\/api.w.org\/{rel}","templated":true}]}}