{"id":13775,"date":"2023-10-24T17:24:05","date_gmt":"2023-10-24T16:24:05","guid":{"rendered":"https:\/\/baralivres.ma\/?post_type=product&#038;p=13775"},"modified":"2023-10-24T17:24:05","modified_gmt":"2023-10-24T16:24:05","slug":"sauve-moi","status":"publish","type":"product","link":"https:\/\/baralivres.ma\/?product=sauve-moi","title":{"rendered":"Sauve-moi"},"content":{"rendered":"<p>La v\u00e9ritable difficult\u00e9 r\u00e9side non pas dans la d\u00e9couverte de l&rsquo;amour,<\/p>\n<p>mais dans la capacit\u00e9 \u00e0 le pr\u00e9server.<\/p>\n<p>Un soir d&rsquo;hiver au c\u0153ur de Broadway, Juliette, une charmante Fran\u00e7aise de vingt-huit ans, croise le chemin de Sam, un jeune p\u00e9diatre new-yorkais. Dans la crainte de le d\u00e9cevoir, elle dissimule ses multiples petits emplois alimentant ses aspirations d&rsquo;actrice. Par peur de l&rsquo;attachement, il pr\u00e9tend \u00eatre mari\u00e9 malgr\u00e9 le r\u00e9cent d\u00e9c\u00e8s de sa femme. Malgr\u00e9 ces deux mensonges, leur amour s&rsquo;\u00e9panouit lors d&rsquo;un week-end intense. Cependant, Juliette doit retourner \u00e0 Paris, et Sam se trouve d\u00e9sempar\u00e9, incapable de trouver les mots pour la retenir \u00e0 ses c\u00f4t\u00e9s. Peu de temps apr\u00e8s le d\u00e9collage de l&rsquo;avion de Juliette, il explose en plein ciel. Pourtant, leur histoire est loin d&rsquo;\u00eatre achev\u00e9e&#8230;<\/p>\n","protected":false},"excerpt":{"rendered":"<p>Juliette et Sam se rencontrent \u00e0 Broadway, mentent sur leur vie, s&rsquo;aiment, mais une trag\u00e9die les s\u00e9pare.<\/p>\n","protected":false},"featured_media":13780,"comment_status":"open","ping_status":"closed","template":"","meta":{"inline_featured_image":false},"product_cat":[204,143,178],"product_tag":[],"class_list":{"0":"post-13775","1":"product","2":"type-product","3":"status-publish","4":"has-post-thumbnail","6":"product_cat-francais","7":"product_cat-roman","8":"product_cat-contemporain","9":"pa_auteurs-musso-guillaume","11":"first","12":"instock","13":"shipping-taxable","14":"purchasable","15":"product-type-simple"},"_links":{"self":[{"href":"https:\/\/baralivres.ma\/index.php?rest_route=\/wp\/v2\/product\/13775","targetHints":{"allow":["GET"]}}],"collection":[{"href":"https:\/\/baralivres.ma\/index.php?rest_route=\/wp\/v2\/product"}],"about":[{"href":"https:\/\/baralivres.ma\/index.php?rest_route=\/wp\/v2\/types\/product"}],"replies":[{"embeddable":true,"href":"https:\/\/baralivres.ma\/index.php?rest_route=%2Fwp%2Fv2%2Fcomments&post=13775"}],"version-history":[{"count":1,"href":"https:\/\/baralivres.ma\/index.php?rest_route=\/wp\/v2\/product\/13775\/revisions"}],"predecessor-version":[{"id":13781,"href":"https:\/\/baralivres.ma\/index.php?rest_route=\/wp\/v2\/product\/13775\/revisions\/13781"}],"wp:featuredmedia":[{"embeddable":true,"href":"https:\/\/baralivres.ma\/index.php?rest_route=\/wp\/v2\/media\/13780"}],"wp:attachment":[{"href":"https:\/\/baralivres.ma\/index.php?rest_route=%2Fwp%2Fv2%2Fmedia&parent=13775"}],"wp:term":[{"taxonomy":"product_cat","embeddable":true,"href":"https:\/\/baralivres.ma\/index.php?rest_route=%2Fwp%2Fv2%2Fproduct_cat&post=13775"},{"taxonomy":"product_tag","embeddable":true,"href":"https:\/\/baralivres.ma\/index.php?rest_route=%2Fwp%2Fv2%2Fproduct_tag&post=13775"}],"curies":[{"name":"wp","href":"https:\/\/api.w.org\/{rel}","templated":true}]}}