{"id":13772,"date":"2023-10-24T17:16:46","date_gmt":"2023-10-24T16:16:46","guid":{"rendered":"https:\/\/baralivres.ma\/?post_type=product&#038;p=13772"},"modified":"2023-10-24T17:16:47","modified_gmt":"2023-10-24T16:16:47","slug":"le-magasin-des-suicides","status":"publish","type":"product","link":"https:\/\/baralivres.ma\/?product=le-magasin-des-suicides","title":{"rendered":"Le magasin des suicides"},"content":{"rendered":"<p>Avez-vous rat\u00e9 votre vie ? Avec nous, r\u00e9ussirez-vous votre mort ? Imaginez un magasin o\u00f9 l&rsquo;on vend depuis dix g\u00e9n\u00e9rations tous les ingr\u00e9dients possibles pour se suicider. Cette petite entreprise familiale prosp\u00e8re dans la tristesse et l&rsquo;humeur sombre jusqu&rsquo;au jour abominable o\u00f9 surgit un adversaire impitoyable : la joie de vivre&#8230;<\/p>\n","protected":false},"excerpt":{"rendered":"<p>Un magasin familial sp\u00e9cialis\u00e9 dans les moyens de suicide est boulevers\u00e9 par l&rsquo;irruption inattendue de la joie de vivre.<\/p>\n","protected":false},"featured_media":13774,"comment_status":"open","ping_status":"closed","template":"","meta":{"inline_featured_image":false},"product_cat":[204,143,178],"product_tag":[],"class_list":{"0":"post-13772","1":"product","2":"type-product","3":"status-publish","4":"has-post-thumbnail","6":"product_cat-francais","7":"product_cat-roman","8":"product_cat-contemporain","9":"pa_auteurs-jean-teule","11":"first","12":"instock","13":"shipping-taxable","14":"purchasable","15":"product-type-simple"},"_links":{"self":[{"href":"https:\/\/baralivres.ma\/index.php?rest_route=\/wp\/v2\/product\/13772","targetHints":{"allow":["GET"]}}],"collection":[{"href":"https:\/\/baralivres.ma\/index.php?rest_route=\/wp\/v2\/product"}],"about":[{"href":"https:\/\/baralivres.ma\/index.php?rest_route=\/wp\/v2\/types\/product"}],"replies":[{"embeddable":true,"href":"https:\/\/baralivres.ma\/index.php?rest_route=%2Fwp%2Fv2%2Fcomments&post=13772"}],"version-history":[{"count":1,"href":"https:\/\/baralivres.ma\/index.php?rest_route=\/wp\/v2\/product\/13772\/revisions"}],"predecessor-version":[{"id":13776,"href":"https:\/\/baralivres.ma\/index.php?rest_route=\/wp\/v2\/product\/13772\/revisions\/13776"}],"wp:featuredmedia":[{"embeddable":true,"href":"https:\/\/baralivres.ma\/index.php?rest_route=\/wp\/v2\/media\/13774"}],"wp:attachment":[{"href":"https:\/\/baralivres.ma\/index.php?rest_route=%2Fwp%2Fv2%2Fmedia&parent=13772"}],"wp:term":[{"taxonomy":"product_cat","embeddable":true,"href":"https:\/\/baralivres.ma\/index.php?rest_route=%2Fwp%2Fv2%2Fproduct_cat&post=13772"},{"taxonomy":"product_tag","embeddable":true,"href":"https:\/\/baralivres.ma\/index.php?rest_route=%2Fwp%2Fv2%2Fproduct_tag&post=13772"}],"curies":[{"name":"wp","href":"https:\/\/api.w.org\/{rel}","templated":true}]}}