{"id":13761,"date":"2023-10-24T17:00:55","date_gmt":"2023-10-24T16:00:55","guid":{"rendered":"https:\/\/baralivres.ma\/?post_type=product&#038;p=13761"},"modified":"2023-10-24T17:00:56","modified_gmt":"2023-10-24T16:00:56","slug":"impact","status":"publish","type":"product","link":"https:\/\/baralivres.ma\/?product=impact","title":{"rendered":"IMPACT"},"content":{"rendered":"<p>Confront\u00e9 \u00e0 la propagation du mal qui a co\u00fbt\u00e9 la vie de sa fille, en m\u00e9moire des millions de victimes pass\u00e9es et \u00e0 venir, Virgil Solal s&rsquo;engage seul dans une lutte acharn\u00e9e contre des adversaires colossaux.<\/p>\n","protected":false},"excerpt":{"rendered":"<p>Virgil Solal se bat seul contre le mal qui a tu\u00e9 sa fille pour honorer les victimes pass\u00e9es et futures, affrontant d&rsquo;immenses adversaires.<\/p>\n","protected":false},"featured_media":13762,"comment_status":"open","ping_status":"closed","template":"","meta":{"inline_featured_image":false},"product_cat":[204,143,187],"product_tag":[],"class_list":{"0":"post-13761","1":"product","2":"type-product","3":"status-publish","4":"has-post-thumbnail","6":"product_cat-francais","7":"product_cat-roman","8":"product_cat-thriller","9":"pa_auteurs-olivier-norek","11":"first","12":"instock","13":"shipping-taxable","14":"purchasable","15":"product-type-simple"},"_links":{"self":[{"href":"https:\/\/baralivres.ma\/index.php?rest_route=\/wp\/v2\/product\/13761","targetHints":{"allow":["GET"]}}],"collection":[{"href":"https:\/\/baralivres.ma\/index.php?rest_route=\/wp\/v2\/product"}],"about":[{"href":"https:\/\/baralivres.ma\/index.php?rest_route=\/wp\/v2\/types\/product"}],"replies":[{"embeddable":true,"href":"https:\/\/baralivres.ma\/index.php?rest_route=%2Fwp%2Fv2%2Fcomments&post=13761"}],"version-history":[{"count":1,"href":"https:\/\/baralivres.ma\/index.php?rest_route=\/wp\/v2\/product\/13761\/revisions"}],"predecessor-version":[{"id":13763,"href":"https:\/\/baralivres.ma\/index.php?rest_route=\/wp\/v2\/product\/13761\/revisions\/13763"}],"wp:featuredmedia":[{"embeddable":true,"href":"https:\/\/baralivres.ma\/index.php?rest_route=\/wp\/v2\/media\/13762"}],"wp:attachment":[{"href":"https:\/\/baralivres.ma\/index.php?rest_route=%2Fwp%2Fv2%2Fmedia&parent=13761"}],"wp:term":[{"taxonomy":"product_cat","embeddable":true,"href":"https:\/\/baralivres.ma\/index.php?rest_route=%2Fwp%2Fv2%2Fproduct_cat&post=13761"},{"taxonomy":"product_tag","embeddable":true,"href":"https:\/\/baralivres.ma\/index.php?rest_route=%2Fwp%2Fv2%2Fproduct_tag&post=13761"}],"curies":[{"name":"wp","href":"https:\/\/api.w.org\/{rel}","templated":true}]}}