{"id":13757,"date":"2023-10-24T16:52:42","date_gmt":"2023-10-24T15:52:42","guid":{"rendered":"https:\/\/baralivres.ma\/?post_type=product&#038;p=13757"},"modified":"2023-10-24T16:52:43","modified_gmt":"2023-10-24T15:52:43","slug":"la-petite-boutique-aux-poisons","status":"publish","type":"product","link":"https:\/\/baralivres.ma\/?product=la-petite-boutique-aux-poisons","title":{"rendered":"La Petite boutique aux poisons"},"content":{"rendered":"<p>R\u00e8gle 1 : Le poison ne doit jamais \u00eatre utilis\u00e9 pour blesser ou tuer une autre femme. R\u00e8gle 2 : Le nom de la meurtri\u00e8re et celui de sa victime doivent \u00eatre not\u00e9s dans les registres de l&rsquo;apothicairesse.<\/p>\n<p>Autrefois, les apothicaires pr\u00eataient serment envers Dieu de ne jamais administrer de poisons, mais Nella, g\u00e9rante d&rsquo;une boutique dans le Londres de 1791, a depuis longtemps abandonn\u00e9 ces r\u00e8gles. Elle vend une vari\u00e9t\u00e9 de poisons \u00e0 condition que les victimes soient des hommes violents. Deux cents ans plus tard, une myst\u00e9rieuse petite fiole bouleverse le destin de Caroline, une Am\u00e9ricaine aux prises avec un chagrin d&rsquo;amour, et r\u00e9veille une histoire oubli\u00e9e de femmes.<\/p>\n","protected":false},"excerpt":{"rendered":"<div class=\"group final-completion w-full text-token-text-primary border-b border-black\/10 gizmo:border-0 dark:border-gray-900\/50 gizmo:dark:border-0 bg-gray-50 gizmo:bg-transparent dark:bg-[#444654] gizmo:dark:bg-transparent\" data-testid=\"conversation-turn-105\">\n<div class=\"p-4 gizmo:py-2 justify-center text-base md:gap-6 md:py-6 m-auto\">\n<div class=\"flex flex-1 gap-4 text-base mx-auto md:gap-6 gizmo:gap-3 gizmo:md:px-5 gizmo:lg:px-1 gizmo:xl:px-5 md:max-w-2xl lg:max-w-[38rem] gizmo:md:max-w-3xl gizmo:lg:max-w-[40rem] gizmo:xl:max-w-[48rem] xl:max-w-3xl }\">\n<div class=\"relative flex w-[calc(100%-50px)] flex-col gizmo:w-full lg:w-[calc(100%-115px)] agent-turn\">\n<div class=\"flex-col gap-1 md:gap-3\">\n<div class=\"flex flex-grow flex-col gap-3 max-w-full\">\n<div class=\"min-h-[20px] flex flex-col items-start gap-3 whitespace-pre-wrap break-words overflow-x-auto\">\n<div class=\"markdown prose w-full break-words dark:prose-invert light\">\n<p>R\u00e8gles d&rsquo;apothicaires bris\u00e9es \u00e0 Londres en 1791 : Nella vend des poisons aux femmes pour nuire aux hommes violents. Une myst\u00e9rieuse fiole relie le destin de femmes oubli\u00e9es \u00e0 Caroline aux \u00c9tats-Unis deux si\u00e8cles plus tard.<\/p>\n<\/div>\n<\/div>\n<\/div>\n<div class=\"flex justify-between empty:hidden gizmo:justify-start gizmo:gap-3 lg:block gizmo:lg:flex\">\n<div class=\"text-gray-400 flex self-end lg:self-center justify-center gizmo:lg:justify-start mt-2 gizmo:mt-0 visible lg:gap-1 lg:absolute lg:top-0 lg:translate-x-full lg:right-0 lg:mt-0 lg:pl-2 gap-2 md:gap-3\"><button class=\"flex ml-auto gizmo:ml-0 gap-2 items-center rounded-md p-1 text-xs gizmo:gap-1.5 gizmo:pl-0 dark:text-gray-400 dark:hover:bg-gray-700 dark:hover:text-gray-200 disabled:dark:hover:text-gray-400 hover:bg-gray-100 hover:text-gray-700\"><\/button><\/p>\n<div class=\"flex gap-1 gizmo:gap-3\"><\/div>\n<\/div>\n<\/div>\n<\/div>\n<\/div>\n<\/div>\n<\/div>\n<\/div>\n","protected":false},"featured_media":13758,"comment_status":"open","ping_status":"closed","template":"","meta":{"inline_featured_image":false},"product_cat":[204,143,178],"product_tag":[],"class_list":{"0":"post-13757","1":"product","2":"type-product","3":"status-publish","4":"has-post-thumbnail","6":"product_cat-francais","7":"product_cat-roman","8":"product_cat-contemporain","9":"pa_auteurs-sarah-penner","11":"first","12":"instock","13":"shipping-taxable","14":"purchasable","15":"product-type-simple"},"_links":{"self":[{"href":"https:\/\/baralivres.ma\/index.php?rest_route=\/wp\/v2\/product\/13757","targetHints":{"allow":["GET"]}}],"collection":[{"href":"https:\/\/baralivres.ma\/index.php?rest_route=\/wp\/v2\/product"}],"about":[{"href":"https:\/\/baralivres.ma\/index.php?rest_route=\/wp\/v2\/types\/product"}],"replies":[{"embeddable":true,"href":"https:\/\/baralivres.ma\/index.php?rest_route=%2Fwp%2Fv2%2Fcomments&post=13757"}],"version-history":[{"count":1,"href":"https:\/\/baralivres.ma\/index.php?rest_route=\/wp\/v2\/product\/13757\/revisions"}],"predecessor-version":[{"id":13759,"href":"https:\/\/baralivres.ma\/index.php?rest_route=\/wp\/v2\/product\/13757\/revisions\/13759"}],"wp:featuredmedia":[{"embeddable":true,"href":"https:\/\/baralivres.ma\/index.php?rest_route=\/wp\/v2\/media\/13758"}],"wp:attachment":[{"href":"https:\/\/baralivres.ma\/index.php?rest_route=%2Fwp%2Fv2%2Fmedia&parent=13757"}],"wp:term":[{"taxonomy":"product_cat","embeddable":true,"href":"https:\/\/baralivres.ma\/index.php?rest_route=%2Fwp%2Fv2%2Fproduct_cat&post=13757"},{"taxonomy":"product_tag","embeddable":true,"href":"https:\/\/baralivres.ma\/index.php?rest_route=%2Fwp%2Fv2%2Fproduct_tag&post=13757"}],"curies":[{"name":"wp","href":"https:\/\/api.w.org\/{rel}","templated":true}]}}