{"id":13754,"date":"2023-10-24T16:48:55","date_gmt":"2023-10-24T15:48:55","guid":{"rendered":"https:\/\/baralivres.ma\/?post_type=product&#038;p=13754"},"modified":"2023-10-24T16:48:56","modified_gmt":"2023-10-24T15:48:56","slug":"le-mystere-des-templiers","status":"publish","type":"product","link":"https:\/\/baralivres.ma\/?product=le-mystere-des-templiers","title":{"rendered":"Le Myst\u00e8re des Templiers"},"content":{"rendered":"<p>Plongez dans le conflit ancestral entre les Templiers et les Assassins, d\u00e9butant le 13 octobre 1307 lorsque le roi Philippe Le Bel ordonne l&rsquo;arrestation des Templiers. Lors de cette purge, S\u00e9bastien Le Marc re\u00e7oit l&rsquo;ordre de mettre en s\u00e9curit\u00e9 trois myst\u00e9rieux coffres, tout en \u00e9tant poursuivi par un membre de l&rsquo;ordre islamique des Assassins. En 2021, dans le Missouri, l&rsquo;arch\u00e9ologue Sean Wyatt, impliqu\u00e9 dans l&rsquo;\u00e9tude d&rsquo;une pierre grav\u00e9e de symboles, survit \u00e0 une tentative de meurtre men\u00e9e par des agresseurs portant un tatouage caract\u00e9ristique de l&rsquo;ordre des Assassins. Cela soul\u00e8ve la question de la r\u00e9activation de cet ordre secret et de ses objectifs.<\/p>\n","protected":false},"excerpt":{"rendered":"<p>Le conflit ancestral entre les Templiers et les Assassins ressuscite en 2021 lorsque Sean Wyatt survit \u00e0 une tentative de meurtre li\u00e9e \u00e0 l&rsquo;ordre des Assassins.<\/p>\n","protected":false},"featured_media":13755,"comment_status":"open","ping_status":"closed","template":"","meta":{"inline_featured_image":false},"product_cat":[204,143,187],"product_tag":[],"class_list":{"0":"post-13754","1":"product","2":"type-product","3":"status-publish","4":"has-post-thumbnail","6":"product_cat-francais","7":"product_cat-roman","8":"product_cat-thriller","9":"pa_auteurs-ernest-dempsey","11":"first","12":"instock","13":"shipping-taxable","14":"purchasable","15":"product-type-simple"},"_links":{"self":[{"href":"https:\/\/baralivres.ma\/index.php?rest_route=\/wp\/v2\/product\/13754","targetHints":{"allow":["GET"]}}],"collection":[{"href":"https:\/\/baralivres.ma\/index.php?rest_route=\/wp\/v2\/product"}],"about":[{"href":"https:\/\/baralivres.ma\/index.php?rest_route=\/wp\/v2\/types\/product"}],"replies":[{"embeddable":true,"href":"https:\/\/baralivres.ma\/index.php?rest_route=%2Fwp%2Fv2%2Fcomments&post=13754"}],"version-history":[{"count":1,"href":"https:\/\/baralivres.ma\/index.php?rest_route=\/wp\/v2\/product\/13754\/revisions"}],"predecessor-version":[{"id":13756,"href":"https:\/\/baralivres.ma\/index.php?rest_route=\/wp\/v2\/product\/13754\/revisions\/13756"}],"wp:featuredmedia":[{"embeddable":true,"href":"https:\/\/baralivres.ma\/index.php?rest_route=\/wp\/v2\/media\/13755"}],"wp:attachment":[{"href":"https:\/\/baralivres.ma\/index.php?rest_route=%2Fwp%2Fv2%2Fmedia&parent=13754"}],"wp:term":[{"taxonomy":"product_cat","embeddable":true,"href":"https:\/\/baralivres.ma\/index.php?rest_route=%2Fwp%2Fv2%2Fproduct_cat&post=13754"},{"taxonomy":"product_tag","embeddable":true,"href":"https:\/\/baralivres.ma\/index.php?rest_route=%2Fwp%2Fv2%2Fproduct_tag&post=13754"}],"curies":[{"name":"wp","href":"https:\/\/api.w.org\/{rel}","templated":true}]}}