{"id":13746,"date":"2023-10-24T16:42:27","date_gmt":"2023-10-24T15:42:27","guid":{"rendered":"https:\/\/baralivres.ma\/?post_type=product&#038;p=13746"},"modified":"2023-10-24T16:42:27","modified_gmt":"2023-10-24T15:42:27","slug":"central-park","status":"publish","type":"product","link":"https:\/\/baralivres.ma\/?product=central-park","title":{"rendered":"Central Park"},"content":{"rendered":"<p>Alice et Gabriel se r\u00e9veillent encha\u00een\u00e9s l&rsquo;un \u00e0 l&rsquo;autre sur un banc de Central Park sans le moindre souvenir de la nuit pr\u00e9c\u00e9dente&#8230; Cependant, cette \u00e9nigme restera grav\u00e9e dans leur m\u00e9moire.<\/p>\n<p>New York, 8 heures du matin. Alice, une jeune polici\u00e8re parisienne, et Gabriel, un pianiste de jazz am\u00e9ricain, se retrouvent menott\u00e9s sans se reconna\u00eetre, sans le moindre souvenir de leur rencontre. La veille, Alice s&rsquo;amusait avec ses amies sur les Champs-\u00c9lys\u00e9es tandis que Gabriel jouait du piano dans un club \u00e0 Dublin. Inimaginable ? Et pourtant&#8230;<\/p>\n","protected":false},"excerpt":{"rendered":"<p>Alice et Gabriel, sans m\u00e9moire, li\u00e9s \u00e0 Central Park, plong\u00e9s dans un myst\u00e8re captivant aux destins entrelac\u00e9s.<\/p>\n","protected":false},"featured_media":13750,"comment_status":"open","ping_status":"closed","template":"","meta":{"inline_featured_image":false},"product_cat":[204,143],"product_tag":[],"class_list":{"0":"post-13746","1":"product","2":"type-product","3":"status-publish","4":"has-post-thumbnail","6":"product_cat-francais","7":"product_cat-roman","8":"pa_auteurs-guillame-musso","10":"first","11":"instock","12":"shipping-taxable","13":"purchasable","14":"product-type-simple"},"_links":{"self":[{"href":"https:\/\/baralivres.ma\/index.php?rest_route=\/wp\/v2\/product\/13746","targetHints":{"allow":["GET"]}}],"collection":[{"href":"https:\/\/baralivres.ma\/index.php?rest_route=\/wp\/v2\/product"}],"about":[{"href":"https:\/\/baralivres.ma\/index.php?rest_route=\/wp\/v2\/types\/product"}],"replies":[{"embeddable":true,"href":"https:\/\/baralivres.ma\/index.php?rest_route=%2Fwp%2Fv2%2Fcomments&post=13746"}],"version-history":[{"count":1,"href":"https:\/\/baralivres.ma\/index.php?rest_route=\/wp\/v2\/product\/13746\/revisions"}],"predecessor-version":[{"id":13751,"href":"https:\/\/baralivres.ma\/index.php?rest_route=\/wp\/v2\/product\/13746\/revisions\/13751"}],"wp:featuredmedia":[{"embeddable":true,"href":"https:\/\/baralivres.ma\/index.php?rest_route=\/wp\/v2\/media\/13750"}],"wp:attachment":[{"href":"https:\/\/baralivres.ma\/index.php?rest_route=%2Fwp%2Fv2%2Fmedia&parent=13746"}],"wp:term":[{"taxonomy":"product_cat","embeddable":true,"href":"https:\/\/baralivres.ma\/index.php?rest_route=%2Fwp%2Fv2%2Fproduct_cat&post=13746"},{"taxonomy":"product_tag","embeddable":true,"href":"https:\/\/baralivres.ma\/index.php?rest_route=%2Fwp%2Fv2%2Fproduct_tag&post=13746"}],"curies":[{"name":"wp","href":"https:\/\/api.w.org\/{rel}","templated":true}]}}