{"id":13745,"date":"2023-10-24T16:40:53","date_gmt":"2023-10-24T15:40:53","guid":{"rendered":"https:\/\/baralivres.ma\/?post_type=product&#038;p=13745"},"modified":"2023-10-24T16:40:53","modified_gmt":"2023-10-24T15:40:53","slug":"le-meilleur-des-mondes","status":"publish","type":"product","link":"https:\/\/baralivres.ma\/?product=le-meilleur-des-mondes","title":{"rendered":"Le meilleur des mondes"},"content":{"rendered":"<p>Il y a environ un si\u00e8cle, Aldous Huxley offre des visions fascinantes d&rsquo;une civilisation future, caract\u00e9ris\u00e9e par un \u00c9tat Mondial hautement hi\u00e9rarchis\u00e9, o\u00f9 les derniers humains \u00ab\u00a0sauvages\u00a0\u00bb sont confin\u00e9s dans des r\u00e9serves. La culture in vitro des f\u0153tus a donn\u00e9 naissance \u00e0 une \u00e9lite \u00ab\u00a0Alpha\u00a0\u00bb g\u00e9n\u00e9tiquement pr\u00e9destin\u00e9e \u00e0 diriger, tandis que les castes inf\u00e9rieures sont conditionn\u00e9es pour accepter leur condition avec contentement. Dans cette soci\u00e9t\u00e9, o\u00f9 le bonheur est une loi, les notions de famille, de monogamie et de sentiments sont proscrites. Ce \u00ab\u00a0meilleur des mondes\u00a0\u00bb nous semble aujourd&rsquo;hui \u00e9tonnamment familier.<\/p>\n","protected":false},"excerpt":{"rendered":"<p>Aldous Huxley imagine une soci\u00e9t\u00e9 futuriste hi\u00e9rarchis\u00e9e, o\u00f9 le bonheur est impos\u00e9, anticipant des \u00e9l\u00e9ments familiers de notre propre monde.<\/p>\n","protected":false},"featured_media":13747,"comment_status":"open","ping_status":"closed","template":"","meta":{"inline_featured_image":false},"product_cat":[204,143,178],"product_tag":[],"class_list":{"0":"post-13745","1":"product","2":"type-product","3":"status-publish","4":"has-post-thumbnail","6":"product_cat-francais","7":"product_cat-roman","8":"product_cat-contemporain","9":"pa_auteurs-aldous-huxley","11":"first","12":"instock","13":"shipping-taxable","14":"purchasable","15":"product-type-simple"},"_links":{"self":[{"href":"https:\/\/baralivres.ma\/index.php?rest_route=\/wp\/v2\/product\/13745","targetHints":{"allow":["GET"]}}],"collection":[{"href":"https:\/\/baralivres.ma\/index.php?rest_route=\/wp\/v2\/product"}],"about":[{"href":"https:\/\/baralivres.ma\/index.php?rest_route=\/wp\/v2\/types\/product"}],"replies":[{"embeddable":true,"href":"https:\/\/baralivres.ma\/index.php?rest_route=%2Fwp%2Fv2%2Fcomments&post=13745"}],"version-history":[{"count":1,"href":"https:\/\/baralivres.ma\/index.php?rest_route=\/wp\/v2\/product\/13745\/revisions"}],"predecessor-version":[{"id":13748,"href":"https:\/\/baralivres.ma\/index.php?rest_route=\/wp\/v2\/product\/13745\/revisions\/13748"}],"wp:featuredmedia":[{"embeddable":true,"href":"https:\/\/baralivres.ma\/index.php?rest_route=\/wp\/v2\/media\/13747"}],"wp:attachment":[{"href":"https:\/\/baralivres.ma\/index.php?rest_route=%2Fwp%2Fv2%2Fmedia&parent=13745"}],"wp:term":[{"taxonomy":"product_cat","embeddable":true,"href":"https:\/\/baralivres.ma\/index.php?rest_route=%2Fwp%2Fv2%2Fproduct_cat&post=13745"},{"taxonomy":"product_tag","embeddable":true,"href":"https:\/\/baralivres.ma\/index.php?rest_route=%2Fwp%2Fv2%2Fproduct_tag&post=13745"}],"curies":[{"name":"wp","href":"https:\/\/api.w.org\/{rel}","templated":true}]}}