{"id":13736,"date":"2023-10-24T16:06:08","date_gmt":"2023-10-24T15:06:08","guid":{"rendered":"https:\/\/baralivres.ma\/?post_type=product&#038;p=13736"},"modified":"2023-10-24T16:18:00","modified_gmt":"2023-10-24T15:18:00","slug":"que-serais-je-sans-toi","status":"publish","type":"product","link":"https:\/\/baralivres.ma\/?product=que-serais-je-sans-toi","title":{"rendered":"Que serais-je sans toi ?"},"content":{"rendered":"<p>Martin, un jeune policier parisien, poursuit inlassablement Archibald Mac Lean, le c\u00e9l\u00e8bre voleur de tableaux recherch\u00e9 \u00e0 l&rsquo;\u00e9chelle mondiale. Apr\u00e8s une intense poursuite \u00e0 travers les rues de Paris, son enqu\u00eate le conduit jusqu&rsquo;\u00e0 San Francisco, o\u00f9 le destin le remet en contact avec Gabrielle, une femme qu&rsquo;il a passionn\u00e9ment aim\u00e9e il y a quinze ans.<\/p>\n<p>Ce qu&rsquo;il d\u00e9couvre \u00e0 ce moment le laisse bouche b\u00e9e : il s&rsquo;av\u00e8re que Gabrielle est en r\u00e9alit\u00e9 la fille de son adversaire acharn\u00e9. Cette incroyable co\u00efncidence n&rsquo;est-elle vraiment qu&rsquo;un simple fruit du hasard ?<\/p>\n","protected":false},"excerpt":{"rendered":"<p>Martin traque le voleur de tableaux Mac Lean, d\u00e9couvre que Gabrielle est sa fille, remettant en question le hasard.<\/p>\n","protected":false},"featured_media":13737,"comment_status":"open","ping_status":"closed","template":"","meta":{"inline_featured_image":false},"product_cat":[204,143,178],"product_tag":[],"class_list":{"0":"post-13736","1":"product","2":"type-product","3":"status-publish","4":"has-post-thumbnail","6":"product_cat-francais","7":"product_cat-roman","8":"product_cat-contemporain","9":"pa_auteurs-guillame-musso","11":"first","12":"instock","13":"shipping-taxable","14":"purchasable","15":"product-type-simple"},"_links":{"self":[{"href":"https:\/\/baralivres.ma\/index.php?rest_route=\/wp\/v2\/product\/13736","targetHints":{"allow":["GET"]}}],"collection":[{"href":"https:\/\/baralivres.ma\/index.php?rest_route=\/wp\/v2\/product"}],"about":[{"href":"https:\/\/baralivres.ma\/index.php?rest_route=\/wp\/v2\/types\/product"}],"replies":[{"embeddable":true,"href":"https:\/\/baralivres.ma\/index.php?rest_route=%2Fwp%2Fv2%2Fcomments&post=13736"}],"version-history":[{"count":2,"href":"https:\/\/baralivres.ma\/index.php?rest_route=\/wp\/v2\/product\/13736\/revisions"}],"predecessor-version":[{"id":13739,"href":"https:\/\/baralivres.ma\/index.php?rest_route=\/wp\/v2\/product\/13736\/revisions\/13739"}],"wp:featuredmedia":[{"embeddable":true,"href":"https:\/\/baralivres.ma\/index.php?rest_route=\/wp\/v2\/media\/13737"}],"wp:attachment":[{"href":"https:\/\/baralivres.ma\/index.php?rest_route=%2Fwp%2Fv2%2Fmedia&parent=13736"}],"wp:term":[{"taxonomy":"product_cat","embeddable":true,"href":"https:\/\/baralivres.ma\/index.php?rest_route=%2Fwp%2Fv2%2Fproduct_cat&post=13736"},{"taxonomy":"product_tag","embeddable":true,"href":"https:\/\/baralivres.ma\/index.php?rest_route=%2Fwp%2Fv2%2Fproduct_tag&post=13736"}],"curies":[{"name":"wp","href":"https:\/\/api.w.org\/{rel}","templated":true}]}}