{"id":13733,"date":"2023-10-24T15:57:25","date_gmt":"2023-10-24T14:57:25","guid":{"rendered":"https:\/\/baralivres.ma\/?post_type=product&#038;p=13733"},"modified":"2023-10-24T16:01:16","modified_gmt":"2023-10-24T15:01:16","slug":"lappel-de-lange","status":"publish","type":"product","link":"https:\/\/baralivres.ma\/?product=lappel-de-lange","title":{"rendered":"L&rsquo;appel de l&rsquo;ange"},"content":{"rendered":"<p>\u00c0 l&rsquo;a\u00e9roport John F. Kennedy de New York, le destin fait se croiser un homme et une femme. En se relevant apr\u00e8s leur collision, Madeline et Jonathan accidentellement \u00e9changent leurs t\u00e9l\u00e9phones portables. Ils ne r\u00e9alisent leur erreur qu&rsquo;une fois s\u00e9par\u00e9s par une distance de 10 000 kilom\u00e8tres : elle est fleuriste \u00e0 Paris, lui g\u00e8re un restaurant \u00e0 San Francisco.<\/p>\n<p>Piqu\u00e9s par la curiosit\u00e9, ils d\u00e9cident d&rsquo;explorer le contenu des t\u00e9l\u00e9phones de l&rsquo;autre. Cette intrusion double r\u00e9v\u00e8le un secret qui les lie, un secret qu&rsquo;ils pensaient avoir enseveli \u00e0 jamais, bouleversant ainsi leur existence.<\/p>\n","protected":false},"excerpt":{"rendered":"<p>\u00c0 l&rsquo;a\u00e9roport JFK, Madeline et Jonathan \u00e9changent par accident leurs t\u00e9l\u00e9phones, r\u00e9v\u00e9lant un secret qui les unit.<\/p>\n","protected":false},"featured_media":13734,"comment_status":"open","ping_status":"closed","template":"","meta":{"inline_featured_image":false},"product_cat":[204,143],"product_tag":[],"class_list":{"0":"post-13733","1":"product","2":"type-product","3":"status-publish","4":"has-post-thumbnail","6":"product_cat-francais","7":"product_cat-roman","8":"pa_auteurs-guillame-musso","10":"first","11":"instock","12":"shipping-taxable","13":"purchasable","14":"product-type-simple"},"_links":{"self":[{"href":"https:\/\/baralivres.ma\/index.php?rest_route=\/wp\/v2\/product\/13733","targetHints":{"allow":["GET"]}}],"collection":[{"href":"https:\/\/baralivres.ma\/index.php?rest_route=\/wp\/v2\/product"}],"about":[{"href":"https:\/\/baralivres.ma\/index.php?rest_route=\/wp\/v2\/types\/product"}],"replies":[{"embeddable":true,"href":"https:\/\/baralivres.ma\/index.php?rest_route=%2Fwp%2Fv2%2Fcomments&post=13733"}],"version-history":[{"count":1,"href":"https:\/\/baralivres.ma\/index.php?rest_route=\/wp\/v2\/product\/13733\/revisions"}],"predecessor-version":[{"id":13735,"href":"https:\/\/baralivres.ma\/index.php?rest_route=\/wp\/v2\/product\/13733\/revisions\/13735"}],"wp:featuredmedia":[{"embeddable":true,"href":"https:\/\/baralivres.ma\/index.php?rest_route=\/wp\/v2\/media\/13734"}],"wp:attachment":[{"href":"https:\/\/baralivres.ma\/index.php?rest_route=%2Fwp%2Fv2%2Fmedia&parent=13733"}],"wp:term":[{"taxonomy":"product_cat","embeddable":true,"href":"https:\/\/baralivres.ma\/index.php?rest_route=%2Fwp%2Fv2%2Fproduct_cat&post=13733"},{"taxonomy":"product_tag","embeddable":true,"href":"https:\/\/baralivres.ma\/index.php?rest_route=%2Fwp%2Fv2%2Fproduct_tag&post=13733"}],"curies":[{"name":"wp","href":"https:\/\/api.w.org\/{rel}","templated":true}]}}