{"id":13730,"date":"2023-10-24T15:46:37","date_gmt":"2023-10-24T14:46:37","guid":{"rendered":"https:\/\/baralivres.ma\/?post_type=product&#038;p=13730"},"modified":"2023-10-24T15:46:37","modified_gmt":"2023-10-24T14:46:37","slug":"seras-tu-la","status":"publish","type":"product","link":"https:\/\/baralivres.ma\/?product=seras-tu-la","title":{"rendered":"Seras-tu l\u00e0 ?"},"content":{"rendered":"<p>Elliott, r\u00e9sidant \u00e0 San Francisco, est un \u00e9minent chirurgien. Sa vie serait combl\u00e9e de bonheur si Ilena, la femme de sa vie, n&rsquo;avait pas perdu la vie trente ans plus t\u00f4t. Cependant, un jour, il fait une rencontre \u00e9nigmatique : un homme lui offre la possibilit\u00e9 de retourner dans le pass\u00e9. D\u00e9sormais capable de voyager entre deux \u00e9poques, 2006 et 1976, Elliott se retrouve face \u00e0 son propre moi plus jeune. Il essaie de persuader son alter ego de prendre des d\u00e9cisions diff\u00e9rentes, mais il r\u00e9alise trop tard que manipuler impun\u00e9ment les voies parall\u00e8les du temps a des cons\u00e9quences impr\u00e9visibles. Ce touchant face-\u00e0-face ne manque pas de charme<\/p>\n","protected":false},"excerpt":{"rendered":"<p>Chirurgien Elliott revit pass\u00e9, rencontre son moi plus jeune, alt\u00e8re le temps, d\u00e9couvre les cons\u00e9quences.<\/p>\n","protected":false},"featured_media":13731,"comment_status":"open","ping_status":"closed","template":"","meta":{"inline_featured_image":false},"product_cat":[204,143,187],"product_tag":[],"class_list":{"0":"post-13730","1":"product","2":"type-product","3":"status-publish","4":"has-post-thumbnail","6":"product_cat-francais","7":"product_cat-roman","8":"product_cat-thriller","9":"pa_auteurs-guillame-musso","11":"first","12":"instock","13":"shipping-taxable","14":"purchasable","15":"product-type-simple"},"_links":{"self":[{"href":"https:\/\/baralivres.ma\/index.php?rest_route=\/wp\/v2\/product\/13730","targetHints":{"allow":["GET"]}}],"collection":[{"href":"https:\/\/baralivres.ma\/index.php?rest_route=\/wp\/v2\/product"}],"about":[{"href":"https:\/\/baralivres.ma\/index.php?rest_route=\/wp\/v2\/types\/product"}],"replies":[{"embeddable":true,"href":"https:\/\/baralivres.ma\/index.php?rest_route=%2Fwp%2Fv2%2Fcomments&post=13730"}],"version-history":[{"count":1,"href":"https:\/\/baralivres.ma\/index.php?rest_route=\/wp\/v2\/product\/13730\/revisions"}],"predecessor-version":[{"id":13732,"href":"https:\/\/baralivres.ma\/index.php?rest_route=\/wp\/v2\/product\/13730\/revisions\/13732"}],"wp:featuredmedia":[{"embeddable":true,"href":"https:\/\/baralivres.ma\/index.php?rest_route=\/wp\/v2\/media\/13731"}],"wp:attachment":[{"href":"https:\/\/baralivres.ma\/index.php?rest_route=%2Fwp%2Fv2%2Fmedia&parent=13730"}],"wp:term":[{"taxonomy":"product_cat","embeddable":true,"href":"https:\/\/baralivres.ma\/index.php?rest_route=%2Fwp%2Fv2%2Fproduct_cat&post=13730"},{"taxonomy":"product_tag","embeddable":true,"href":"https:\/\/baralivres.ma\/index.php?rest_route=%2Fwp%2Fv2%2Fproduct_tag&post=13730"}],"curies":[{"name":"wp","href":"https:\/\/api.w.org\/{rel}","templated":true}]}}