{"id":13727,"date":"2023-10-24T15:37:37","date_gmt":"2023-10-24T14:37:37","guid":{"rendered":"https:\/\/baralivres.ma\/?post_type=product&#038;p=13727"},"modified":"2023-10-24T15:37:37","modified_gmt":"2023-10-24T14:37:37","slug":"la-chambre-des-morts","status":"publish","type":"product","link":"https:\/\/baralivres.ma\/?product=la-chambre-des-morts","title":{"rendered":"La chambre des morts"},"content":{"rendered":"<p>Envisagez ceci : Vous conduisez en pleine obscurit\u00e9 aux c\u00f4t\u00e9s de votre meilleur ami, les phares de votre v\u00e9hicule \u00e9teints. Devant vous, se dresse un champ d&rsquo;\u00e9oliennes, d\u00e9sert et silencieux. Puis survient l&rsquo;impact, brutal et sans pr\u00e9c\u00e9dent. Un corps est \u00e9tendu \u00e0 proximit\u00e9 de votre voiture, \u00e0 ses c\u00f4t\u00e9s, un sac de sport. \u00c0 l&rsquo;int\u00e9rieur, vous d\u00e9couvrez deux millions d&rsquo;euros. Quelle serait votre d\u00e9cision ? Vigo et Sylvain, eux, ont fait leur choix.<\/p>\n","protected":false},"excerpt":{"rendered":"<p>Conduite nocturne, collision inattendue avec corps et sac de 2 millions d&rsquo;euros. D\u00e9cisions de Vigo et Sylvain.<\/p>\n","protected":false},"featured_media":13728,"comment_status":"open","ping_status":"closed","template":"","meta":{"inline_featured_image":false},"product_cat":[204,143,187],"product_tag":[],"class_list":{"0":"post-13727","1":"product","2":"type-product","3":"status-publish","4":"has-post-thumbnail","6":"product_cat-francais","7":"product_cat-roman","8":"product_cat-thriller","9":"pa_auteurs-franck-thilliez","11":"first","12":"instock","13":"shipping-taxable","14":"purchasable","15":"product-type-simple"},"_links":{"self":[{"href":"https:\/\/baralivres.ma\/index.php?rest_route=\/wp\/v2\/product\/13727","targetHints":{"allow":["GET"]}}],"collection":[{"href":"https:\/\/baralivres.ma\/index.php?rest_route=\/wp\/v2\/product"}],"about":[{"href":"https:\/\/baralivres.ma\/index.php?rest_route=\/wp\/v2\/types\/product"}],"replies":[{"embeddable":true,"href":"https:\/\/baralivres.ma\/index.php?rest_route=%2Fwp%2Fv2%2Fcomments&post=13727"}],"version-history":[{"count":1,"href":"https:\/\/baralivres.ma\/index.php?rest_route=\/wp\/v2\/product\/13727\/revisions"}],"predecessor-version":[{"id":13729,"href":"https:\/\/baralivres.ma\/index.php?rest_route=\/wp\/v2\/product\/13727\/revisions\/13729"}],"wp:featuredmedia":[{"embeddable":true,"href":"https:\/\/baralivres.ma\/index.php?rest_route=\/wp\/v2\/media\/13728"}],"wp:attachment":[{"href":"https:\/\/baralivres.ma\/index.php?rest_route=%2Fwp%2Fv2%2Fmedia&parent=13727"}],"wp:term":[{"taxonomy":"product_cat","embeddable":true,"href":"https:\/\/baralivres.ma\/index.php?rest_route=%2Fwp%2Fv2%2Fproduct_cat&post=13727"},{"taxonomy":"product_tag","embeddable":true,"href":"https:\/\/baralivres.ma\/index.php?rest_route=%2Fwp%2Fv2%2Fproduct_tag&post=13727"}],"curies":[{"name":"wp","href":"https:\/\/api.w.org\/{rel}","templated":true}]}}