{"id":13716,"date":"2023-10-24T15:21:19","date_gmt":"2023-10-24T14:21:19","guid":{"rendered":"https:\/\/baralivres.ma\/?post_type=product&#038;p=13716"},"modified":"2023-10-24T15:21:19","modified_gmt":"2023-10-24T14:21:19","slug":"les-revoltes-de-cordoue","status":"publish","type":"product","link":"https:\/\/baralivres.ma\/?product=les-revoltes-de-cordoue","title":{"rendered":"Les r\u00e9volt\u00e9s de Cordoue"},"content":{"rendered":"<p>En 1568, tandis que l&rsquo;Espagne vit son \u00e2ge d&rsquo;or, les Maures subissent la r\u00e9pression impitoyable de l&rsquo;Inquisition, menant \u00e0 une r\u00e9volte imminente. \u00c0 Juviles, dans le royaume de Grenade, un jeune muletier, Hernando le Nazar\u00e9en, issu d&rsquo;une union controvers\u00e9e, se trouve pris dans les tourments des conflits \u00e0 venir. Rejet\u00e9 par les deux c\u00f4t\u00e9s en raison de ses origines, il traverse la mis\u00e8re et la splendeur, la guerre et les fastes de Cordoue, tout en nourrissant l&rsquo;espoir de r\u00e9concilier les croyances et les peuples.<\/p>\n","protected":false},"excerpt":{"rendered":"<p>En 1568, Hernando le Nazar\u00e9en, issu d&rsquo;une union contest\u00e9e, lutte pour la r\u00e9conciliation entre les Maures et l&rsquo;Inquisition en Espagne.<\/p>\n","protected":false},"featured_media":13718,"comment_status":"open","ping_status":"closed","template":"","meta":{"inline_featured_image":false},"product_cat":[204,143,178],"product_tag":[],"class_list":{"0":"post-13716","1":"product","2":"type-product","3":"status-publish","4":"has-post-thumbnail","6":"product_cat-francais","7":"product_cat-roman","8":"product_cat-contemporain","9":"pa_auteurs-ildefonso-falcones","11":"first","12":"instock","13":"shipping-taxable","14":"purchasable","15":"product-type-simple"},"_links":{"self":[{"href":"https:\/\/baralivres.ma\/index.php?rest_route=\/wp\/v2\/product\/13716","targetHints":{"allow":["GET"]}}],"collection":[{"href":"https:\/\/baralivres.ma\/index.php?rest_route=\/wp\/v2\/product"}],"about":[{"href":"https:\/\/baralivres.ma\/index.php?rest_route=\/wp\/v2\/types\/product"}],"replies":[{"embeddable":true,"href":"https:\/\/baralivres.ma\/index.php?rest_route=%2Fwp%2Fv2%2Fcomments&post=13716"}],"version-history":[{"count":1,"href":"https:\/\/baralivres.ma\/index.php?rest_route=\/wp\/v2\/product\/13716\/revisions"}],"predecessor-version":[{"id":13719,"href":"https:\/\/baralivres.ma\/index.php?rest_route=\/wp\/v2\/product\/13716\/revisions\/13719"}],"wp:featuredmedia":[{"embeddable":true,"href":"https:\/\/baralivres.ma\/index.php?rest_route=\/wp\/v2\/media\/13718"}],"wp:attachment":[{"href":"https:\/\/baralivres.ma\/index.php?rest_route=%2Fwp%2Fv2%2Fmedia&parent=13716"}],"wp:term":[{"taxonomy":"product_cat","embeddable":true,"href":"https:\/\/baralivres.ma\/index.php?rest_route=%2Fwp%2Fv2%2Fproduct_cat&post=13716"},{"taxonomy":"product_tag","embeddable":true,"href":"https:\/\/baralivres.ma\/index.php?rest_route=%2Fwp%2Fv2%2Fproduct_tag&post=13716"}],"curies":[{"name":"wp","href":"https:\/\/api.w.org\/{rel}","templated":true}]}}