{"id":13713,"date":"2023-10-24T15:15:58","date_gmt":"2023-10-24T14:15:58","guid":{"rendered":"https:\/\/baralivres.ma\/?post_type=product&#038;p=13713"},"modified":"2023-10-24T15:15:58","modified_gmt":"2023-10-24T14:15:58","slug":"complot","status":"publish","type":"product","link":"https:\/\/baralivres.ma\/?product=complot","title":{"rendered":"COMPLOT"},"content":{"rendered":"<p>Un archipel isol\u00e9 dans le nord de la Norv\u00e8ge, balay\u00e9 par les vents violents, abrite le corps d&rsquo;une femme en haut d&rsquo;une falaise, ses blessures d\u00e9chir\u00e9es rev\u00eatant un myst\u00e8re profond. Lorsque l&rsquo;inspectrice Sarah Gering\u00ebn, accompagn\u00e9e des Forces sp\u00e9ciales, d\u00e9couvre que la victime est la Premi\u00e8re ministre, le choc est incommensurable. Sarah pressent que cet acte macabre marque le commencement d&rsquo;une s\u00e9rie de meurtres terrifiants. Dans son enqu\u00eate, une pr\u00e9sence myst\u00e9rieuse semble constamment la devancer, comme si cette ombre pouvait lire ses pens\u00e9es, semant le doute quant \u00e0 l&rsquo;existence d&rsquo;un complot implacable qui la poursuit \u00e0 chaque tournant de l&rsquo;affaire.<\/p>\n","protected":false},"excerpt":{"rendered":"<p>Le meurtre de la Premi\u00e8re ministre sur un archipel norv\u00e9gien entra\u00eene une s\u00e9rie de meurtres \u00e9nigmatiques, hantant l&rsquo;inspectrice Sarah Gering\u00ebn par une pr\u00e9sence myst\u00e9rieuse.<\/p>\n","protected":false},"featured_media":13714,"comment_status":"open","ping_status":"closed","template":"","meta":{"inline_featured_image":false},"product_cat":[204,143,187],"product_tag":[],"class_list":{"0":"post-13713","1":"product","2":"type-product","3":"status-publish","4":"has-post-thumbnail","6":"product_cat-francais","7":"product_cat-roman","8":"product_cat-thriller","9":"pa_auteurs-nicolas-beuglet","11":"first","12":"instock","13":"shipping-taxable","14":"purchasable","15":"product-type-simple"},"_links":{"self":[{"href":"https:\/\/baralivres.ma\/index.php?rest_route=\/wp\/v2\/product\/13713","targetHints":{"allow":["GET"]}}],"collection":[{"href":"https:\/\/baralivres.ma\/index.php?rest_route=\/wp\/v2\/product"}],"about":[{"href":"https:\/\/baralivres.ma\/index.php?rest_route=\/wp\/v2\/types\/product"}],"replies":[{"embeddable":true,"href":"https:\/\/baralivres.ma\/index.php?rest_route=%2Fwp%2Fv2%2Fcomments&post=13713"}],"version-history":[{"count":1,"href":"https:\/\/baralivres.ma\/index.php?rest_route=\/wp\/v2\/product\/13713\/revisions"}],"predecessor-version":[{"id":13715,"href":"https:\/\/baralivres.ma\/index.php?rest_route=\/wp\/v2\/product\/13713\/revisions\/13715"}],"wp:featuredmedia":[{"embeddable":true,"href":"https:\/\/baralivres.ma\/index.php?rest_route=\/wp\/v2\/media\/13714"}],"wp:attachment":[{"href":"https:\/\/baralivres.ma\/index.php?rest_route=%2Fwp%2Fv2%2Fmedia&parent=13713"}],"wp:term":[{"taxonomy":"product_cat","embeddable":true,"href":"https:\/\/baralivres.ma\/index.php?rest_route=%2Fwp%2Fv2%2Fproduct_cat&post=13713"},{"taxonomy":"product_tag","embeddable":true,"href":"https:\/\/baralivres.ma\/index.php?rest_route=%2Fwp%2Fv2%2Fproduct_tag&post=13713"}],"curies":[{"name":"wp","href":"https:\/\/api.w.org\/{rel}","templated":true}]}}