{"id":13709,"date":"2023-10-24T15:25:52","date_gmt":"2023-10-24T14:25:52","guid":{"rendered":"https:\/\/baralivres.ma\/?post_type=product&#038;p=13709"},"modified":"2023-10-24T15:25:52","modified_gmt":"2023-10-24T14:25:52","slug":"la-foret-des-ombres","status":"publish","type":"product","link":"https:\/\/baralivres.ma\/?product=la-foret-des-ombres","title":{"rendered":"La for\u00eat des ombres"},"content":{"rendered":"<p>Arthur Doffre, un homme riche au myst\u00e8re profond, est sur le point de concr\u00e9tiser un souhait qui date de vingt-cinq ans : faire rena\u00eetre un tueur en s\u00e9rie nomm\u00e9 le Bourreau 125 \u00e0 travers un roman. Pour ce thriller, David Miller, un embaumeur de profession ayant d\u00e9j\u00e0 connu le succ\u00e8s avec un premier livre, doit r\u00e9diger le manuscrit en un mois en \u00e9change d&rsquo;une somme consid\u00e9rable.<\/p>\n<p>Se retirant dans un chalet isol\u00e9 en pleine For\u00eat-Noire en compagnie de sa femme, de sa fille, d&rsquo;Arthur Doffre et de la jeune compagne de ce dernier, David commence imm\u00e9diatement \u00e0 travailler. Cependant, il existe des spectres que l&rsquo;on ne devrait jamais \u00e9voquer&#8230;<\/p>\n","protected":false},"excerpt":{"rendered":"<p>Un \u00e9nigmatique milliardaire engage un auteur pour ressusciter un tueur en s\u00e9rie dans un thriller dangereux.<\/p>\n","protected":false},"featured_media":13717,"comment_status":"open","ping_status":"closed","template":"","meta":{"inline_featured_image":false},"product_cat":[204,143,187],"product_tag":[],"class_list":{"0":"post-13709","1":"product","2":"type-product","3":"status-publish","4":"has-post-thumbnail","6":"product_cat-francais","7":"product_cat-roman","8":"product_cat-thriller","9":"pa_auteurs-franck-thilliez","11":"first","12":"instock","13":"shipping-taxable","14":"purchasable","15":"product-type-simple"},"_links":{"self":[{"href":"https:\/\/baralivres.ma\/index.php?rest_route=\/wp\/v2\/product\/13709","targetHints":{"allow":["GET"]}}],"collection":[{"href":"https:\/\/baralivres.ma\/index.php?rest_route=\/wp\/v2\/product"}],"about":[{"href":"https:\/\/baralivres.ma\/index.php?rest_route=\/wp\/v2\/types\/product"}],"replies":[{"embeddable":true,"href":"https:\/\/baralivres.ma\/index.php?rest_route=%2Fwp%2Fv2%2Fcomments&post=13709"}],"version-history":[{"count":1,"href":"https:\/\/baralivres.ma\/index.php?rest_route=\/wp\/v2\/product\/13709\/revisions"}],"predecessor-version":[{"id":13723,"href":"https:\/\/baralivres.ma\/index.php?rest_route=\/wp\/v2\/product\/13709\/revisions\/13723"}],"wp:featuredmedia":[{"embeddable":true,"href":"https:\/\/baralivres.ma\/index.php?rest_route=\/wp\/v2\/media\/13717"}],"wp:attachment":[{"href":"https:\/\/baralivres.ma\/index.php?rest_route=%2Fwp%2Fv2%2Fmedia&parent=13709"}],"wp:term":[{"taxonomy":"product_cat","embeddable":true,"href":"https:\/\/baralivres.ma\/index.php?rest_route=%2Fwp%2Fv2%2Fproduct_cat&post=13709"},{"taxonomy":"product_tag","embeddable":true,"href":"https:\/\/baralivres.ma\/index.php?rest_route=%2Fwp%2Fv2%2Fproduct_tag&post=13709"}],"curies":[{"name":"wp","href":"https:\/\/api.w.org\/{rel}","templated":true}]}}