{"id":13703,"date":"2023-10-24T15:06:36","date_gmt":"2023-10-24T14:06:36","guid":{"rendered":"https:\/\/baralivres.ma\/?post_type=product&#038;p=13703"},"modified":"2023-10-24T15:06:36","modified_gmt":"2023-10-24T14:06:36","slug":"train-denfer-pour-ange-rouge","status":"publish","type":"product","link":"https:\/\/baralivres.ma\/?product=train-denfer-pour-ange-rouge","title":{"rendered":"Train d&rsquo;enfer pour Ange rouge"},"content":{"rendered":"<p>\u00c0 proximit\u00e9 de Paris, un cadavre d\u00e9membr\u00e9 est d\u00e9couvert, la victime a subi une d\u00e9capitation, et son corps est d\u00e9lib\u00e9r\u00e9ment arrang\u00e9 d&rsquo;une mani\u00e8re choquante, d\u00e9fiant toute imagination. Le commissaire Franck Sharko est d\u00e9p\u00each\u00e9 sur les lieux, plong\u00e9 dans les t\u00e9n\u00e8bres qu&rsquo;il conna\u00eet trop bien : sa femme a myst\u00e9rieusement disparu il y a six mois, sans la moindre trace ni demande de ran\u00e7on. Cette nouvelle enqu\u00eate, en r\u00e9veillant l&rsquo;instinct du policier qui sommeillait en lui, le conduira profond\u00e9ment dans l&rsquo;obscurit\u00e9 de la nuit, bien plus loin que ce qu&rsquo;il aurait pu imaginer.<\/p>\n","protected":false},"excerpt":{"rendered":"<p>Un commissaire traque un tueur brutal tout en cherchant sa femme disparue, plongeant dans l&rsquo;obscurit\u00e9.<\/p>\n","protected":false},"featured_media":13707,"comment_status":"open","ping_status":"closed","template":"","meta":{"inline_featured_image":false},"product_cat":[204,187],"product_tag":[],"class_list":{"0":"post-13703","1":"product","2":"type-product","3":"status-publish","4":"has-post-thumbnail","6":"product_cat-francais","7":"product_cat-thriller","8":"pa_auteurs-franck-thilliez","10":"first","11":"instock","12":"shipping-taxable","13":"purchasable","14":"product-type-simple"},"_links":{"self":[{"href":"https:\/\/baralivres.ma\/index.php?rest_route=\/wp\/v2\/product\/13703","targetHints":{"allow":["GET"]}}],"collection":[{"href":"https:\/\/baralivres.ma\/index.php?rest_route=\/wp\/v2\/product"}],"about":[{"href":"https:\/\/baralivres.ma\/index.php?rest_route=\/wp\/v2\/types\/product"}],"replies":[{"embeddable":true,"href":"https:\/\/baralivres.ma\/index.php?rest_route=%2Fwp%2Fv2%2Fcomments&post=13703"}],"version-history":[{"count":1,"href":"https:\/\/baralivres.ma\/index.php?rest_route=\/wp\/v2\/product\/13703\/revisions"}],"predecessor-version":[{"id":13708,"href":"https:\/\/baralivres.ma\/index.php?rest_route=\/wp\/v2\/product\/13703\/revisions\/13708"}],"wp:featuredmedia":[{"embeddable":true,"href":"https:\/\/baralivres.ma\/index.php?rest_route=\/wp\/v2\/media\/13707"}],"wp:attachment":[{"href":"https:\/\/baralivres.ma\/index.php?rest_route=%2Fwp%2Fv2%2Fmedia&parent=13703"}],"wp:term":[{"taxonomy":"product_cat","embeddable":true,"href":"https:\/\/baralivres.ma\/index.php?rest_route=%2Fwp%2Fv2%2Fproduct_cat&post=13703"},{"taxonomy":"product_tag","embeddable":true,"href":"https:\/\/baralivres.ma\/index.php?rest_route=%2Fwp%2Fv2%2Fproduct_tag&post=13703"}],"curies":[{"name":"wp","href":"https:\/\/api.w.org\/{rel}","templated":true}]}}