{"id":13702,"date":"2023-10-24T15:00:29","date_gmt":"2023-10-24T14:00:29","guid":{"rendered":"https:\/\/baralivres.ma\/?post_type=product&#038;p=13702"},"modified":"2023-10-24T15:00:30","modified_gmt":"2023-10-24T14:00:30","slug":"je-taime","status":"publish","type":"product","link":"https:\/\/baralivres.ma\/?product=je-taime","title":{"rendered":"Je t&rsquo;aime"},"content":{"rendered":"<p>\u00c0 18 ans, Alice exp\u00e9rimente les premi\u00e8res \u00e9tapes de l&rsquo;amour, tandis que son p\u00e8re Simon commence une nouvelle relation avec Maude. Entre Maude et Alice, une distance typique d&rsquo;une famille recompos\u00e9e pr\u00e9vaut. Lorsque Maude d\u00e9couvre qu&rsquo;Alice fume du cannabis et accepte de garder le secret, cette petite dissimulation innocente d\u00e9clenche, six mois plus tard, une trag\u00e9die d&rsquo;une ampleur inimaginable. Ce drame met en \u00e9vidence que les mensonges, quels qu&rsquo;ils soient, peuvent avoir des cons\u00e9quences d\u00e9vastatrices et souligne la fine fronti\u00e8re entre l&rsquo;amour et la haine.<\/p>\n","protected":false},"excerpt":{"rendered":"<p>Une innocente dissimulation entre Alice et Maude, m\u00e8re et fille dans une famille recompos\u00e9e, d\u00e9clenche une trag\u00e9die inattendue, illustrant la proximit\u00e9 entre l&rsquo;amour et la haine.<\/p>\n","protected":false},"featured_media":13704,"comment_status":"open","ping_status":"closed","template":"","meta":{"inline_featured_image":false},"product_cat":[204,143,187],"product_tag":[],"class_list":{"0":"post-13702","1":"product","2":"type-product","3":"status-publish","4":"has-post-thumbnail","6":"product_cat-francais","7":"product_cat-roman","8":"product_cat-thriller","9":"pa_auteurs-barbara-abel","11":"first","12":"instock","13":"shipping-taxable","14":"purchasable","15":"product-type-simple"},"_links":{"self":[{"href":"https:\/\/baralivres.ma\/index.php?rest_route=\/wp\/v2\/product\/13702","targetHints":{"allow":["GET"]}}],"collection":[{"href":"https:\/\/baralivres.ma\/index.php?rest_route=\/wp\/v2\/product"}],"about":[{"href":"https:\/\/baralivres.ma\/index.php?rest_route=\/wp\/v2\/types\/product"}],"replies":[{"embeddable":true,"href":"https:\/\/baralivres.ma\/index.php?rest_route=%2Fwp%2Fv2%2Fcomments&post=13702"}],"version-history":[{"count":1,"href":"https:\/\/baralivres.ma\/index.php?rest_route=\/wp\/v2\/product\/13702\/revisions"}],"predecessor-version":[{"id":13705,"href":"https:\/\/baralivres.ma\/index.php?rest_route=\/wp\/v2\/product\/13702\/revisions\/13705"}],"wp:featuredmedia":[{"embeddable":true,"href":"https:\/\/baralivres.ma\/index.php?rest_route=\/wp\/v2\/media\/13704"}],"wp:attachment":[{"href":"https:\/\/baralivres.ma\/index.php?rest_route=%2Fwp%2Fv2%2Fmedia&parent=13702"}],"wp:term":[{"taxonomy":"product_cat","embeddable":true,"href":"https:\/\/baralivres.ma\/index.php?rest_route=%2Fwp%2Fv2%2Fproduct_cat&post=13702"},{"taxonomy":"product_tag","embeddable":true,"href":"https:\/\/baralivres.ma\/index.php?rest_route=%2Fwp%2Fv2%2Fproduct_tag&post=13702"}],"curies":[{"name":"wp","href":"https:\/\/api.w.org\/{rel}","templated":true}]}}