{"id":13699,"date":"2023-10-24T12:55:58","date_gmt":"2023-10-24T11:55:58","guid":{"rendered":"https:\/\/baralivres.ma\/?post_type=product&#038;p=13699"},"modified":"2023-10-24T12:55:58","modified_gmt":"2023-10-24T11:55:58","slug":"vertige","status":"publish","type":"product","link":"https:\/\/baralivres.ma\/?product=vertige","title":{"rendered":"Vertige"},"content":{"rendered":"<p>Un individu se r\u00e9veille dans les profondeurs d&rsquo;un gouffre, accompagn\u00e9 uniquement de deux \u00e9trangers et de son fid\u00e8le chien. Il est attach\u00e9 \u00e0 une cha\u00eene \u00e0 son poignet, l&rsquo;un des deux hommes est encha\u00een\u00e9 \u00e0 la cheville, tandis que le troisi\u00e8me est libre, mais son visage est dissimul\u00e9 derri\u00e8re un masque terrifiant, qui risque de se d\u00e9clencher s&rsquo;il s&rsquo;\u00e9loigne des deux autres. Qui les a conduits \u00e0 cet endroit ? Et dans quel but ?<\/p>\n","protected":false},"excerpt":{"rendered":"<p>Homme r\u00e9veille gouffre, encha\u00een\u00e9, masque effrayant. Deux inconnus, fid\u00e8le chien. Myst\u00e8re : Qui les y a plac\u00e9s ?<\/p>\n","protected":false},"featured_media":13700,"comment_status":"open","ping_status":"closed","template":"","meta":{"inline_featured_image":false},"product_cat":[204,143],"product_tag":[],"class_list":{"0":"post-13699","1":"product","2":"type-product","3":"status-publish","4":"has-post-thumbnail","6":"product_cat-francais","7":"product_cat-roman","8":"pa_auteurs-franck-thilliez","10":"first","11":"instock","12":"shipping-taxable","13":"purchasable","14":"product-type-simple"},"_links":{"self":[{"href":"https:\/\/baralivres.ma\/index.php?rest_route=\/wp\/v2\/product\/13699","targetHints":{"allow":["GET"]}}],"collection":[{"href":"https:\/\/baralivres.ma\/index.php?rest_route=\/wp\/v2\/product"}],"about":[{"href":"https:\/\/baralivres.ma\/index.php?rest_route=\/wp\/v2\/types\/product"}],"replies":[{"embeddable":true,"href":"https:\/\/baralivres.ma\/index.php?rest_route=%2Fwp%2Fv2%2Fcomments&post=13699"}],"version-history":[{"count":1,"href":"https:\/\/baralivres.ma\/index.php?rest_route=\/wp\/v2\/product\/13699\/revisions"}],"predecessor-version":[{"id":13701,"href":"https:\/\/baralivres.ma\/index.php?rest_route=\/wp\/v2\/product\/13699\/revisions\/13701"}],"wp:featuredmedia":[{"embeddable":true,"href":"https:\/\/baralivres.ma\/index.php?rest_route=\/wp\/v2\/media\/13700"}],"wp:attachment":[{"href":"https:\/\/baralivres.ma\/index.php?rest_route=%2Fwp%2Fv2%2Fmedia&parent=13699"}],"wp:term":[{"taxonomy":"product_cat","embeddable":true,"href":"https:\/\/baralivres.ma\/index.php?rest_route=%2Fwp%2Fv2%2Fproduct_cat&post=13699"},{"taxonomy":"product_tag","embeddable":true,"href":"https:\/\/baralivres.ma\/index.php?rest_route=%2Fwp%2Fv2%2Fproduct_tag&post=13699"}],"curies":[{"name":"wp","href":"https:\/\/api.w.org\/{rel}","templated":true}]}}