{"id":13696,"date":"2023-10-24T12:47:13","date_gmt":"2023-10-24T11:47:13","guid":{"rendered":"https:\/\/baralivres.ma\/?post_type=product&#038;p=13696"},"modified":"2023-10-24T12:47:14","modified_gmt":"2023-10-24T11:47:14","slug":"il-etait-deux-fois","status":"publish","type":"product","link":"https:\/\/baralivres.ma\/?product=il-etait-deux-fois","title":{"rendered":"Il \u00e9tait deux fois&#8230;"},"content":{"rendered":"<p>En 2008, un p\u00e8re, le lieutenant de gendarmerie Gabriel Moscato, est \u00e0 la recherche de sa fille Julie, \u00e2g\u00e9e de dix-sept ans, qui a myst\u00e9rieusement disparu, ne laissant derri\u00e8re elle que son v\u00e9lo adoss\u00e9 \u00e0 un arbre. Gabriel Moscato s&rsquo;engage alors dans une enqu\u00eate d\u00e9sesp\u00e9r\u00e9e et effr\u00e9n\u00e9e. Cependant, un jour, alors qu&rsquo;il suit une piste qui le m\u00e8ne \u00e0 l&rsquo;h\u00f4tel de la Falaise, il est autoris\u00e9 par le propri\u00e9taire \u00e0 consulter le registre dans la chambre 29 du deuxi\u00e8me \u00e9tage.<\/p>\n<p>\u00c9puis\u00e9 apr\u00e8s un mois de recherches infructueuses, Gabriel finit par s&rsquo;endormir. Lorsqu&rsquo;il se r\u00e9veille, il d\u00e9couvre que tout a chang\u00e9. Il se trouve dans la chambre 7, au rez-de-chauss\u00e9e, et \u00e0 l&rsquo;ext\u00e9rieur, une pluie d&rsquo;oiseaux morts s&rsquo;abat contre la fen\u00eatre. Plus incroyable encore, douze ann\u00e9es se sont \u00e9coul\u00e9es, et nous sommes en 2020. Malheureusement, Julie demeure introuvable.<\/p>\n","protected":false},"excerpt":{"rendered":"<p>En 2008, un p\u00e8re cherche sa fille. Il s&rsquo;endort, se r\u00e9veille en 2020 sans la retrouver.<\/p>\n","protected":false},"featured_media":13697,"comment_status":"open","ping_status":"closed","template":"","meta":{"inline_featured_image":false},"product_cat":[204,143],"product_tag":[],"class_list":{"0":"post-13696","1":"product","2":"type-product","3":"status-publish","4":"has-post-thumbnail","6":"product_cat-francais","7":"product_cat-roman","8":"pa_auteurs-franck-thilliez","10":"first","11":"instock","12":"shipping-taxable","13":"purchasable","14":"product-type-simple"},"_links":{"self":[{"href":"https:\/\/baralivres.ma\/index.php?rest_route=\/wp\/v2\/product\/13696","targetHints":{"allow":["GET"]}}],"collection":[{"href":"https:\/\/baralivres.ma\/index.php?rest_route=\/wp\/v2\/product"}],"about":[{"href":"https:\/\/baralivres.ma\/index.php?rest_route=\/wp\/v2\/types\/product"}],"replies":[{"embeddable":true,"href":"https:\/\/baralivres.ma\/index.php?rest_route=%2Fwp%2Fv2%2Fcomments&post=13696"}],"version-history":[{"count":1,"href":"https:\/\/baralivres.ma\/index.php?rest_route=\/wp\/v2\/product\/13696\/revisions"}],"predecessor-version":[{"id":13698,"href":"https:\/\/baralivres.ma\/index.php?rest_route=\/wp\/v2\/product\/13696\/revisions\/13698"}],"wp:featuredmedia":[{"embeddable":true,"href":"https:\/\/baralivres.ma\/index.php?rest_route=\/wp\/v2\/media\/13697"}],"wp:attachment":[{"href":"https:\/\/baralivres.ma\/index.php?rest_route=%2Fwp%2Fv2%2Fmedia&parent=13696"}],"wp:term":[{"taxonomy":"product_cat","embeddable":true,"href":"https:\/\/baralivres.ma\/index.php?rest_route=%2Fwp%2Fv2%2Fproduct_cat&post=13696"},{"taxonomy":"product_tag","embeddable":true,"href":"https:\/\/baralivres.ma\/index.php?rest_route=%2Fwp%2Fv2%2Fproduct_tag&post=13696"}],"curies":[{"name":"wp","href":"https:\/\/api.w.org\/{rel}","templated":true}]}}