{"id":13693,"date":"2023-10-24T12:34:50","date_gmt":"2023-10-24T11:34:50","guid":{"rendered":"https:\/\/baralivres.ma\/?post_type=product&#038;p=13693"},"modified":"2023-10-24T12:34:50","modified_gmt":"2023-10-24T11:34:50","slug":"luca","status":"publish","type":"product","link":"https:\/\/baralivres.ma\/?product=luca","title":{"rendered":"Luca"},"content":{"rendered":"<p>Partout r\u00e8gne la terreur. Elle s\u00e9vit dans une chambre d&rsquo;h\u00f4tel sordide o\u00f9 une jeune femme, dont le ventre a \u00e9t\u00e9 lou\u00e9 \u00e0 prix d&rsquo;or par un couple d\u00e9sesp\u00e9r\u00e9 de devenir parents, dispara\u00eet aussi myst\u00e9rieusement qu&rsquo;elle \u00e9tait apparue. La terreur se manifeste \u00e9galement au fond d&rsquo;une fosse dans la for\u00eat, o\u00f9 g\u00eet un corps mutil\u00e9. Elle hante un homme qui conna\u00eet pr\u00e9cis\u00e9ment le jour et l&rsquo;heure de sa propre mort.<\/p>\n<p>Et puis survient une lettre, qui ressemble \u00e0 un manifeste, mais qui annonce le pire. C&rsquo;est le point de d\u00e9part d&rsquo;une sombre course contre la montre pour l&rsquo;\u00e9quipe dirig\u00e9e par le commandant Sharko. Tout semble indiquer que l&rsquo;enfer ne fait que commencer.<\/p>\n","protected":false},"excerpt":{"rendered":"<p>Une terreur g\u00e9n\u00e9ralis\u00e9e s&#8217;empare de lieux divers, et une lettre sombre annonce un cauchemar imminent.<\/p>\n","protected":false},"featured_media":13694,"comment_status":"open","ping_status":"closed","template":"","meta":{"inline_featured_image":false},"product_cat":[204,143],"product_tag":[],"class_list":{"0":"post-13693","1":"product","2":"type-product","3":"status-publish","4":"has-post-thumbnail","6":"product_cat-francais","7":"product_cat-roman","8":"pa_auteurs-franck-thilliez","10":"first","11":"instock","12":"shipping-taxable","13":"purchasable","14":"product-type-simple"},"_links":{"self":[{"href":"https:\/\/baralivres.ma\/index.php?rest_route=\/wp\/v2\/product\/13693","targetHints":{"allow":["GET"]}}],"collection":[{"href":"https:\/\/baralivres.ma\/index.php?rest_route=\/wp\/v2\/product"}],"about":[{"href":"https:\/\/baralivres.ma\/index.php?rest_route=\/wp\/v2\/types\/product"}],"replies":[{"embeddable":true,"href":"https:\/\/baralivres.ma\/index.php?rest_route=%2Fwp%2Fv2%2Fcomments&post=13693"}],"version-history":[{"count":1,"href":"https:\/\/baralivres.ma\/index.php?rest_route=\/wp\/v2\/product\/13693\/revisions"}],"predecessor-version":[{"id":13695,"href":"https:\/\/baralivres.ma\/index.php?rest_route=\/wp\/v2\/product\/13693\/revisions\/13695"}],"wp:featuredmedia":[{"embeddable":true,"href":"https:\/\/baralivres.ma\/index.php?rest_route=\/wp\/v2\/media\/13694"}],"wp:attachment":[{"href":"https:\/\/baralivres.ma\/index.php?rest_route=%2Fwp%2Fv2%2Fmedia&parent=13693"}],"wp:term":[{"taxonomy":"product_cat","embeddable":true,"href":"https:\/\/baralivres.ma\/index.php?rest_route=%2Fwp%2Fv2%2Fproduct_cat&post=13693"},{"taxonomy":"product_tag","embeddable":true,"href":"https:\/\/baralivres.ma\/index.php?rest_route=%2Fwp%2Fv2%2Fproduct_tag&post=13693"}],"curies":[{"name":"wp","href":"https:\/\/api.w.org\/{rel}","templated":true}]}}