{"id":13689,"date":"2023-10-24T12:28:12","date_gmt":"2023-10-24T11:28:12","guid":{"rendered":"https:\/\/baralivres.ma\/?post_type=product&#038;p=13689"},"modified":"2023-10-24T12:29:32","modified_gmt":"2023-10-24T11:29:32","slug":"13689","status":"publish","type":"product","link":"https:\/\/baralivres.ma\/?product=13689","title":{"rendered":"Le Syndrome E"},"content":{"rendered":"<p>\u00c0 l&rsquo;occasion de la s\u00e9rie sp\u00e9ciale diffus\u00e9e sur TF1, d\u00e9couvrez \u00e0 nouveau \u00ab\u00a0Le Syndrome [E]\u00a0\u00bb. Un film \u00e9nigmatique et sinistre aux cons\u00e9quences aveuglantes qui va perturber les cong\u00e9s de Lucie Henebelle, lieutenant de police \u00e0 Lille.<\/p>\n<p>La d\u00e9couverte de cinq corps atrocement mutil\u00e9s ne laisse aucun choix \u00e0 la brigade criminelle, qui rappelle le commissaire Franck Sharko en cong\u00e9 forc\u00e9. Deux pistes convergent vers une seule et m\u00eame affaire, r\u00e9unissant ainsi Henebelle et Sharko.<\/p>\n<p>Depuis les bidonvilles du Caire jusqu&rsquo;aux orphelinats du Canada, ces nouveaux partenaires de travail vont mettre en lumi\u00e8re un mal inconnu, d&rsquo;une r\u00e9alit\u00e9 terrifiante, r\u00e9v\u00e9lant que nous avons tous la capacit\u00e9 de commettre l&rsquo;impensable. Pour ceux qui ne sont pas familiers avec le Syndrome [E], cela signifie qu&rsquo;ils ignorent ce dont ils sont capables.<\/p>\n","protected":false},"excerpt":{"rendered":"<p>S\u00e9rie TF1 \u00ab\u00a0Le Syndrome [E]\u00a0\u00bb: Lucie Henebelle et Franck Sharko traquent un myst\u00e9rieux tueur aux pouvoirs perturbants.<\/p>\n","protected":false},"featured_media":13690,"comment_status":"open","ping_status":"closed","template":"","meta":{"inline_featured_image":false},"product_cat":[204,143],"product_tag":[],"class_list":{"0":"post-13689","1":"product","2":"type-product","3":"status-publish","4":"has-post-thumbnail","6":"product_cat-francais","7":"product_cat-roman","8":"pa_auteurs-franck-thilliez","10":"first","11":"instock","12":"shipping-taxable","13":"purchasable","14":"product-type-simple"},"_links":{"self":[{"href":"https:\/\/baralivres.ma\/index.php?rest_route=\/wp\/v2\/product\/13689","targetHints":{"allow":["GET"]}}],"collection":[{"href":"https:\/\/baralivres.ma\/index.php?rest_route=\/wp\/v2\/product"}],"about":[{"href":"https:\/\/baralivres.ma\/index.php?rest_route=\/wp\/v2\/types\/product"}],"replies":[{"embeddable":true,"href":"https:\/\/baralivres.ma\/index.php?rest_route=%2Fwp%2Fv2%2Fcomments&post=13689"}],"version-history":[{"count":2,"href":"https:\/\/baralivres.ma\/index.php?rest_route=\/wp\/v2\/product\/13689\/revisions"}],"predecessor-version":[{"id":13692,"href":"https:\/\/baralivres.ma\/index.php?rest_route=\/wp\/v2\/product\/13689\/revisions\/13692"}],"wp:featuredmedia":[{"embeddable":true,"href":"https:\/\/baralivres.ma\/index.php?rest_route=\/wp\/v2\/media\/13690"}],"wp:attachment":[{"href":"https:\/\/baralivres.ma\/index.php?rest_route=%2Fwp%2Fv2%2Fmedia&parent=13689"}],"wp:term":[{"taxonomy":"product_cat","embeddable":true,"href":"https:\/\/baralivres.ma\/index.php?rest_route=%2Fwp%2Fv2%2Fproduct_cat&post=13689"},{"taxonomy":"product_tag","embeddable":true,"href":"https:\/\/baralivres.ma\/index.php?rest_route=%2Fwp%2Fv2%2Fproduct_tag&post=13689"}],"curies":[{"name":"wp","href":"https:\/\/api.w.org\/{rel}","templated":true}]}}