{"id":13686,"date":"2023-10-24T12:19:19","date_gmt":"2023-10-24T11:19:19","guid":{"rendered":"https:\/\/baralivres.ma\/?post_type=product&#038;p=13686"},"modified":"2023-10-24T12:19:19","modified_gmt":"2023-10-24T11:19:19","slug":"le-manuscrit-inacheve","status":"publish","type":"product","link":"https:\/\/baralivres.ma\/?product=le-manuscrit-inacheve","title":{"rendered":"Le Manuscrit inachev\u00e9"},"content":{"rendered":"<p>Un manuscrit qui ne conna\u00eet pas de fin, une enqu\u00eate sans corps, une victime sans identit\u00e9 : voici le nouveau thriller sign\u00e9 par Franck Thilliez ! Une enqu\u00eate sans cadavre. Une d\u00e9funte sans visage. Un thriller sans limite.<\/p>\n<p>Pr\u00e8s de Grenoble, une voiture termine sa course dans un ravin, renfermant le corps sans vie d&rsquo;une femme. Les images de vid\u00e9osurveillance de la station-service o\u00f9 le conducteur a \u00e9t\u00e9 vu sont sans \u00e9quivoque : l&rsquo;homme n&rsquo;est pas le propri\u00e9taire du v\u00e9hicule.<\/p>\n<p>L\u00e9ane Morgan et Ena\u00ebl Miraure ne font qu&rsquo;une. Cette institutrice reconvertie en \u00e9crivaine \u00e0 succ\u00e8s a toujours gard\u00e9 sa vie personnelle dans l&rsquo;ombre, marqu\u00e9e par un mariage qui n&rsquo;a laiss\u00e9 que des vestiges, en particulier \u00ab\u00a0L&rsquo;Inspirante\u00a0\u00bb, une villa perch\u00e9e au bord des dunes de la C\u00f4te d&rsquo;Opale, et le traumatisme de l&rsquo;enl\u00e8vement de sa fille, Sarah. L&rsquo;agression soudaine de son mari va r\u00e9veiller les pires souvenirs.<\/p>\n<p>Au milieu du vent, du sable et du brouillard, une question parmi tant d&rsquo;autres se pose : \u00e0 qui se tourner et vers quoi quand la seule v\u00e9rit\u00e9 est que tout vous devient \u00e9tranger ?<\/p>\n","protected":false},"excerpt":{"rendered":"<p>Enqu\u00eateur d\u00e9couvre femme sans identit\u00e9 dans une voiture accident\u00e9e, d\u00e9clenchant un thriller myst\u00e9rieux aux multiples secrets.<\/p>\n","protected":false},"featured_media":13687,"comment_status":"open","ping_status":"closed","template":"","meta":{"inline_featured_image":false},"product_cat":[204,143],"product_tag":[],"class_list":{"0":"post-13686","1":"product","2":"type-product","3":"status-publish","4":"has-post-thumbnail","6":"product_cat-francais","7":"product_cat-roman","8":"pa_auteurs-franck-thilliez","10":"first","11":"instock","12":"shipping-taxable","13":"purchasable","14":"product-type-simple"},"_links":{"self":[{"href":"https:\/\/baralivres.ma\/index.php?rest_route=\/wp\/v2\/product\/13686","targetHints":{"allow":["GET"]}}],"collection":[{"href":"https:\/\/baralivres.ma\/index.php?rest_route=\/wp\/v2\/product"}],"about":[{"href":"https:\/\/baralivres.ma\/index.php?rest_route=\/wp\/v2\/types\/product"}],"replies":[{"embeddable":true,"href":"https:\/\/baralivres.ma\/index.php?rest_route=%2Fwp%2Fv2%2Fcomments&post=13686"}],"version-history":[{"count":1,"href":"https:\/\/baralivres.ma\/index.php?rest_route=\/wp\/v2\/product\/13686\/revisions"}],"predecessor-version":[{"id":13688,"href":"https:\/\/baralivres.ma\/index.php?rest_route=\/wp\/v2\/product\/13686\/revisions\/13688"}],"wp:featuredmedia":[{"embeddable":true,"href":"https:\/\/baralivres.ma\/index.php?rest_route=\/wp\/v2\/media\/13687"}],"wp:attachment":[{"href":"https:\/\/baralivres.ma\/index.php?rest_route=%2Fwp%2Fv2%2Fmedia&parent=13686"}],"wp:term":[{"taxonomy":"product_cat","embeddable":true,"href":"https:\/\/baralivres.ma\/index.php?rest_route=%2Fwp%2Fv2%2Fproduct_cat&post=13686"},{"taxonomy":"product_tag","embeddable":true,"href":"https:\/\/baralivres.ma\/index.php?rest_route=%2Fwp%2Fv2%2Fproduct_tag&post=13686"}],"curies":[{"name":"wp","href":"https:\/\/api.w.org\/{rel}","templated":true}]}}