{"id":13683,"date":"2023-10-24T12:13:48","date_gmt":"2023-10-24T11:13:48","guid":{"rendered":"https:\/\/baralivres.ma\/?post_type=product&#038;p=13683"},"modified":"2025-02-20T11:47:56","modified_gmt":"2025-02-20T10:47:56","slug":"la-bible-le-coran-et-la-science","status":"publish","type":"product","link":"https:\/\/baralivres.ma\/?product=la-bible-le-coran-et-la-science","title":{"rendered":"La Bible, le Coran et la science"},"content":{"rendered":"<p>\u00c0 travers une analyse impartiale des textes sacr\u00e9s, Maurice Bucaille remet en question les pr\u00e9jug\u00e9s entourant l&rsquo;Ancien Testament, les \u00c9vangiles et le Coran, cherchant \u00e0 distinguer la R\u00e9v\u00e9lation de l&rsquo;interpr\u00e9tation humaine. Son examen jette un nouvel \u00e9clairage sur ces \u00e9crits saints. Finalement, il souligne l&rsquo;importance de la continuit\u00e9 de la R\u00e9v\u00e9lation divine malgr\u00e9 les diff\u00e9rences de langage au fil du temps, encourageant ainsi la r\u00e9flexion sur les \u00e9l\u00e9ments qui devraient unir spirituellement juifs, chr\u00e9tiens et musulmans plut\u00f4t que de les diviser.<\/p>\n","protected":false},"excerpt":{"rendered":"<p>Maurice Bucaille remet en question les id\u00e9es pr\u00e9con\u00e7ues sur les textes religieux, soulignant la continuit\u00e9 de la R\u00e9v\u00e9lation divine.<\/p>\n","protected":false},"featured_media":13684,"comment_status":"open","ping_status":"closed","template":"","meta":{"inline_featured_image":false},"product_cat":[3725,3862,4214],"product_tag":[],"class_list":{"0":"post-13683","1":"product","2":"type-product","3":"status-publish","4":"has-post-thumbnail","6":"product_cat-litterature-religieuse","7":"product_cat-spiritualite","8":"product_cat-voyage-spirituel-pendant-le-ramadan","9":"pa_auteurs-maurice-bucaille","11":"first","12":"instock","13":"shipping-taxable","14":"purchasable","15":"product-type-simple"},"_links":{"self":[{"href":"https:\/\/baralivres.ma\/index.php?rest_route=\/wp\/v2\/product\/13683","targetHints":{"allow":["GET"]}}],"collection":[{"href":"https:\/\/baralivres.ma\/index.php?rest_route=\/wp\/v2\/product"}],"about":[{"href":"https:\/\/baralivres.ma\/index.php?rest_route=\/wp\/v2\/types\/product"}],"replies":[{"embeddable":true,"href":"https:\/\/baralivres.ma\/index.php?rest_route=%2Fwp%2Fv2%2Fcomments&post=13683"}],"version-history":[{"count":1,"href":"https:\/\/baralivres.ma\/index.php?rest_route=\/wp\/v2\/product\/13683\/revisions"}],"predecessor-version":[{"id":13685,"href":"https:\/\/baralivres.ma\/index.php?rest_route=\/wp\/v2\/product\/13683\/revisions\/13685"}],"wp:featuredmedia":[{"embeddable":true,"href":"https:\/\/baralivres.ma\/index.php?rest_route=\/wp\/v2\/media\/13684"}],"wp:attachment":[{"href":"https:\/\/baralivres.ma\/index.php?rest_route=%2Fwp%2Fv2%2Fmedia&parent=13683"}],"wp:term":[{"taxonomy":"product_cat","embeddable":true,"href":"https:\/\/baralivres.ma\/index.php?rest_route=%2Fwp%2Fv2%2Fproduct_cat&post=13683"},{"taxonomy":"product_tag","embeddable":true,"href":"https:\/\/baralivres.ma\/index.php?rest_route=%2Fwp%2Fv2%2Fproduct_tag&post=13683"}],"curies":[{"name":"wp","href":"https:\/\/api.w.org\/{rel}","templated":true}]}}