{"id":13671,"date":"2023-10-24T11:55:20","date_gmt":"2023-10-24T10:55:20","guid":{"rendered":"https:\/\/baralivres.ma\/?post_type=product&#038;p=13671"},"modified":"2023-10-24T11:55:20","modified_gmt":"2023-10-24T10:55:20","slug":"circe","status":"publish","type":"product","link":"https:\/\/baralivres.ma\/?product=circe","title":{"rendered":"Circ\u00e9"},"content":{"rendered":"<p>Circ\u00e9, une nymphe issue de l&rsquo;union d&rsquo;un dieu et d&rsquo;une mortelle, se distingue par son caract\u00e8re unique, qualifi\u00e9 de \u00ab\u00a0sorci\u00e8re\u00a0\u00bb en raison de sa propension \u00e0 modifier la r\u00e9alit\u00e9, et d'\u00a0\u00bbhumaine\u00a0\u00bb en raison de sa sensibilit\u00e9. L&rsquo;exil\u00e9e sur une \u00eele d\u00e9serte, \u00e0 la mani\u00e8re de Prom\u00e9th\u00e9e, n&rsquo;a-t-elle pas, en r\u00e9alit\u00e9, re\u00e7u une opportunit\u00e9 de choix pour d\u00e9finir son identit\u00e9 ? En tant que demi-d\u00e9esse, elle embrasse pleinement sa f\u00e9minit\u00e9, incarnant une figure puissante, libre, et amoureuse.<\/p>\n","protected":false},"excerpt":{"rendered":"<p>Circ\u00e9, nymphe au caract\u00e8re unique, trouve sa v\u00e9ritable identit\u00e9 sur une \u00eele d\u00e9serte, devenant une figure puissante et amoureuse.<\/p>\n","protected":false},"featured_media":13672,"comment_status":"open","ping_status":"closed","template":"","meta":{"inline_featured_image":false},"product_cat":[204],"product_tag":[],"class_list":{"0":"post-13671","1":"product","2":"type-product","3":"status-publish","4":"has-post-thumbnail","6":"product_cat-francais","7":"pa_auteurs-madeline-miller","9":"first","10":"instock","11":"shipping-taxable","12":"purchasable","13":"product-type-simple"},"_links":{"self":[{"href":"https:\/\/baralivres.ma\/index.php?rest_route=\/wp\/v2\/product\/13671","targetHints":{"allow":["GET"]}}],"collection":[{"href":"https:\/\/baralivres.ma\/index.php?rest_route=\/wp\/v2\/product"}],"about":[{"href":"https:\/\/baralivres.ma\/index.php?rest_route=\/wp\/v2\/types\/product"}],"replies":[{"embeddable":true,"href":"https:\/\/baralivres.ma\/index.php?rest_route=%2Fwp%2Fv2%2Fcomments&post=13671"}],"version-history":[{"count":1,"href":"https:\/\/baralivres.ma\/index.php?rest_route=\/wp\/v2\/product\/13671\/revisions"}],"predecessor-version":[{"id":13673,"href":"https:\/\/baralivres.ma\/index.php?rest_route=\/wp\/v2\/product\/13671\/revisions\/13673"}],"wp:featuredmedia":[{"embeddable":true,"href":"https:\/\/baralivres.ma\/index.php?rest_route=\/wp\/v2\/media\/13672"}],"wp:attachment":[{"href":"https:\/\/baralivres.ma\/index.php?rest_route=%2Fwp%2Fv2%2Fmedia&parent=13671"}],"wp:term":[{"taxonomy":"product_cat","embeddable":true,"href":"https:\/\/baralivres.ma\/index.php?rest_route=%2Fwp%2Fv2%2Fproduct_cat&post=13671"},{"taxonomy":"product_tag","embeddable":true,"href":"https:\/\/baralivres.ma\/index.php?rest_route=%2Fwp%2Fv2%2Fproduct_tag&post=13671"}],"curies":[{"name":"wp","href":"https:\/\/api.w.org\/{rel}","templated":true}]}}