{"id":13666,"date":"2023-10-24T11:51:43","date_gmt":"2023-10-24T10:51:43","guid":{"rendered":"https:\/\/baralivres.ma\/?post_type=product&#038;p=13666"},"modified":"2023-10-24T11:51:44","modified_gmt":"2023-10-24T10:51:44","slug":"le-chant-dachille","status":"publish","type":"product","link":"https:\/\/baralivres.ma\/?product=le-chant-dachille","title":{"rendered":"Le Chant d&rsquo;Achille"},"content":{"rendered":"<p>Au c\u0153ur de la guerre de Troie, l&rsquo;histoire passionn\u00e9e et tragique d&rsquo;Achille et Patrocle d\u00e9bute dans leur enfance, o\u00f9 Patrocle est ch\u00e9tif et gauche, tandis qu&rsquo;Achille brille de puissance et de solaire destin\u00e9e, \u00e9tablissant un lien unique entre ces deux \u00e2mes si diff\u00e9rentes. Alors qu&rsquo;ils grandissent ensemble, leur participation au si\u00e8ge de Troie sous l&rsquo;appel d&rsquo;Agamemnon met en jeu la sagesse de l&rsquo;un et la col\u00e8re de l&rsquo;autre, potentiellement influen\u00e7ant le cours de la guerre, d\u00e9fiant m\u00eame les pr\u00e9dictions de l&rsquo;Olympe et de ses oracles.<\/p>\n","protected":false},"excerpt":{"rendered":"<p>L&rsquo;histoire d&rsquo;Achille et Patrocle, de leur enfance \u00e0 leur implication dans la guerre de Troie, o\u00f9 leurs diff\u00e9rences pourraient influencer le destin de la guerre et d\u00e9fier les dieux.<\/p>\n","protected":false},"featured_media":13669,"comment_status":"open","ping_status":"closed","template":"","meta":{"inline_featured_image":false},"product_cat":[204,143,178],"product_tag":[],"class_list":{"0":"post-13666","1":"product","2":"type-product","3":"status-publish","4":"has-post-thumbnail","6":"product_cat-francais","7":"product_cat-roman","8":"product_cat-contemporain","9":"pa_auteurs-madeline-miller","11":"first","12":"instock","13":"shipping-taxable","14":"purchasable","15":"product-type-simple"},"_links":{"self":[{"href":"https:\/\/baralivres.ma\/index.php?rest_route=\/wp\/v2\/product\/13666","targetHints":{"allow":["GET"]}}],"collection":[{"href":"https:\/\/baralivres.ma\/index.php?rest_route=\/wp\/v2\/product"}],"about":[{"href":"https:\/\/baralivres.ma\/index.php?rest_route=\/wp\/v2\/types\/product"}],"replies":[{"embeddable":true,"href":"https:\/\/baralivres.ma\/index.php?rest_route=%2Fwp%2Fv2%2Fcomments&post=13666"}],"version-history":[{"count":1,"href":"https:\/\/baralivres.ma\/index.php?rest_route=\/wp\/v2\/product\/13666\/revisions"}],"predecessor-version":[{"id":13670,"href":"https:\/\/baralivres.ma\/index.php?rest_route=\/wp\/v2\/product\/13666\/revisions\/13670"}],"wp:featuredmedia":[{"embeddable":true,"href":"https:\/\/baralivres.ma\/index.php?rest_route=\/wp\/v2\/media\/13669"}],"wp:attachment":[{"href":"https:\/\/baralivres.ma\/index.php?rest_route=%2Fwp%2Fv2%2Fmedia&parent=13666"}],"wp:term":[{"taxonomy":"product_cat","embeddable":true,"href":"https:\/\/baralivres.ma\/index.php?rest_route=%2Fwp%2Fv2%2Fproduct_cat&post=13666"},{"taxonomy":"product_tag","embeddable":true,"href":"https:\/\/baralivres.ma\/index.php?rest_route=%2Fwp%2Fv2%2Fproduct_tag&post=13666"}],"curies":[{"name":"wp","href":"https:\/\/api.w.org\/{rel}","templated":true}]}}