{"id":13661,"date":"2023-10-24T11:47:02","date_gmt":"2023-10-24T10:47:02","guid":{"rendered":"https:\/\/baralivres.ma\/?post_type=product&#038;p=13661"},"modified":"2023-10-24T11:47:02","modified_gmt":"2023-10-24T10:47:02","slug":"disparition","status":"publish","type":"product","link":"https:\/\/baralivres.ma\/?product=disparition","title":{"rendered":"DISPARITION"},"content":{"rendered":"<p>Le 31 juillet 2018, durant une canicule \u00e9crasante \u00e0 Paris, C\u00e9lia et Maxime se retrouvent dans un train de la ligne 1, cherchant un peu de r\u00e9pit dans la climatisation, mais leur soir\u00e9e bascule lorsque le syst\u00e8me d&rsquo;urgence les immobilise entre deux stations. Apr\u00e8s une \u00e9vacuation chaotique, C\u00e9lia dispara\u00eet myst\u00e9rieusement, incitant Maxime \u00e0 se lancer dans une qu\u00eate effr\u00e9n\u00e9e pour la retrouver, plongeant ainsi dans un jeu de piste aux r\u00e8gles impitoyables.<\/p>\n","protected":false},"excerpt":{"rendered":"<p>Apr\u00e8s la disparition inexplicable de C\u00e9lia dans le m\u00e9tro parisien lors d&rsquo;une canicule, Maxime entame une qu\u00eate d\u00e9sesp\u00e9r\u00e9e pour la retrouver.<\/p>\n","protected":false},"featured_media":13664,"comment_status":"open","ping_status":"closed","template":"","meta":{"inline_featured_image":false},"product_cat":[204,143,187],"product_tag":[],"class_list":{"0":"post-13661","1":"product","2":"type-product","3":"status-publish","4":"has-post-thumbnail","6":"product_cat-francais","7":"product_cat-roman","8":"product_cat-thriller","9":"pa_auteurs-nicolas-nutten","11":"first","12":"instock","13":"shipping-taxable","14":"purchasable","15":"product-type-simple"},"_links":{"self":[{"href":"https:\/\/baralivres.ma\/index.php?rest_route=\/wp\/v2\/product\/13661","targetHints":{"allow":["GET"]}}],"collection":[{"href":"https:\/\/baralivres.ma\/index.php?rest_route=\/wp\/v2\/product"}],"about":[{"href":"https:\/\/baralivres.ma\/index.php?rest_route=\/wp\/v2\/types\/product"}],"replies":[{"embeddable":true,"href":"https:\/\/baralivres.ma\/index.php?rest_route=%2Fwp%2Fv2%2Fcomments&post=13661"}],"version-history":[{"count":1,"href":"https:\/\/baralivres.ma\/index.php?rest_route=\/wp\/v2\/product\/13661\/revisions"}],"predecessor-version":[{"id":13665,"href":"https:\/\/baralivres.ma\/index.php?rest_route=\/wp\/v2\/product\/13661\/revisions\/13665"}],"wp:featuredmedia":[{"embeddable":true,"href":"https:\/\/baralivres.ma\/index.php?rest_route=\/wp\/v2\/media\/13664"}],"wp:attachment":[{"href":"https:\/\/baralivres.ma\/index.php?rest_route=%2Fwp%2Fv2%2Fmedia&parent=13661"}],"wp:term":[{"taxonomy":"product_cat","embeddable":true,"href":"https:\/\/baralivres.ma\/index.php?rest_route=%2Fwp%2Fv2%2Fproduct_cat&post=13661"},{"taxonomy":"product_tag","embeddable":true,"href":"https:\/\/baralivres.ma\/index.php?rest_route=%2Fwp%2Fv2%2Fproduct_tag&post=13661"}],"curies":[{"name":"wp","href":"https:\/\/api.w.org\/{rel}","templated":true}]}}