{"id":13658,"date":"2023-10-24T11:43:06","date_gmt":"2023-10-24T10:43:06","guid":{"rendered":"https:\/\/baralivres.ma\/?post_type=product&#038;p=13658"},"modified":"2023-10-24T11:43:06","modified_gmt":"2023-10-24T10:43:06","slug":"un-homme-debout","status":"publish","type":"product","link":"https:\/\/baralivres.ma\/?product=un-homme-debout","title":{"rendered":"Un homme debout"},"content":{"rendered":"<p>Franck Lopvet propose une perspective profonde et r\u00e9volutionnaire sur la lib\u00e9ration personnelle. Au lieu de chercher \u00e0 contr\u00f4ler notre vie de mani\u00e8re excessive, il encourage \u00e0 vivre pleinement notre existence en reconnaissant nos ressentis, une approche qui peut conduire \u00e0 devenir l&rsquo;architecte de notre propre exp\u00e9rience et \u00e0 trouver une libert\u00e9 authentique.<\/p>\n","protected":false},"excerpt":{"rendered":"<p>Franck Lopvet invite \u00e0 vivre pleinement et \u00e0 reconna\u00eetre nos ressentis pour trouver la v\u00e9ritable libert\u00e9.<\/p>\n","protected":false},"featured_media":13659,"comment_status":"open","ping_status":"closed","template":"","meta":{"inline_featured_image":false},"product_cat":[204],"product_tag":[],"class_list":{"0":"post-13658","1":"product","2":"type-product","3":"status-publish","4":"has-post-thumbnail","6":"product_cat-francais","7":"pa_auteurs-franck-lopvet","9":"first","10":"instock","11":"shipping-taxable","12":"purchasable","13":"product-type-simple"},"_links":{"self":[{"href":"https:\/\/baralivres.ma\/index.php?rest_route=\/wp\/v2\/product\/13658","targetHints":{"allow":["GET"]}}],"collection":[{"href":"https:\/\/baralivres.ma\/index.php?rest_route=\/wp\/v2\/product"}],"about":[{"href":"https:\/\/baralivres.ma\/index.php?rest_route=\/wp\/v2\/types\/product"}],"replies":[{"embeddable":true,"href":"https:\/\/baralivres.ma\/index.php?rest_route=%2Fwp%2Fv2%2Fcomments&post=13658"}],"version-history":[{"count":1,"href":"https:\/\/baralivres.ma\/index.php?rest_route=\/wp\/v2\/product\/13658\/revisions"}],"predecessor-version":[{"id":13660,"href":"https:\/\/baralivres.ma\/index.php?rest_route=\/wp\/v2\/product\/13658\/revisions\/13660"}],"wp:featuredmedia":[{"embeddable":true,"href":"https:\/\/baralivres.ma\/index.php?rest_route=\/wp\/v2\/media\/13659"}],"wp:attachment":[{"href":"https:\/\/baralivres.ma\/index.php?rest_route=%2Fwp%2Fv2%2Fmedia&parent=13658"}],"wp:term":[{"taxonomy":"product_cat","embeddable":true,"href":"https:\/\/baralivres.ma\/index.php?rest_route=%2Fwp%2Fv2%2Fproduct_cat&post=13658"},{"taxonomy":"product_tag","embeddable":true,"href":"https:\/\/baralivres.ma\/index.php?rest_route=%2Fwp%2Fv2%2Fproduct_tag&post=13658"}],"curies":[{"name":"wp","href":"https:\/\/api.w.org\/{rel}","templated":true}]}}