{"id":13655,"date":"2023-10-24T11:44:55","date_gmt":"2023-10-24T10:44:55","guid":{"rendered":"https:\/\/baralivres.ma\/?post_type=product&#038;p=13655"},"modified":"2023-10-24T11:44:56","modified_gmt":"2023-10-24T10:44:56","slug":"labyrinthes","status":"publish","type":"product","link":"https:\/\/baralivres.ma\/?product=labyrinthes","title":{"rendered":"Labyrinthes"},"content":{"rendered":"<p>L&rsquo;oubli comme seul t\u00e9moin&#8230; Une enqu\u00eate qui se transforme en un d\u00e9dale de myst\u00e8res. Dans un chalet, une sc\u00e8ne de pure folie se d\u00e9voile, avec une victime dont le visage a \u00e9t\u00e9 brutalement d\u00e9figur\u00e9 \u00e0 coups de tisonnier. La seule suspecte pr\u00e9sente une \u00e9nigmatique amn\u00e9sie.<\/p>\n<p>Camille Nijinski, charg\u00e9e de l&rsquo;enqu\u00eate, s&rsquo;efforce de comprendre cette soudaine perte de m\u00e9moire. Cependant, lors de ses entretiens avec un psychiatre, elle d\u00e9couvre bien plus que ce \u00e0 quoi elle s&rsquo;attendait. Avant de tout oublier, la patiente lui a confi\u00e9 son histoire, une narration longue et complexe. C&rsquo;est sans doute la plus extraordinaire histoire que Camille entendra au cours de toute sa carri\u00e8re.<\/p>\n","protected":false},"excerpt":{"rendered":"<p>Enqu\u00eate complexe sur amn\u00e9sie apr\u00e8s sc\u00e8ne chalet, d\u00e9voilant histoire extraordinaire aupr\u00e8s de Camille Nijinski.<\/p>\n","protected":false},"featured_media":13662,"comment_status":"open","ping_status":"closed","template":"","meta":{"inline_featured_image":false},"product_cat":[204,143],"product_tag":[],"class_list":{"0":"post-13655","1":"product","2":"type-product","3":"status-publish","4":"has-post-thumbnail","6":"product_cat-francais","7":"product_cat-roman","8":"pa_auteurs-franck-thilliez","10":"first","11":"instock","12":"shipping-taxable","13":"purchasable","14":"product-type-simple"},"_links":{"self":[{"href":"https:\/\/baralivres.ma\/index.php?rest_route=\/wp\/v2\/product\/13655","targetHints":{"allow":["GET"]}}],"collection":[{"href":"https:\/\/baralivres.ma\/index.php?rest_route=\/wp\/v2\/product"}],"about":[{"href":"https:\/\/baralivres.ma\/index.php?rest_route=\/wp\/v2\/types\/product"}],"replies":[{"embeddable":true,"href":"https:\/\/baralivres.ma\/index.php?rest_route=%2Fwp%2Fv2%2Fcomments&post=13655"}],"version-history":[{"count":1,"href":"https:\/\/baralivres.ma\/index.php?rest_route=\/wp\/v2\/product\/13655\/revisions"}],"predecessor-version":[{"id":13663,"href":"https:\/\/baralivres.ma\/index.php?rest_route=\/wp\/v2\/product\/13655\/revisions\/13663"}],"wp:featuredmedia":[{"embeddable":true,"href":"https:\/\/baralivres.ma\/index.php?rest_route=\/wp\/v2\/media\/13662"}],"wp:attachment":[{"href":"https:\/\/baralivres.ma\/index.php?rest_route=%2Fwp%2Fv2%2Fmedia&parent=13655"}],"wp:term":[{"taxonomy":"product_cat","embeddable":true,"href":"https:\/\/baralivres.ma\/index.php?rest_route=%2Fwp%2Fv2%2Fproduct_cat&post=13655"},{"taxonomy":"product_tag","embeddable":true,"href":"https:\/\/baralivres.ma\/index.php?rest_route=%2Fwp%2Fv2%2Fproduct_tag&post=13655"}],"curies":[{"name":"wp","href":"https:\/\/api.w.org\/{rel}","templated":true}]}}