{"id":13654,"date":"2023-10-24T11:32:39","date_gmt":"2023-10-24T10:32:39","guid":{"rendered":"https:\/\/baralivres.ma\/?post_type=product&#038;p=13654"},"modified":"2023-10-24T11:32:40","modified_gmt":"2023-10-24T10:32:40","slug":"la-promesse-de-loasis","status":"publish","type":"product","link":"https:\/\/baralivres.ma\/?product=la-promesse-de-loasis","title":{"rendered":"La Promesse de l&rsquo;oasis"},"content":{"rendered":"<p>En Alg\u00e9rie en 1954, lors de ses \u00e9tudes \u00e0 Alger, Daniel croise le chemin d&rsquo;Asma, d\u00e9clenchant une passion intense perturb\u00e9e par la guerre. En 2018 \u00e0 Paris, Nour d\u00e9couvre une lettre myst\u00e9rieuse portant le pr\u00e9nom A.S.M.A., celui de sa grand-m\u00e8re, alors que son grand-p\u00e8re est victime d&rsquo;un infarctus. Cette trouvaille l&rsquo;incite \u00e0 explorer un pass\u00e9 empreint de myst\u00e8res, de chaleur, de vents du d\u00e9sert et de secrets bien gard\u00e9s, cherchant \u00e0 \u00e9lucider le lien entre cette lettre et l&rsquo;\u00e9tat de sant\u00e9 de son grand-p\u00e8re.<\/p>\n","protected":false},"excerpt":{"rendered":"<p>La rencontre passionn\u00e9e de Daniel et Asma en Alg\u00e9rie en 1954 et la d\u00e9couverte d&rsquo;une lettre \u00e9nigmatique par Nour \u00e0 Paris en 2018 d\u00e9clenchent une qu\u00eate pour \u00e9lucider un pass\u00e9 obscur et ses cons\u00e9quences sur la sant\u00e9 de son grand-p\u00e8re.<\/p>\n","protected":false},"featured_media":13656,"comment_status":"open","ping_status":"closed","template":"","meta":{"inline_featured_image":false},"product_cat":[204,143,178],"product_tag":[],"class_list":{"0":"post-13654","1":"product","2":"type-product","3":"status-publish","4":"has-post-thumbnail","6":"product_cat-francais","7":"product_cat-roman","8":"product_cat-contemporain","9":"pa_auteurs-beatrice-courtot","11":"first","12":"instock","13":"shipping-taxable","14":"purchasable","15":"product-type-simple"},"_links":{"self":[{"href":"https:\/\/baralivres.ma\/index.php?rest_route=\/wp\/v2\/product\/13654","targetHints":{"allow":["GET"]}}],"collection":[{"href":"https:\/\/baralivres.ma\/index.php?rest_route=\/wp\/v2\/product"}],"about":[{"href":"https:\/\/baralivres.ma\/index.php?rest_route=\/wp\/v2\/types\/product"}],"replies":[{"embeddable":true,"href":"https:\/\/baralivres.ma\/index.php?rest_route=%2Fwp%2Fv2%2Fcomments&post=13654"}],"version-history":[{"count":1,"href":"https:\/\/baralivres.ma\/index.php?rest_route=\/wp\/v2\/product\/13654\/revisions"}],"predecessor-version":[{"id":13657,"href":"https:\/\/baralivres.ma\/index.php?rest_route=\/wp\/v2\/product\/13654\/revisions\/13657"}],"wp:featuredmedia":[{"embeddable":true,"href":"https:\/\/baralivres.ma\/index.php?rest_route=\/wp\/v2\/media\/13656"}],"wp:attachment":[{"href":"https:\/\/baralivres.ma\/index.php?rest_route=%2Fwp%2Fv2%2Fmedia&parent=13654"}],"wp:term":[{"taxonomy":"product_cat","embeddable":true,"href":"https:\/\/baralivres.ma\/index.php?rest_route=%2Fwp%2Fv2%2Fproduct_cat&post=13654"},{"taxonomy":"product_tag","embeddable":true,"href":"https:\/\/baralivres.ma\/index.php?rest_route=%2Fwp%2Fv2%2Fproduct_tag&post=13654"}],"curies":[{"name":"wp","href":"https:\/\/api.w.org\/{rel}","templated":true}]}}