{"id":13649,"date":"2023-10-24T11:28:44","date_gmt":"2023-10-24T10:28:44","guid":{"rendered":"https:\/\/baralivres.ma\/?post_type=product&#038;p=13649"},"modified":"2023-10-24T11:28:45","modified_gmt":"2023-10-24T10:28:45","slug":"de-la-part-de-la-princesse-morte","status":"publish","type":"product","link":"https:\/\/baralivres.ma\/?product=de-la-part-de-la-princesse-morte","title":{"rendered":"De la part de la princesse morte"},"content":{"rendered":"<p>En 1911, \u00e0 Istanbul, alors que l&rsquo;Empire ottoman vacille sur le fil du temps, na\u00eet la princesse Selma, petite-fille d&rsquo;un sultan. Son existence sera marqu\u00e9e par de br\u00e8ves p\u00e9riodes de faste au sein du palais, ainsi que par les intrigues du harem. Cependant, sa destin\u00e9e prend rapidement un tournant brutal, la pr\u00e9cipitant sur les chemins de l&rsquo;exil. Selma traversera d&rsquo;autres \u00e9poques tumultueuses, devenant tour \u00e0 tour reine ou esclave, go\u00fbtant \u00e0 la libert\u00e9 et \u00e0 l&rsquo;amour, et ce, du contexte des Indes imp\u00e9riales jusqu&rsquo;\u00e0 Paris sous la menace allemande. Aujourd&rsquo;hui, c&rsquo;est sa fille, Keniz\u00e9, qui nous livre le r\u00e9cit fascinant de sa vie, tel un ensemble de m\u00e9moires inachev\u00e9es, transmettant les exp\u00e9riences de la princesse disparue.<\/p>\n","protected":false},"excerpt":{"rendered":"<p>\u00c0 Istanbul en 1911, la princesse Selma du d\u00e9clinant Empire ottoman traverse des \u00e9preuves, de la splendeur du palais aux chemins de l&rsquo;exil, et sa fille Keniz\u00e9 raconte son extraordinaire destin.<\/p>\n","protected":false},"featured_media":13652,"comment_status":"open","ping_status":"closed","template":"","meta":{"inline_featured_image":false},"product_cat":[204,143,178],"product_tag":[],"class_list":{"0":"post-13649","1":"product","2":"type-product","3":"status-publish","4":"has-post-thumbnail","6":"product_cat-francais","7":"product_cat-roman","8":"product_cat-contemporain","9":"pa_auteurs-kenize-mourad","11":"first","12":"instock","13":"shipping-taxable","14":"purchasable","15":"product-type-simple"},"_links":{"self":[{"href":"https:\/\/baralivres.ma\/index.php?rest_route=\/wp\/v2\/product\/13649","targetHints":{"allow":["GET"]}}],"collection":[{"href":"https:\/\/baralivres.ma\/index.php?rest_route=\/wp\/v2\/product"}],"about":[{"href":"https:\/\/baralivres.ma\/index.php?rest_route=\/wp\/v2\/types\/product"}],"replies":[{"embeddable":true,"href":"https:\/\/baralivres.ma\/index.php?rest_route=%2Fwp%2Fv2%2Fcomments&post=13649"}],"version-history":[{"count":1,"href":"https:\/\/baralivres.ma\/index.php?rest_route=\/wp\/v2\/product\/13649\/revisions"}],"predecessor-version":[{"id":13653,"href":"https:\/\/baralivres.ma\/index.php?rest_route=\/wp\/v2\/product\/13649\/revisions\/13653"}],"wp:featuredmedia":[{"embeddable":true,"href":"https:\/\/baralivres.ma\/index.php?rest_route=\/wp\/v2\/media\/13652"}],"wp:attachment":[{"href":"https:\/\/baralivres.ma\/index.php?rest_route=%2Fwp%2Fv2%2Fmedia&parent=13649"}],"wp:term":[{"taxonomy":"product_cat","embeddable":true,"href":"https:\/\/baralivres.ma\/index.php?rest_route=%2Fwp%2Fv2%2Fproduct_cat&post=13649"},{"taxonomy":"product_tag","embeddable":true,"href":"https:\/\/baralivres.ma\/index.php?rest_route=%2Fwp%2Fv2%2Fproduct_tag&post=13649"}],"curies":[{"name":"wp","href":"https:\/\/api.w.org\/{rel}","templated":true}]}}