{"id":13648,"date":"2023-10-24T11:25:49","date_gmt":"2023-10-24T10:25:49","guid":{"rendered":"https:\/\/baralivres.ma\/?post_type=product&#038;p=13648"},"modified":"2023-10-24T11:25:50","modified_gmt":"2023-10-24T10:25:50","slug":"la-vallee","status":"publish","type":"product","link":"https:\/\/baralivres.ma\/?product=la-vallee","title":{"rendered":"La Vall\u00e9e"},"content":{"rendered":"<p>Une enqu\u00eate de Martin Servaz qui le ram\u00e8ne \u00e0 son pass\u00e9 tourment\u00e9, le plongeant dans une s\u00e9rie de meurtres aux sc\u00e8nes macabres et \u00e9labor\u00e9es, au c\u0153ur d&rsquo;une vall\u00e9e isol\u00e9e du reste du monde.<\/p>\n<p>\u00ab\u00a0Quelqu&rsquo;un joue \u00e0 \u00eatre un dieu&#8230;\u00a0\u00bb, murmure-t-il.<\/p>\n<p>Un cri de d\u00e9tresse au beau milieu de la nuit. Une vall\u00e9e isol\u00e9e du reste du monde. Une abbaye renfermant des secrets insondables. Une for\u00eat empreinte de myst\u00e8re. Une s\u00e9rie de meurtres horribles. Une population terrifi\u00e9e cherchant \u00e0 rendre sa propre justice. Un corbeau qui formule des accusations. Une communaut\u00e9 au bord de l&rsquo;effondrement. C&rsquo;est le d\u00e9but d&rsquo;une nouvelle enqu\u00eate pour Martin Servaz.\u00a0\u00bb<\/p>\n","protected":false},"excerpt":{"rendered":"<p>Martin Servaz enqu\u00eate sur des meurtres macabres dans une vall\u00e9e isol\u00e9e, confrontant ses propres d\u00e9mons pass\u00e9s.<\/p>\n","protected":false},"featured_media":13650,"comment_status":"open","ping_status":"closed","template":"","meta":{"inline_featured_image":false},"product_cat":[204,143],"product_tag":[],"class_list":{"0":"post-13648","1":"product","2":"type-product","3":"status-publish","4":"has-post-thumbnail","6":"product_cat-francais","7":"product_cat-roman","8":"pa_auteurs-bernard-minier","10":"first","11":"instock","12":"shipping-taxable","13":"purchasable","14":"product-type-simple"},"_links":{"self":[{"href":"https:\/\/baralivres.ma\/index.php?rest_route=\/wp\/v2\/product\/13648","targetHints":{"allow":["GET"]}}],"collection":[{"href":"https:\/\/baralivres.ma\/index.php?rest_route=\/wp\/v2\/product"}],"about":[{"href":"https:\/\/baralivres.ma\/index.php?rest_route=\/wp\/v2\/types\/product"}],"replies":[{"embeddable":true,"href":"https:\/\/baralivres.ma\/index.php?rest_route=%2Fwp%2Fv2%2Fcomments&post=13648"}],"version-history":[{"count":1,"href":"https:\/\/baralivres.ma\/index.php?rest_route=\/wp\/v2\/product\/13648\/revisions"}],"predecessor-version":[{"id":13651,"href":"https:\/\/baralivres.ma\/index.php?rest_route=\/wp\/v2\/product\/13648\/revisions\/13651"}],"wp:featuredmedia":[{"embeddable":true,"href":"https:\/\/baralivres.ma\/index.php?rest_route=\/wp\/v2\/media\/13650"}],"wp:attachment":[{"href":"https:\/\/baralivres.ma\/index.php?rest_route=%2Fwp%2Fv2%2Fmedia&parent=13648"}],"wp:term":[{"taxonomy":"product_cat","embeddable":true,"href":"https:\/\/baralivres.ma\/index.php?rest_route=%2Fwp%2Fv2%2Fproduct_cat&post=13648"},{"taxonomy":"product_tag","embeddable":true,"href":"https:\/\/baralivres.ma\/index.php?rest_route=%2Fwp%2Fv2%2Fproduct_tag&post=13648"}],"curies":[{"name":"wp","href":"https:\/\/api.w.org\/{rel}","templated":true}]}}